{"id":31762,"date":"2026-03-04T11:13:30","date_gmt":"2026-03-04T09:13:30","guid":{"rendered":"https:\/\/toolhouse.fi\/?post_type=product&#038;p=31762"},"modified":"2026-03-04T11:29:56","modified_gmt":"2026-03-04T09:29:56","slug":"puslan-vaihtotyokalu-ford-volvo-mazda","status":"publish","type":"product","link":"https:\/\/toolhouse.fi\/fi\/tuote\/puslan-vaihtotyokalu-ford-volvo-mazda\/","title":{"rendered":"Puslan vaihtoty\u00f6kalu Ford, Volvo, Mazda"},"content":{"rendered":"","protected":false},"excerpt":{"rendered":"<p data-start=\"0\" data-end=\"199\">Laadukas ty\u00f6kalusarja taka-akselin tukivarren puslien nopeaan, turvalliseen ja tehokkaaseen irrotukseen ja asennukseen. \u00c4lyk\u00e4s rakenne mahdollistaa puslien vaihdon ilman koko tukivarren irrottamista.<\/p>\n<p data-start=\"201\" data-end=\"225\"><strong data-start=\"201\" data-end=\"225\">Yhteensopivat mallit<\/strong><\/p>\n<p data-start=\"227\" data-end=\"235\"><strong data-start=\"227\" data-end=\"235\">Ford<\/strong><\/p>\n<ul>\n<li data-start=\"238\" data-end=\"261\">Focus MK1 (1998\u20132007)<\/li>\n<li data-start=\"264\" data-end=\"287\">Focus MK2 (2004\u20132012)<\/li>\n<li data-start=\"290\" data-end=\"305\">C-Max (2007\u2013)<\/li>\n<li data-start=\"308\" data-end=\"324\">Kuga MK1 (2008\u2013)<\/li>\n<\/ul>\n<p data-start=\"326\" data-end=\"335\"><strong data-start=\"326\" data-end=\"335\">Mazda<\/strong><\/p>\n<ul>\n<li data-start=\"338\" data-end=\"371\">3 Sedan \/ Hatchback (2003\u20132008)<\/li>\n<li data-start=\"374\" data-end=\"403\">5 CR \/ CW \/ MPV (alkaen 2005)<\/li>\n<\/ul>\n<p data-start=\"405\" data-end=\"414\"><strong data-start=\"405\" data-end=\"414\">Volvo<\/strong><\/p>\n<ul>\n<li>V50 (2004\u20132012)<\/li>\n<li>S40 (2003\u20132012)<\/li>\n<li data-end=\"1945\" data-start=\"1928\">C30 (2006\u20132012)<\/li>\n<li data-end=\"1968\" data-start=\"1948\">C70 II (2006\u20132013)<\/li>\n<\/ul>\n<p>Valmistaja: Geko<\/p>\n","protected":false},"featured_media":31767,"template":"","meta":{"_acf_changed":false,"_seopress_robots_primary_cat":"","_seopress_titles_title":"","_seopress_titles_desc":"","_seopress_robots_index":""},"product_cat":[481,339,40],"product_tag":[],"class_list":{"0":"post-31762","1":"product","2":"type-product","3":"status-publish","4":"has-post-thumbnail","6":"product_cat-alusta-ja-voimansiirtotyokalut","7":"product_cat-autotyokalut","8":"product_cat-korjaamolaitteet","10":"first","11":"instock","12":"taxable","13":"shipping-taxable","14":"purchasable","15":"product-type-simple","swatches":"rey-swatches","show_selected":""},"acf":[],"_links":{"self":[{"href":"https:\/\/toolhouse.fi\/fi\/wp-json\/wp\/v2\/product\/31762","targetHints":{"allow":["GET"]}}],"collection":[{"href":"https:\/\/toolhouse.fi\/fi\/wp-json\/wp\/v2\/product"}],"about":[{"href":"https:\/\/toolhouse.fi\/fi\/wp-json\/wp\/v2\/types\/product"}],"version-history":[{"count":1,"href":"https:\/\/toolhouse.fi\/fi\/wp-json\/wp\/v2\/product\/31762\/revisions"}],"predecessor-version":[{"id":31765,"href":"https:\/\/toolhouse.fi\/fi\/wp-json\/wp\/v2\/product\/31762\/revisions\/31765"}],"wp:featuredmedia":[{"embeddable":true,"href":"https:\/\/toolhouse.fi\/fi\/wp-json\/wp\/v2\/media\/31767"}],"wp:attachment":[{"href":"https:\/\/toolhouse.fi\/fi\/wp-json\/wp\/v2\/media?parent=31762"}],"wp:term":[{"taxonomy":"product_cat","embeddable":true,"href":"https:\/\/toolhouse.fi\/fi\/wp-json\/wp\/v2\/product_cat?post=31762"},{"taxonomy":"product_tag","embeddable":true,"href":"https:\/\/toolhouse.fi\/fi\/wp-json\/wp\/v2\/product_tag?post=31762"}],"curies":[{"name":"wp","href":"https:\/\/api.w.org\/{rel}","templated":true}]}}