{"id":31781,"date":"2026-03-04T14:43:35","date_gmt":"2026-03-04T12:43:35","guid":{"rendered":"https:\/\/toolhouse.fi\/?post_type=product&#038;p=31781"},"modified":"2026-03-04T15:25:14","modified_gmt":"2026-03-04T13:25:14","slug":"tuurnapuristin-2000kg","status":"publish","type":"product","link":"https:\/\/toolhouse.fi\/fi\/tuote\/tuurnapuristin-2000kg\/","title":{"rendered":"Tuurnapuristin 2000kg"},"content":{"rendered":"","protected":false},"excerpt":{"rendered":"<p data-start=\"67\" data-end=\"226\">K\u00e4sipuristin \u2013 soveltuu esimerkiksi laakereiden ja holkkien sis\u00e4\u00e4npainamiseen ja ulosvet\u00e4miseen.<\/p>\n<ul>\n<li data-start=\"272\" data-end=\"307\">Puristusalusta, jossa nelj\u00e4 lovia<\/li>\n<li>Hiotut hampaat takaavat tarkan toiminnan<\/li>\n<li data-start=\"310\" data-end=\"392\">Runko valmistettu korkealaatuisesta valuraudasta, hammastanko ja -py\u00f6r\u00e4 ter\u00e4st\u00e4<\/li>\n<\/ul>\n<p data-start=\"394\" data-end=\"415\"><strong data-start=\"394\" data-end=\"413\">Tekniset tiedot<\/strong><\/p>\n<ul>\n<li>Puristusvoima: 2 tonnia<\/li>\n<li>Hammastanko: 30 x 30 x 325 mm<\/li>\n<li data-pm-slice=\"1 1 []\">Tuurnan kiinnitysreik\u00e4 hammastangon p\u00e4\u00e4ss\u00e4: 12 mm<\/li>\n<li>Iskun pituus: 218 mm<\/li>\n<li>Alustan mitat: 400 x 165 mm<\/li>\n<li>Alustan korkeus: 75 mm<\/li>\n<li>Korkeus: 430 mm<\/li>\n<li>Maksimikorkeus: 590 mm<\/li>\n<li>Kitakorkeus: 190 \/ 212 mm<\/li>\n<li>Kitasyvyys: 140 mm<\/li>\n<li>Alustan loven leveys: 52 mm<\/li>\n<li>Puristusalusta: 165 x 22 mm<\/li>\n<li>Lovet puristusalustassa: 23, 28, 38, 52 mm<\/li>\n<li>Paino: 28 kg<\/li>\n<li>Valmistaja: Geko<\/li>\n<\/ul>\n","protected":false},"featured_media":31786,"template":"","meta":{"_acf_changed":false,"_seopress_robots_primary_cat":"none","_seopress_titles_title":"","_seopress_titles_desc":"","_seopress_robots_index":""},"product_cat":[138,620,40],"product_tag":[],"class_list":{"0":"post-31781","1":"product","2":"type-product","3":"status-publish","4":"has-post-thumbnail","6":"product_cat-hydrauliprassit","7":"product_cat-prassit","8":"product_cat-korjaamolaitteet","10":"first","11":"instock","12":"taxable","13":"shipping-taxable","14":"purchasable","15":"product-type-simple","swatches":"rey-swatches","show_selected":""},"acf":[],"_links":{"self":[{"href":"https:\/\/toolhouse.fi\/fi\/wp-json\/wp\/v2\/product\/31781","targetHints":{"allow":["GET"]}}],"collection":[{"href":"https:\/\/toolhouse.fi\/fi\/wp-json\/wp\/v2\/product"}],"about":[{"href":"https:\/\/toolhouse.fi\/fi\/wp-json\/wp\/v2\/types\/product"}],"version-history":[{"count":2,"href":"https:\/\/toolhouse.fi\/fi\/wp-json\/wp\/v2\/product\/31781\/revisions"}],"predecessor-version":[{"id":31795,"href":"https:\/\/toolhouse.fi\/fi\/wp-json\/wp\/v2\/product\/31781\/revisions\/31795"}],"wp:featuredmedia":[{"embeddable":true,"href":"https:\/\/toolhouse.fi\/fi\/wp-json\/wp\/v2\/media\/31786"}],"wp:attachment":[{"href":"https:\/\/toolhouse.fi\/fi\/wp-json\/wp\/v2\/media?parent=31781"}],"wp:term":[{"taxonomy":"product_cat","embeddable":true,"href":"https:\/\/toolhouse.fi\/fi\/wp-json\/wp\/v2\/product_cat?post=31781"},{"taxonomy":"product_tag","embeddable":true,"href":"https:\/\/toolhouse.fi\/fi\/wp-json\/wp\/v2\/product_tag?post=31781"}],"curies":[{"name":"wp","href":"https:\/\/api.w.org\/{rel}","templated":true}]}}