{"id":31801,"date":"2026-03-04T15:53:57","date_gmt":"2026-03-04T13:53:57","guid":{"rendered":"https:\/\/toolhouse.fi\/?post_type=product&#038;p=31801"},"modified":"2026-03-04T17:04:58","modified_gmt":"2026-03-04T15:04:58","slug":"ilmastointikompressorin-kytkimen-tyokalusarja","status":"publish","type":"product","link":"https:\/\/toolhouse.fi\/fi\/tuote\/ilmastointikompressorin-kytkimen-tyokalusarja\/","title":{"rendered":"Ilmastointikompressorin kytkimen ty\u00f6kalusarja"},"content":{"rendered":"","protected":false},"excerpt":{"rendered":"<p data-start=\"46\" data-end=\"94\"><strong data-start=\"46\" data-end=\"92\">Ilmastointikompressorin kytkimen ulosvedin ja asennusty\u00f6kalu<\/strong><\/p>\n<p data-start=\"96\" data-end=\"165\">Sarjaa k\u00e4ytet\u00e4\u00e4n muun muassa seuraavissa kompressoreissa:<\/p>\n<ul>\n<li data-start=\"169\" data-end=\"221\">Ford Fs6, C171, 6P ja 148,<\/li>\n<li data-start=\"169\" data-end=\"221\">GM \/ Delphi \/ Harrison R4 ja A6, Hr6, DA-6 ja V5<\/li>\n<li data-start=\"224\" data-end=\"272\">Sanden SD 505, 507, 510, 575, 708, 709<\/li>\n<li data-start=\"224\" data-end=\"272\">Nippon Denso 6P<\/li>\n<li data-start=\"224\" data-end=\"272\">Yleismallinen ulosvedin soveltuu suurimpaan osaan 2 ja 3 reik\u00e4isist\u00e4 kompressorikytkimist\u00e4.<\/li>\n<\/ul>\n<p data-start=\"274\" data-end=\"373\">Valmistaja: Geko<\/p>\n","protected":false},"featured_media":31809,"template":"","meta":{"_acf_changed":false,"_seopress_robots_primary_cat":"none","_seopress_titles_title":"","_seopress_titles_desc":"","_seopress_robots_index":""},"product_cat":[339,480,40],"product_tag":[],"class_list":{"0":"post-31801","1":"product","2":"type-product","3":"status-publish","4":"has-post-thumbnail","6":"product_cat-autotyokalut","7":"product_cat-moottorityokalut","8":"product_cat-korjaamolaitteet","10":"first","11":"instock","12":"taxable","13":"shipping-taxable","14":"purchasable","15":"product-type-simple","swatches":"rey-swatches","show_selected":""},"acf":[],"_links":{"self":[{"href":"https:\/\/toolhouse.fi\/fi\/wp-json\/wp\/v2\/product\/31801","targetHints":{"allow":["GET"]}}],"collection":[{"href":"https:\/\/toolhouse.fi\/fi\/wp-json\/wp\/v2\/product"}],"about":[{"href":"https:\/\/toolhouse.fi\/fi\/wp-json\/wp\/v2\/types\/product"}],"version-history":[{"count":4,"href":"https:\/\/toolhouse.fi\/fi\/wp-json\/wp\/v2\/product\/31801\/revisions"}],"predecessor-version":[{"id":31818,"href":"https:\/\/toolhouse.fi\/fi\/wp-json\/wp\/v2\/product\/31801\/revisions\/31818"}],"wp:featuredmedia":[{"embeddable":true,"href":"https:\/\/toolhouse.fi\/fi\/wp-json\/wp\/v2\/media\/31809"}],"wp:attachment":[{"href":"https:\/\/toolhouse.fi\/fi\/wp-json\/wp\/v2\/media?parent=31801"}],"wp:term":[{"taxonomy":"product_cat","embeddable":true,"href":"https:\/\/toolhouse.fi\/fi\/wp-json\/wp\/v2\/product_cat?post=31801"},{"taxonomy":"product_tag","embeddable":true,"href":"https:\/\/toolhouse.fi\/fi\/wp-json\/wp\/v2\/product_tag?post=31801"}],"curies":[{"name":"wp","href":"https:\/\/api.w.org\/{rel}","templated":true}]}}