{"id":31836,"date":"2026-03-04T17:50:48","date_gmt":"2026-03-04T15:50:48","guid":{"rendered":"https:\/\/toolhouse.fi\/?post_type=product&#038;p=31836"},"modified":"2026-03-04T17:57:21","modified_gmt":"2026-03-04T15:57:21","slug":"tvardy-peltisakset-vasen-300mm","status":"publish","type":"product","link":"https:\/\/toolhouse.fi\/fi\/tuote\/tvardy-peltisakset-vasen-300mm\/","title":{"rendered":"Tvardy peltisakset, vasen 300mm"},"content":{"rendered":"","protected":false},"excerpt":{"rendered":"<p data-start=\"59\" data-end=\"105\"><strong data-start=\"59\" data-end=\"103\">Tvardy Pelikan peltisakset, vasen 300 mm<\/strong><\/p>\n<p data-start=\"107\" data-end=\"410\">Tvardy Pelikan -vasenk\u00e4tiset peltisakset ovat ammattik\u00e4ytt\u00f6\u00f6n soveltuva ty\u00f6kalu, joka sopii erinomaisesti pellin tarkkaan leikkaamiseen eri muotoihin. Vankan rakenteensa ja ergonomisen muotoilunsa ansiosta sakset mahdollistavat mukavan ja tehokkaan ty\u00f6skentelyn v\u00e4h\u00e4isell\u00e4 voimank\u00e4yt\u00f6ll\u00e4.<\/p>\n<p data-start=\"412\" data-end=\"434\"><strong data-start=\"412\" data-end=\"432\">Tekniset tiedot:<\/strong><\/p>\n<ul>\n<li data-start=\"438\" data-end=\"458\">Valmistaja: Tvardy<\/li>\n<li data-start=\"461\" data-end=\"506\">Materiaali: CrV-ter\u00e4s (kromivanadiiniter\u00e4s)<\/li>\n<li data-start=\"509\" data-end=\"610\">Terien kovuus: 55\u201360 HRC \u2013 takaa pitk\u00e4kestoisen ter\u00e4vyyden ja erinomaisen kulutuskest\u00e4vyyden<\/li>\n<li data-start=\"613\" data-end=\"629\">Pituus: 300 mm<\/li>\n<li>Leikkuupituus: 68 mm<\/li>\n<li data-start=\"632\" data-end=\"660\">Tyyppi: Vasen<\/li>\n<li data-start=\"663\" data-end=\"686\">Kahvat: Liukumattomat<\/li>\n<li data-start=\"663\" data-end=\"686\">Paino: 0,85 kg<\/li>\n<\/ul>\n","protected":false},"featured_media":31846,"template":"","meta":{"_acf_changed":false,"_seopress_robots_primary_cat":"none","_seopress_titles_title":"","_seopress_titles_desc":"","_seopress_robots_index":""},"product_cat":[488,483,337,40],"product_tag":[],"class_list":{"0":"post-31836","1":"product","2":"type-product","3":"status-publish","4":"has-post-thumbnail","6":"product_cat-kasityokalut","7":"product_cat-korityokalut","8":"product_cat-tyokalut","9":"product_cat-korjaamolaitteet","11":"first","12":"instock","13":"taxable","14":"shipping-taxable","15":"purchasable","16":"product-type-simple","swatches":"rey-swatches","show_selected":""},"acf":[],"_links":{"self":[{"href":"https:\/\/toolhouse.fi\/fi\/wp-json\/wp\/v2\/product\/31836","targetHints":{"allow":["GET"]}}],"collection":[{"href":"https:\/\/toolhouse.fi\/fi\/wp-json\/wp\/v2\/product"}],"about":[{"href":"https:\/\/toolhouse.fi\/fi\/wp-json\/wp\/v2\/types\/product"}],"version-history":[{"count":1,"href":"https:\/\/toolhouse.fi\/fi\/wp-json\/wp\/v2\/product\/31836\/revisions"}],"predecessor-version":[{"id":31838,"href":"https:\/\/toolhouse.fi\/fi\/wp-json\/wp\/v2\/product\/31836\/revisions\/31838"}],"wp:featuredmedia":[{"embeddable":true,"href":"https:\/\/toolhouse.fi\/fi\/wp-json\/wp\/v2\/media\/31846"}],"wp:attachment":[{"href":"https:\/\/toolhouse.fi\/fi\/wp-json\/wp\/v2\/media?parent=31836"}],"wp:term":[{"taxonomy":"product_cat","embeddable":true,"href":"https:\/\/toolhouse.fi\/fi\/wp-json\/wp\/v2\/product_cat?post=31836"},{"taxonomy":"product_tag","embeddable":true,"href":"https:\/\/toolhouse.fi\/fi\/wp-json\/wp\/v2\/product_tag?post=31836"}],"curies":[{"name":"wp","href":"https:\/\/api.w.org\/{rel}","templated":true}]}}