{"id":31853,"date":"2026-03-05T16:18:19","date_gmt":"2026-03-05T14:18:19","guid":{"rendered":"https:\/\/toolhouse.fi\/?post_type=product&#038;p=31853"},"modified":"2026-03-05T16:59:08","modified_gmt":"2026-03-05T14:59:08","slug":"oljytulpan-avainsarja-3-8-23-osaa","status":"publish","type":"product","link":"https:\/\/toolhouse.fi\/fi\/tuote\/oljytulpan-avainsarja-3-8-23-osaa\/","title":{"rendered":"\u00d6ljytulpan avainsarja 3\/8&#8243; 23-osaa"},"content":{"rendered":"","protected":false},"excerpt":{"rendered":"<p data-start=\"54\" data-end=\"210\"><strong data-start=\"54\" data-end=\"208\">23-osainen 3\/8&#8243;-ty\u00f6kalusarja <\/strong>\u00f6ljytulppiin moottoreissa, vaihteistoissa ja taka-akseleissa. Valmistettu kest\u00e4v\u00e4st\u00e4 kromivanadiiniter\u00e4ksest\u00e4 (CrV).<\/p>\n<p data-start=\"212\" data-end=\"226\"><strong data-start=\"212\" data-end=\"224\">Sis\u00e4lt\u00f6:<\/strong><\/p>\n<ul>\n<li data-start=\"230\" data-end=\"252\">T-kahva 3\/8&#8243;, 165 mm<\/li>\n<li data-start=\"255\" data-end=\"279\">Jatkovarsi 3\/8&#8243;, 75 mm<\/li>\n<li data-start=\"282\" data-end=\"307\">Jatkovarsi 3\/8&#8243;, 150 mm<\/li>\n<li data-start=\"310\" data-end=\"337\">3-kulmainen: XT10 (10 mm)<\/li>\n<li data-start=\"340\" data-end=\"406\">4-kulmainen: S7, S8, S10, S11, S12, S13, S14 (mm), S5\/16&#8243;, S3\/8&#8243;<\/li>\n<li data-start=\"409\" data-end=\"466\">Kuusiokolo (HEX): H8, H9, H10, H12, H13, H14, H17 (mm)<\/li>\n<li data-start=\"469\" data-end=\"481\">Torx: XT45<\/li>\n<li data-start=\"484\" data-end=\"516\">12-kulmainen rei\u00e4ll\u00e4: M16 (mm)<\/li>\n<li data-start=\"519\" data-end=\"553\">Sis\u00e4inen nelikulma: XS10 (10 mm)<\/li>\n<\/ul>\n<div class=\"flex flex-col text-sm pb-25\">\n<article class=\"text-token-text-primary w-full focus:outline-none [--shadow-height:45px] has-data-writing-block:pointer-events-none has-data-writing-block:-mt-(--shadow-height) has-data-writing-block:pt-(--shadow-height) [&amp;:has([data-writing-block])&gt;*]:pointer-events-auto scroll-mt-[calc(var(--header-height)+min(200px,max(70px,20svh)))]\" dir=\"auto\" tabindex=\"-1\" data-turn-id=\"request-WEB:b96914b8-6d83-4f40-aa5d-360439a27f6b-19\" data-testid=\"conversation-turn-20\" data-scroll-anchor=\"true\" data-turn=\"assistant\">\n<div class=\"text-base my-auto mx-auto pb-10 [--thread-content-margin:--spacing(4)] @w-sm\/main:[--thread-content-margin:--spacing(6)] @w-lg\/main:[--thread-content-margin:--spacing(16)] px-(--thread-content-margin)\">\n<div class=\"[--thread-content-max-width:40rem] @w-lg\/main:[--thread-content-max-width:48rem] mx-auto max-w-(--thread-content-max-width) flex-1 group\/turn-messages focus-visible:outline-hidden relative flex w-full min-w-0 flex-col agent-turn\" tabindex=\"-1\">\n<div class=\"flex max-w-full flex-col grow\">\n<div class=\"min-h-8 text-message relative flex w-full flex-col items-end gap-2 text-start break-words whitespace-normal [.text-message+&amp;]:mt-1\" dir=\"auto\" data-message-author-role=\"assistant\" data-message-id=\"6e411dae-9ddc-4159-8b7b-6e4aa198d12b\" data-message-model-slug=\"gpt-5-mini\">\n<div class=\"flex w-full flex-col gap-1 empty:hidden first:pt-[1px]\">\n<div class=\"markdown prose dark:prose-invert w-full wrap-break-word light markdown-new-styling\">\n<p data-start=\"23\" data-end=\"67\" data-is-last-node=\"\" data-is-only-node=\"\"><strong data-start=\"23\" data-end=\"67\" data-is-last-node=\"\">Sopii muun muassa seuraaville merkeille:<\/strong><\/p>\n<\/div>\n<\/div>\n<\/div>\n<\/div>\n<\/div>\n<\/div>\n<\/article>\n<\/div>\n<ul>\n<li data-start=\"162\" data-end=\"168\">AUDI<\/li>\n<li data-start=\"171\" data-end=\"179\">AUSTIN<\/li>\n<li data-start=\"182\" data-end=\"187\">BMW<\/li>\n<li data-start=\"190\" data-end=\"199\">CITROEN<\/li>\n<li data-start=\"202\" data-end=\"208\">FIAT<\/li>\n<li data-start=\"211\" data-end=\"217\">FORD<\/li>\n<li data-start=\"220\" data-end=\"224\">GM<\/li>\n<li data-start=\"227\" data-end=\"234\">HONDA<\/li>\n<li data-start=\"237\" data-end=\"245\">LANCIA<\/li>\n<li data-start=\"248\" data-end=\"255\">MAZDA<\/li>\n<li data-start=\"258\" data-end=\"284\">MERCEDES-BENZ<\/li>\n<li data-start=\"287\" data-end=\"295\">NISSAN<\/li>\n<li data-start=\"298\" data-end=\"304\">OPEL<\/li>\n<li data-start=\"307\" data-end=\"316\">PEUGEOT<\/li>\n<li data-start=\"319\" data-end=\"328\">RENAULT<\/li>\n<li data-start=\"331\" data-end=\"337\">SAAB<\/li>\n<li data-start=\"340\" data-end=\"348\">SUBARU<\/li>\n<li data-start=\"351\" data-end=\"359\">TOYOTA<\/li>\n<li data-start=\"362\" data-end=\"367\">VAG<\/li>\n<li data-start=\"370\" data-end=\"377\">VOLVO<\/li>\n<li data-start=\"380\" data-end=\"384\">VW<\/li>\n<\/ul>\n<p data-start=\"555\" data-end=\"577\"><strong data-start=\"555\" data-end=\"570\">Valmistaja:<\/strong> Geko<\/p>\n","protected":false},"featured_media":31865,"template":"","meta":{"_acf_changed":false,"_seopress_robots_primary_cat":"none","_seopress_titles_title":"","_seopress_titles_desc":"","_seopress_robots_index":""},"product_cat":[339,487,480,341,337,40],"product_tag":[],"class_list":{"0":"post-31853","1":"product","2":"type-product","3":"status-publish","4":"has-post-thumbnail","6":"product_cat-autotyokalut","7":"product_cat-hylsytyokalut-vaantotyokalut","8":"product_cat-moottorityokalut","9":"product_cat-oljynvaihto","10":"product_cat-tyokalut","11":"product_cat-korjaamolaitteet","12":"product_shipping_class-tillbehor-790e","14":"first","15":"instock","16":"taxable","17":"shipping-taxable","18":"purchasable","19":"product-type-simple","swatches":"rey-swatches","show_selected":""},"acf":[],"_links":{"self":[{"href":"https:\/\/toolhouse.fi\/fi\/wp-json\/wp\/v2\/product\/31853","targetHints":{"allow":["GET"]}}],"collection":[{"href":"https:\/\/toolhouse.fi\/fi\/wp-json\/wp\/v2\/product"}],"about":[{"href":"https:\/\/toolhouse.fi\/fi\/wp-json\/wp\/v2\/types\/product"}],"version-history":[{"count":1,"href":"https:\/\/toolhouse.fi\/fi\/wp-json\/wp\/v2\/product\/31853\/revisions"}],"predecessor-version":[{"id":31857,"href":"https:\/\/toolhouse.fi\/fi\/wp-json\/wp\/v2\/product\/31853\/revisions\/31857"}],"wp:featuredmedia":[{"embeddable":true,"href":"https:\/\/toolhouse.fi\/fi\/wp-json\/wp\/v2\/media\/31865"}],"wp:attachment":[{"href":"https:\/\/toolhouse.fi\/fi\/wp-json\/wp\/v2\/media?parent=31853"}],"wp:term":[{"taxonomy":"product_cat","embeddable":true,"href":"https:\/\/toolhouse.fi\/fi\/wp-json\/wp\/v2\/product_cat?post=31853"},{"taxonomy":"product_tag","embeddable":true,"href":"https:\/\/toolhouse.fi\/fi\/wp-json\/wp\/v2\/product_tag?post=31853"}],"curies":[{"name":"wp","href":"https:\/\/api.w.org\/{rel}","templated":true}]}}