{"id":31943,"date":"2026-03-09T16:44:46","date_gmt":"2026-03-09T14:44:46","guid":{"rendered":"https:\/\/toolhouse.fi\/?post_type=product&#038;p=31943"},"modified":"2026-04-14T20:31:02","modified_gmt":"2026-04-14T17:31:02","slug":"ruuvien-ja-muttereiden-irrotussarja-26-osaa-geko","status":"publish","type":"product","link":"https:\/\/toolhouse.fi\/fi\/tuote\/ruuvien-ja-muttereiden-irrotussarja-26-osaa-geko\/","title":{"rendered":"Ruuvien ja muttereiden irrotussarja 26 osaa, Geko"},"content":{"rendered":"","protected":false},"excerpt":{"rendered":"<p data-start=\"0\" data-end=\"259\"><strong data-start=\"0\" data-end=\"55\">Geko 26-osainen irrotussarja<\/strong> on ty\u00f6kalu vaurioituneiden ja ruostuneiden pulttien, ruuvien ja muttereiden irrottamiseen. Sarja on valmistettu korkealaatuisesta kromimolybdeeniter\u00e4ksest\u00e4 (CrMo), joka takaa erinomaisen kest\u00e4vyyden.<\/p>\n<ul>\n<li data-start=\"261\" data-end=\"375\">26 osaa<\/li>\n<li data-start=\"261\" data-end=\"375\">Hylsyt 3\/8&#8243; kiinnityksell\u00e4<\/li>\n<li data-start=\"261\" data-end=\"375\">Valmistaja: Geko<\/li>\n<li data-start=\"261\" data-end=\"375\">Materiaali: CrMo-ter\u00e4s (kromimolybdeeni)<\/li>\n<\/ul>\n<h3 data-section-id=\"1ec44x1\" data-start=\"377\" data-end=\"388\">Sis\u00e4lt\u00f6<\/h3>\n<p data-start=\"390\" data-end=\"432\"><strong data-start=\"390\" data-end=\"432\">Mutterinhalkaisijat:<\/strong><\/p>\n<ul>\n<li data-start=\"435\" data-end=\"451\">Nr 2: 20 mm<\/li>\n<li data-start=\"454\" data-end=\"470\">Nr 3: 30 mm<\/li>\n<\/ul>\n<p data-start=\"472\" data-end=\"594\"><strong data-start=\"472\" data-end=\"503\">Leikkaavat hylsyt (13 kpl):<\/strong><br data-start=\"503\" data-end=\"506\" \/>1\/4&#8243;, 8 mm, 3\/8&#8243;, 10 mm, 11 mm, 1\/2&#8243;, 12 mm, 13 mm, 14 mm, 16 mm, 17 mm, 11\/16&#8243;, 19 mm<\/p>\n<p data-start=\"596\" data-end=\"662\"><strong data-start=\"596\" data-end=\"626\">Ruuvinulosvetimet (5 kpl):<\/strong><br data-start=\"626\" data-end=\"629\" \/>4 mm, 5 mm, 6,5 mm, 8 mm, 11 mm<\/p>\n<p data-start=\"664\" data-end=\"722\"><strong data-start=\"664\" data-end=\"687\">Poranter\u00e4t (5 kpl):<\/strong><br data-start=\"687\" data-end=\"690\" \/>2 mm, 3 mm, 4 mm, 6,3 mm, 7 mm<\/p>\n<p data-start=\"724\" data-end=\"748\" data-is-last-node=\"\" data-is-only-node=\"\"><strong data-start=\"724\" data-end=\"748\" data-is-last-node=\"\">3\/8&#8243; \u2013 1\/4&#8243; adapteri<\/strong><\/p>\n","protected":false},"featured_media":31949,"template":"","meta":{"_acf_changed":false,"_seopress_robots_primary_cat":"","_seopress_titles_title":"","_seopress_titles_desc":"","_seopress_robots_index":""},"product_cat":[487,337,40,486],"product_tag":[],"class_list":{"0":"post-31943","1":"product","2":"type-product","3":"status-publish","4":"has-post-thumbnail","6":"product_cat-hylsytyokalut-vaantotyokalut","7":"product_cat-tyokalut","8":"product_cat-korjaamolaitteet","9":"product_cat-ulosvetajat","11":"first","12":"instock","13":"taxable","14":"shipping-taxable","15":"purchasable","16":"product-type-simple","swatches":"rey-swatches","show_selected":""},"acf":[],"_links":{"self":[{"href":"https:\/\/toolhouse.fi\/fi\/wp-json\/wp\/v2\/product\/31943","targetHints":{"allow":["GET"]}}],"collection":[{"href":"https:\/\/toolhouse.fi\/fi\/wp-json\/wp\/v2\/product"}],"about":[{"href":"https:\/\/toolhouse.fi\/fi\/wp-json\/wp\/v2\/types\/product"}],"version-history":[{"count":1,"href":"https:\/\/toolhouse.fi\/fi\/wp-json\/wp\/v2\/product\/31943\/revisions"}],"predecessor-version":[{"id":31946,"href":"https:\/\/toolhouse.fi\/fi\/wp-json\/wp\/v2\/product\/31943\/revisions\/31946"}],"wp:featuredmedia":[{"embeddable":true,"href":"https:\/\/toolhouse.fi\/fi\/wp-json\/wp\/v2\/media\/31949"}],"wp:attachment":[{"href":"https:\/\/toolhouse.fi\/fi\/wp-json\/wp\/v2\/media?parent=31943"}],"wp:term":[{"taxonomy":"product_cat","embeddable":true,"href":"https:\/\/toolhouse.fi\/fi\/wp-json\/wp\/v2\/product_cat?post=31943"},{"taxonomy":"product_tag","embeddable":true,"href":"https:\/\/toolhouse.fi\/fi\/wp-json\/wp\/v2\/product_tag?post=31943"}],"curies":[{"name":"wp","href":"https:\/\/api.w.org\/{rel}","templated":true}]}}