{"id":31984,"date":"2026-03-13T15:03:27","date_gmt":"2026-03-13T13:03:27","guid":{"rendered":"https:\/\/toolhouse.fi\/?post_type=product&#038;p=31984"},"modified":"2026-03-13T15:10:13","modified_gmt":"2026-03-13T13:10:13","slug":"vetonivelen-pannan-kiristyspihdit","status":"publish","type":"product","link":"https:\/\/toolhouse.fi\/fi\/tuote\/vetonivelen-pannan-kiristyspihdit\/","title":{"rendered":"Vetonivelen pannan kiristyspihdit"},"content":{"rendered":"","protected":false},"excerpt":{"rendered":"<p>Vetonivelen pannan kiristysty\u00f6kalu, korvatyyppisten klemmareiden kiinnitt\u00e4miseen polttoaineletkuihin, j\u00e4\u00e4hdytysj\u00e4rjestelmiin, alipaineletkuihin ja vetoniveliin.<\/p>\n<ul>\n<li>Pituus: 235 mm<\/li>\n<li>Valmistaja: Geko<\/li>\n<\/ul>\n","protected":false},"featured_media":31989,"template":"","meta":{"_acf_changed":false,"_seopress_robots_primary_cat":"","_seopress_titles_title":"","_seopress_titles_desc":"","_seopress_robots_index":""},"product_cat":[481,339,40],"product_tag":[],"class_list":{"0":"post-31984","1":"product","2":"type-product","3":"status-publish","4":"has-post-thumbnail","6":"product_cat-alusta-ja-voimansiirtotyokalut","7":"product_cat-autotyokalut","8":"product_cat-korjaamolaitteet","10":"first","11":"instock","12":"taxable","13":"shipping-taxable","14":"purchasable","15":"product-type-simple","swatches":"rey-swatches","show_selected":""},"acf":[],"_links":{"self":[{"href":"https:\/\/toolhouse.fi\/fi\/wp-json\/wp\/v2\/product\/31984","targetHints":{"allow":["GET"]}}],"collection":[{"href":"https:\/\/toolhouse.fi\/fi\/wp-json\/wp\/v2\/product"}],"about":[{"href":"https:\/\/toolhouse.fi\/fi\/wp-json\/wp\/v2\/types\/product"}],"version-history":[{"count":1,"href":"https:\/\/toolhouse.fi\/fi\/wp-json\/wp\/v2\/product\/31984\/revisions"}],"predecessor-version":[{"id":31987,"href":"https:\/\/toolhouse.fi\/fi\/wp-json\/wp\/v2\/product\/31984\/revisions\/31987"}],"wp:featuredmedia":[{"embeddable":true,"href":"https:\/\/toolhouse.fi\/fi\/wp-json\/wp\/v2\/media\/31989"}],"wp:attachment":[{"href":"https:\/\/toolhouse.fi\/fi\/wp-json\/wp\/v2\/media?parent=31984"}],"wp:term":[{"taxonomy":"product_cat","embeddable":true,"href":"https:\/\/toolhouse.fi\/fi\/wp-json\/wp\/v2\/product_cat?post=31984"},{"taxonomy":"product_tag","embeddable":true,"href":"https:\/\/toolhouse.fi\/fi\/wp-json\/wp\/v2\/product_tag?post=31984"}],"curies":[{"name":"wp","href":"https:\/\/api.w.org\/{rel}","templated":true}]}}