{"id":32030,"date":"2026-03-13T16:43:56","date_gmt":"2026-03-13T14:43:56","guid":{"rendered":"https:\/\/toolhouse.fi\/?post_type=product&#038;p=32030"},"modified":"2026-03-13T16:55:53","modified_gmt":"2026-03-13T14:55:53","slug":"jakoavain-tvardy-0-39mm-8%e2%80%b3","status":"publish","type":"product","link":"https:\/\/toolhouse.fi\/fi\/tuote\/jakoavain-tvardy-0-39mm-8%e2%80%b3\/","title":{"rendered":"Jakoavain Tvardy 0-39mm 8\u2033"},"content":{"rendered":"","protected":false},"excerpt":{"rendered":"<p data-start=\"0\" data-end=\"107\"><strong>Kest\u00e4v\u00e4 ja k\u00e4tev\u00e4 <span class=\"hover:entity-accent entity-underline inline cursor-pointer align-baseline\"><span class=\"whitespace-normal\">Tvardy<\/span><\/span> jakoavain, suurella s\u00e4\u00e4t\u00f6varalla.<\/strong><\/p>\n<p data-start=\"109\" data-end=\"298\">Jakoavain on suunniteltu lyhyell\u00e4 varrella ja ohuilla, karkaistuilla leuoilla, mik\u00e4 helpottaa kapeiden muttereiden ja putkiliitosten k\u00e4sittely\u00e4 my\u00f6s ahtaissa ja vaikeap\u00e4\u00e4syisiss\u00e4 paikoissa.<\/p>\n<p data-start=\"300\" data-end=\"497\">Valmistettu korkealaatuisesta CrV-ter\u00e4ksest\u00e4. Karkaistut leuat takaavat pitk\u00e4n k\u00e4ytt\u00f6i\u00e4n. Kahva on ergonomisesti muotoiltu ja p\u00e4\u00e4llystetty TPR-materiaalilla, mik\u00e4 tarjoaa mukavan ja pit\u00e4v\u00e4n otteen.<\/p>\n<p data-start=\"0\" data-end=\"60\"><strong style=\"color: #484f56; font-size: 1.125rem;\" data-start=\"586\" data-end=\"605\">Tekniset tiedot<\/strong><\/p>\n<ul>\n<li>Valmistaja: Tvardy<\/li>\n<li>Pituus: 8\u201d (210 mm)<\/li>\n<li>Leukojen avautuma: 0\u201339 mm<\/li>\n<li>Leukojen kovuus: 46\u201348 HRC<\/li>\n<li>Materiaali: CrV-ter\u00e4s<\/li>\n<li>Kahva: TPR-pinnoite<\/li>\n<li>Paino: 0,3 kg<\/li>\n<\/ul>\n","protected":false},"featured_media":32034,"template":"","meta":{"_acf_changed":false,"_seopress_robots_primary_cat":"none","_seopress_titles_title":"","_seopress_titles_desc":"","_seopress_robots_index":""},"product_cat":[487,337,40],"product_tag":[],"class_list":{"0":"post-32030","1":"product","2":"type-product","3":"status-publish","4":"has-post-thumbnail","6":"product_cat-hylsytyokalut-vaantotyokalut","7":"product_cat-tyokalut","8":"product_cat-korjaamolaitteet","10":"first","11":"instock","12":"taxable","13":"shipping-taxable","14":"purchasable","15":"product-type-simple","swatches":"rey-swatches","show_selected":""},"acf":[],"_links":{"self":[{"href":"https:\/\/toolhouse.fi\/fi\/wp-json\/wp\/v2\/product\/32030","targetHints":{"allow":["GET"]}}],"collection":[{"href":"https:\/\/toolhouse.fi\/fi\/wp-json\/wp\/v2\/product"}],"about":[{"href":"https:\/\/toolhouse.fi\/fi\/wp-json\/wp\/v2\/types\/product"}],"version-history":[{"count":1,"href":"https:\/\/toolhouse.fi\/fi\/wp-json\/wp\/v2\/product\/32030\/revisions"}],"predecessor-version":[{"id":32032,"href":"https:\/\/toolhouse.fi\/fi\/wp-json\/wp\/v2\/product\/32030\/revisions\/32032"}],"wp:featuredmedia":[{"embeddable":true,"href":"https:\/\/toolhouse.fi\/fi\/wp-json\/wp\/v2\/media\/32034"}],"wp:attachment":[{"href":"https:\/\/toolhouse.fi\/fi\/wp-json\/wp\/v2\/media?parent=32030"}],"wp:term":[{"taxonomy":"product_cat","embeddable":true,"href":"https:\/\/toolhouse.fi\/fi\/wp-json\/wp\/v2\/product_cat?post=32030"},{"taxonomy":"product_tag","embeddable":true,"href":"https:\/\/toolhouse.fi\/fi\/wp-json\/wp\/v2\/product_tag?post=32030"}],"curies":[{"name":"wp","href":"https:\/\/api.w.org\/{rel}","templated":true}]}}