{"id":32073,"date":"2026-03-17T11:36:38","date_gmt":"2026-03-17T09:36:38","guid":{"rendered":"https:\/\/toolhouse.fi\/?post_type=product&#038;p=32073"},"modified":"2026-03-17T11:38:48","modified_gmt":"2026-03-17T09:38:48","slug":"pk-4000p-230v","status":"publish","type":"product","link":"https:\/\/toolhouse.fi\/fi\/tuote\/pk-4000p-230v\/","title":{"rendered":"PK-4000P 230V"},"content":{"rendered":"<table border=\"0\" width=\"436\" cellspacing=\"0\" cellpadding=\"2\">\n<tbody>\n<tr>\n<td width=\"322\"><b>Nostokyky :<\/b><\/td>\n<td width=\"93\">4000 kg<\/td>\n<\/tr>\n<tr>\n<td bgcolor=\"#f1f1f1\" width=\"322\"><b>Nostokorkeus:<\/b><\/td>\n<td bgcolor=\"#f1f1f1\" width=\"93\">100 \u20131800mm<\/td>\n<\/tr>\n<tr>\n<td width=\"322\"><b>Mekaaninen turvalukitus:<\/b><\/td>\n<td width=\"93\">Kyll\u00e4<\/td>\n<\/tr>\n<tr>\n<td bgcolor=\"#f1f1f1\" width=\"322\"><b>K\u00e4ytt\u00f6 :<\/b><\/td>\n<td bgcolor=\"#f1f1f1\" width=\"93\">s\u00e4hk\u00f6hydraulinen<\/td>\n<\/tr>\n<tr>\n<td width=\"322\"><b>Nostoaika :<\/b><\/td>\n<td width=\"93\">40 sek<\/td>\n<\/tr>\n<tr>\n<td bgcolor=\"#f1f1f1\" width=\"322\"><\/td>\n<td bgcolor=\"#f1f1f1\" width=\"93\"><\/td>\n<\/tr>\n<tr>\n<td width=\"322\"><b><strong>Pilarien sis\u00e4leveys<\/strong>:<\/b><\/p>\n<p><strong>L\u00e4piajoleveys:<\/strong><\/td>\n<td width=\"93\">2910 mm<\/p>\n<p>2670 mm<\/td>\n<\/tr>\n<tr>\n<td bgcolor=\"#f1f1f1\" width=\"322\"><b>Korkeus :<\/b><\/td>\n<td bgcolor=\"#f1f1f1\" width=\"93\">2794 mm<\/td>\n<\/tr>\n<tr>\n<td width=\"322\"><b>Ulkoleveys :<\/b><\/p>\n<p><strong>Paino:<\/strong><\/td>\n<td width=\"93\">3470 mm<\/p>\n<p>564kg<\/td>\n<\/tr>\n<tr>\n<td bgcolor=\"#f1f1f1\" width=\"322\"><b>J\u00e4nnite :<\/b><\/td>\n<td bgcolor=\"#f1f1f1\" width=\"93\">230V<\/td>\n<\/tr>\n<tr>\n<td width=\"322\"><b>Takuu :<\/b><\/td>\n<td width=\"93\">12 kuukautta<\/td>\n<\/tr>\n<tr>\n<td bgcolor=\"#f1f1f1\" width=\"322\"><b>Ce h<\/b><strong>yv\u00e4ksytty :<\/strong><\/td>\n<td bgcolor=\"#f1f1f1\" width=\"93\">Kyll\u00e4<\/td>\n<\/tr>\n<tr>\n<td width=\"322\"><\/td>\n<td width=\"93\"><\/td>\n<\/tr>\n<tr>\n<td bgcolor=\"#f1f1f1\" width=\"322\"><strong>Moottorin teho:<\/strong><\/td>\n<td bgcolor=\"#f1f1f1\" width=\"93\">2,2kw<\/td>\n<\/tr>\n<tr>\n<td width=\"322\">&nbsp;<\/p>\n<p><strong>Malli<\/strong><\/td>\n<td width=\"93\">&nbsp;<\/p>\n<p>Pk-4000P<\/td>\n<\/tr>\n<\/tbody>\n<\/table>\n<div class=\"ts-lookup-pivot\">\n<ul>\n<li>Takuu 1 vuosi.<\/li>\n<li>Kaikki varaosat saatavilla!<\/li>\n<li>Kaikki nostimet toimitetaan ilman hydrauli\u00f6ljyj\u00e4.<\/li>\n<\/ul>\n<\/div>\n","protected":false},"excerpt":{"rendered":"<ul>\n<li>Hydraulinen kaksipilarinostin<\/li>\n<li>230 V<\/li>\n<li>Nostokapasiteetti: 4000 kg<\/li>\n<li>Nostokorkeus: 100\u20131800 mm<\/li>\n<li>Mekaaniset turvalukot<\/li>\n<li>Molempien puolien lukot vapautetaan samalla vivulla<\/li>\n<li>L\u00e4piajoleveys: 2670 mm<\/li>\n<\/ul>\n<p>PK-4000P tarjoaa leve\u00e4mm\u00e4n l\u00e4piajoleveys ja pidemm\u00e4t nostovarret verrattuna vastaaviin nostimiin.<\/p>\n<p>Nostin on valmistettu korkealaatuisista materiaaleista, mik\u00e4 takaa turvallisuuden ja kest\u00e4vyyden pitk\u00e4aikaisessa k\u00e4yt\u00f6ss\u00e4.<\/p>\n<p>Nostotyynyt on valmistettu kest\u00e4v\u00e4st\u00e4, \u00f6ljynkest\u00e4v\u00e4st\u00e4 kumista, joka takaa pitk\u00e4n k\u00e4ytt\u00f6i\u00e4n ja hyv\u00e4n pidon. Valinnaisina lis\u00e4varusteina on saatavilla korotuspalat kahdessa eri pituudessa, jotka mahdollistavat nostimen mukauttamisen erilaisiin ajoneuvotyyppeihin.<\/p>\n<p><strong>Korkea turvallisuustaso<\/strong><br \/>\nPK-4000P-nostimen turvalukot aktivoituvat automaattisesti, kun ajoneuvo nostetaan. Lukkojen vapauttaminen on eritt\u00e4in helppoa \u2013 molempien pilareiden lukot vapautetaan samanaikaisesti yhdell\u00e4 vivulla, joka sijaitsee toisen pilarin ulkopuolella.<\/p>\n<p>Vakiona nostin on varustettu kolhusuojilla, jotka suojaavat auton ovia avattaessa.<\/p>\n<p>Nostimessa on my\u00f6s puristussuojat lis\u00e4\u00e4m\u00e4\u00e4n turvallisuutta.<\/p>\n","protected":false},"featured_media":21822,"template":"","meta":{"_acf_changed":false,"_seopress_robots_primary_cat":"none","_seopress_titles_title":"","_seopress_titles_desc":"","_seopress_robots_index":""},"product_cat":[285,455,37],"product_tag":[],"class_list":{"0":"post-32073","1":"product","2":"type-product","3":"status-publish","4":"has-post-thumbnail","6":"product_cat-2-pilarinostimet","7":"product_cat-ajoneuvonostimet","8":"product_cat-autonostimet","10":"first","11":"instock","12":"taxable","13":"shipping-taxable","14":"purchasable","15":"product-type-simple","swatches":"rey-swatches","show_selected":""},"acf":[],"_links":{"self":[{"href":"https:\/\/toolhouse.fi\/fi\/wp-json\/wp\/v2\/product\/32073","targetHints":{"allow":["GET"]}}],"collection":[{"href":"https:\/\/toolhouse.fi\/fi\/wp-json\/wp\/v2\/product"}],"about":[{"href":"https:\/\/toolhouse.fi\/fi\/wp-json\/wp\/v2\/types\/product"}],"version-history":[{"count":1,"href":"https:\/\/toolhouse.fi\/fi\/wp-json\/wp\/v2\/product\/32073\/revisions"}],"predecessor-version":[{"id":32075,"href":"https:\/\/toolhouse.fi\/fi\/wp-json\/wp\/v2\/product\/32073\/revisions\/32075"}],"wp:featuredmedia":[{"embeddable":true,"href":"https:\/\/toolhouse.fi\/fi\/wp-json\/wp\/v2\/media\/21822"}],"wp:attachment":[{"href":"https:\/\/toolhouse.fi\/fi\/wp-json\/wp\/v2\/media?parent=32073"}],"wp:term":[{"taxonomy":"product_cat","embeddable":true,"href":"https:\/\/toolhouse.fi\/fi\/wp-json\/wp\/v2\/product_cat?post=32073"},{"taxonomy":"product_tag","embeddable":true,"href":"https:\/\/toolhouse.fi\/fi\/wp-json\/wp\/v2\/product_tag?post=32073"}],"curies":[{"name":"wp","href":"https:\/\/api.w.org\/{rel}","templated":true}]}}