{"id":32107,"date":"2026-03-17T18:05:45","date_gmt":"2026-03-17T16:05:45","guid":{"rendered":"https:\/\/toolhouse.fi\/?post_type=product&#038;p=32107"},"modified":"2026-03-17T18:41:08","modified_gmt":"2026-03-17T16:41:08","slug":"kumityyny-nostimille-38mm-4-kpl","status":"publish","type":"product","link":"https:\/\/toolhouse.fi\/fi\/tuote\/kumityyny-nostimille-38mm-4-kpl\/","title":{"rendered":"Kumityyny nostimille 38mm 4 kpl"},"content":{"rendered":"","protected":false},"excerpt":{"rendered":"<p data-start=\"59\" data-end=\"189\"><strong data-start=\"59\" data-end=\"89\">Autonostimen pehmiketyynyt<\/strong><br data-start=\"89\" data-end=\"92\" \/>Laadukasta kumia. N\u00e4ill\u00e4 est\u00e4t auton helmojen vaurioitumisen nostettaessa ajoneuvoa nosturilla.<\/p>\n<ul>\n<li>Valmistettu kovasta kumista \u2013 eiv\u00e4t painu kasaan, mutta tarjoavat riitt\u00e4v\u00e4n pehmennyksen.<\/li>\n<li>\u00d6ljynkest\u00e4v\u00e4 materiaali<\/li>\n<li class=\"flex flex-col text-sm\">\n<article class=\"text-token-text-primary w-full focus:outline-none [--shadow-height:45px] has-data-writing-block:pointer-events-none has-data-writing-block:-mt-(--shadow-height) has-data-writing-block:pt-(--shadow-height) [&amp;:has([data-writing-block])&gt;*]:pointer-events-auto scroll-mt-[calc(var(--header-height)+min(200px,max(70px,20svh)))]\" dir=\"auto\" tabindex=\"-1\" data-turn-id=\"request-WEB:815ada1f-23a3-4a3f-bd29-6407e533654c-71\" data-testid=\"conversation-turn-110\" data-scroll-anchor=\"true\" data-turn=\"assistant\">\n<div class=\"text-base my-auto mx-auto pb-10 [--thread-content-margin:var(--thread-content-margin-xs,calc(var(--spacing)*4))] @w-sm\/main:[--thread-content-margin:var(--thread-content-margin-sm,calc(var(--spacing)*6))] @w-lg\/main:[--thread-content-margin:var(--thread-content-margin-lg,calc(var(--spacing)*16))] px-(--thread-content-margin)\">\n<div class=\"[--thread-content-max-width:40rem] @w-lg\/main:[--thread-content-max-width:48rem] mx-auto max-w-(--thread-content-max-width) flex-1 group\/turn-messages focus-visible:outline-hidden relative flex w-full min-w-0 flex-col agent-turn\" tabindex=\"-1\">\n<div class=\"flex max-w-full flex-col gap-4 grow\">\n<div class=\"min-h-8 text-message relative flex w-full flex-col items-end gap-2 text-start break-words whitespace-normal [.text-message+&amp;]:mt-1\" dir=\"auto\" data-message-author-role=\"assistant\" data-message-id=\"41493efe-d08e-4898-9761-0849eb0b92c3\" data-message-model-slug=\"gpt-5-3\">\n<div class=\"flex w-full flex-col gap-1 empty:hidden\">\n<div class=\"markdown prose dark:prose-invert w-full wrap-break-word light markdown-new-styling\">\n<p data-start=\"113\" data-end=\"174\" data-is-last-node=\"\" data-is-only-node=\"\">Kuvioitu molemmilta puolilta paremman pidon takaamiseksi.<\/p>\n<\/div>\n<\/div>\n<\/div>\n<\/div>\n<\/div>\n<\/div>\n<\/article>\n<\/li>\n<li>Mitat: 200 \u00d7 110 \u00d7 77 mm<\/li>\n<li>Toimitus sis\u00e4lt\u00e4\u00e4 4 kpl kumityyny\u00e4.<\/li>\n<\/ul>\n","protected":false},"featured_media":32109,"template":"","meta":{"_acf_changed":false,"_seopress_robots_primary_cat":"none","_seopress_titles_title":"","_seopress_titles_desc":"","_seopress_robots_index":""},"product_cat":[455,290],"product_tag":[],"class_list":{"0":"post-32107","1":"product","2":"type-product","3":"status-publish","4":"has-post-thumbnail","6":"product_cat-ajoneuvonostimet","7":"product_cat-varaosat-ja-tarvikkeet","8":"product_shipping_class-tillbehor-790e","10":"first","11":"instock","12":"taxable","13":"shipping-taxable","14":"purchasable","15":"product-type-simple","swatches":"rey-swatches","show_selected":""},"acf":[],"_links":{"self":[{"href":"https:\/\/toolhouse.fi\/fi\/wp-json\/wp\/v2\/product\/32107","targetHints":{"allow":["GET"]}}],"collection":[{"href":"https:\/\/toolhouse.fi\/fi\/wp-json\/wp\/v2\/product"}],"about":[{"href":"https:\/\/toolhouse.fi\/fi\/wp-json\/wp\/v2\/types\/product"}],"version-history":[{"count":1,"href":"https:\/\/toolhouse.fi\/fi\/wp-json\/wp\/v2\/product\/32107\/revisions"}],"predecessor-version":[{"id":32113,"href":"https:\/\/toolhouse.fi\/fi\/wp-json\/wp\/v2\/product\/32107\/revisions\/32113"}],"wp:featuredmedia":[{"embeddable":true,"href":"https:\/\/toolhouse.fi\/fi\/wp-json\/wp\/v2\/media\/32109"}],"wp:attachment":[{"href":"https:\/\/toolhouse.fi\/fi\/wp-json\/wp\/v2\/media?parent=32107"}],"wp:term":[{"taxonomy":"product_cat","embeddable":true,"href":"https:\/\/toolhouse.fi\/fi\/wp-json\/wp\/v2\/product_cat?post=32107"},{"taxonomy":"product_tag","embeddable":true,"href":"https:\/\/toolhouse.fi\/fi\/wp-json\/wp\/v2\/product_tag?post=32107"}],"curies":[{"name":"wp","href":"https:\/\/api.w.org\/{rel}","templated":true}]}}