{"id":32128,"date":"2026-03-18T14:45:09","date_gmt":"2026-03-18T12:45:09","guid":{"rendered":"https:\/\/toolhouse.fi\/?post_type=product&#038;p=32128"},"modified":"2026-03-18T14:50:16","modified_gmt":"2026-03-18T12:50:16","slug":"vetoleuka-kaksisuuntainen-5t","status":"publish","type":"product","link":"https:\/\/toolhouse.fi\/fi\/tuote\/vetoleuka-kaksisuuntainen-5t\/","title":{"rendered":"Vetoleuka kaksisuuntainen 5T"},"content":{"rendered":"","protected":false},"excerpt":{"rendered":"<p data-start=\"0\" data-end=\"251\">Geko kaksisuuntainen itselukittuva vetopuristin mahdollistaa korinosien vet\u00e4misen samanaikaisesti kahteen suuntaan. Hammastetut leuat takaavat paremman pidon pellist\u00e4. Itselukittuva j\u00e4rjestelm\u00e4 lis\u00e4\u00e4 puristusvoimaa puristimen niveless\u00e4 olevan kiilan avulla.<\/p>\n<p data-start=\"253\" data-end=\"272\"><strong data-start=\"253\" data-end=\"272\">Tekniset tiedot<\/strong><\/p>\n<ul>\n<li data-start=\"274\" data-end=\"571\">Tyyppi: Korin suoristusleuat kaksi vetosuuntaa<\/li>\n<li data-start=\"274\" data-end=\"571\">Leukojen koko: 23 \u00d7 42 mm<\/li>\n<li data-start=\"274\" data-end=\"571\">Leukojen avautuma: 0\u201310 mm<\/li>\n<li data-start=\"274\" data-end=\"571\">Kokonaispituus: 220 mm<\/li>\n<li data-start=\"274\" data-end=\"571\">Paino: 2,2 kg<\/li>\n<li data-start=\"274\" data-end=\"571\">Vetovoima pituussuunnassa: 5 tonnia<\/li>\n<li data-start=\"274\" data-end=\"571\">Vetovoima poikittaissuunnassa: 2 tonnia<\/li>\n<li data-start=\"274\" data-end=\"571\">Materiaali: puristin \u2013 kromimolybdeeniter\u00e4s (CrMo), ruuvi \u2013 hiiliter\u00e4s<\/li>\n<\/ul>\n","protected":false},"featured_media":32133,"template":"","meta":{"_acf_changed":false,"_seopress_robots_primary_cat":"","_seopress_titles_title":"","_seopress_titles_desc":"","_seopress_robots_index":""},"product_cat":[467,461,483,40],"product_tag":[],"class_list":{"0":"post-32128","1":"product","2":"type-product","3":"status-publish","4":"has-post-thumbnail","6":"product_cat-hitsaustarvikkeet","7":"product_cat-korinoikaisusarjat","8":"product_cat-korityokalut","9":"product_cat-korjaamolaitteet","11":"first","12":"instock","13":"taxable","14":"shipping-taxable","15":"purchasable","16":"product-type-simple","swatches":"rey-swatches","show_selected":""},"acf":[],"_links":{"self":[{"href":"https:\/\/toolhouse.fi\/fi\/wp-json\/wp\/v2\/product\/32128","targetHints":{"allow":["GET"]}}],"collection":[{"href":"https:\/\/toolhouse.fi\/fi\/wp-json\/wp\/v2\/product"}],"about":[{"href":"https:\/\/toolhouse.fi\/fi\/wp-json\/wp\/v2\/types\/product"}],"version-history":[{"count":1,"href":"https:\/\/toolhouse.fi\/fi\/wp-json\/wp\/v2\/product\/32128\/revisions"}],"predecessor-version":[{"id":32131,"href":"https:\/\/toolhouse.fi\/fi\/wp-json\/wp\/v2\/product\/32128\/revisions\/32131"}],"wp:featuredmedia":[{"embeddable":true,"href":"https:\/\/toolhouse.fi\/fi\/wp-json\/wp\/v2\/media\/32133"}],"wp:attachment":[{"href":"https:\/\/toolhouse.fi\/fi\/wp-json\/wp\/v2\/media?parent=32128"}],"wp:term":[{"taxonomy":"product_cat","embeddable":true,"href":"https:\/\/toolhouse.fi\/fi\/wp-json\/wp\/v2\/product_cat?post=32128"},{"taxonomy":"product_tag","embeddable":true,"href":"https:\/\/toolhouse.fi\/fi\/wp-json\/wp\/v2\/product_tag?post=32128"}],"curies":[{"name":"wp","href":"https:\/\/api.w.org\/{rel}","templated":true}]}}