{"id":32142,"date":"2026-03-18T15:20:44","date_gmt":"2026-03-18T13:20:44","guid":{"rendered":"https:\/\/toolhouse.fi\/?post_type=product&#038;p=32142"},"modified":"2026-03-18T15:22:49","modified_gmt":"2026-03-18T13:22:49","slug":"pyyhkimen-varren-ulosvedin","status":"publish","type":"product","link":"https:\/\/toolhouse.fi\/fi\/tuote\/pyyhkimen-varren-ulosvedin\/","title":{"rendered":"Pyyhkimen varren ulosvedin"},"content":{"rendered":"","protected":false},"excerpt":{"rendered":"<p data-start=\"0\" data-end=\"124\">K\u00e4tev\u00e4 ulosvedin auton pyyhkij\u00e4nvarsille, akun navoille, laturin laakereille, pienille hammaspy\u00f6rille, holkeille jne.<\/p>\n<p><strong data-start=\"126\" data-end=\"145\">Tekniset tiedot<\/strong><\/p>\n<ul>\n<li>Ty\u00f6skentelyalue: 6\u201328 mm<\/li>\n<li>Ulosvetimen leukojen v\u00e4li: 4\u201340 mm<\/li>\n<li>Materiaali: ter\u00e4s<\/li>\n<li>Valmistaja: Geko<\/li>\n<\/ul>\n","protected":false},"featured_media":32147,"template":"","meta":{"_acf_changed":false,"_seopress_robots_primary_cat":"","_seopress_titles_title":"","_seopress_titles_desc":"","_seopress_robots_index":""},"product_cat":[339,483,40,486],"product_tag":[],"class_list":{"0":"post-32142","1":"product","2":"type-product","3":"status-publish","4":"has-post-thumbnail","6":"product_cat-autotyokalut","7":"product_cat-korityokalut","8":"product_cat-korjaamolaitteet","9":"product_cat-ulosvetajat","11":"first","12":"instock","13":"taxable","14":"shipping-taxable","15":"purchasable","16":"product-type-simple","swatches":"rey-swatches","show_selected":""},"acf":[],"_links":{"self":[{"href":"https:\/\/toolhouse.fi\/fi\/wp-json\/wp\/v2\/product\/32142","targetHints":{"allow":["GET"]}}],"collection":[{"href":"https:\/\/toolhouse.fi\/fi\/wp-json\/wp\/v2\/product"}],"about":[{"href":"https:\/\/toolhouse.fi\/fi\/wp-json\/wp\/v2\/types\/product"}],"version-history":[{"count":1,"href":"https:\/\/toolhouse.fi\/fi\/wp-json\/wp\/v2\/product\/32142\/revisions"}],"predecessor-version":[{"id":32145,"href":"https:\/\/toolhouse.fi\/fi\/wp-json\/wp\/v2\/product\/32142\/revisions\/32145"}],"wp:featuredmedia":[{"embeddable":true,"href":"https:\/\/toolhouse.fi\/fi\/wp-json\/wp\/v2\/media\/32147"}],"wp:attachment":[{"href":"https:\/\/toolhouse.fi\/fi\/wp-json\/wp\/v2\/media?parent=32142"}],"wp:term":[{"taxonomy":"product_cat","embeddable":true,"href":"https:\/\/toolhouse.fi\/fi\/wp-json\/wp\/v2\/product_cat?post=32142"},{"taxonomy":"product_tag","embeddable":true,"href":"https:\/\/toolhouse.fi\/fi\/wp-json\/wp\/v2\/product_tag?post=32142"}],"curies":[{"name":"wp","href":"https:\/\/api.w.org\/{rel}","templated":true}]}}