{"id":32155,"date":"2026-03-18T16:22:13","date_gmt":"2026-03-18T14:22:13","guid":{"rendered":"https:\/\/toolhouse.fi\/?post_type=product&#038;p=32155"},"modified":"2026-03-18T16:47:43","modified_gmt":"2026-03-18T14:47:43","slug":"suutinpesan-puhdistussarja","status":"publish","type":"product","link":"https:\/\/toolhouse.fi\/fi\/tuote\/suutinpesan-puhdistussarja\/","title":{"rendered":"Suutinpes\u00e4n puhdistussarja"},"content":{"rendered":"","protected":false},"excerpt":{"rendered":"<p data-start=\"0\" data-end=\"131\">Harjasarja injektorin hylsyn sek\u00e4 hehkutulppien ja sytytystulppien reikien puhdistukseen. Setti sis\u00e4lt\u00e4\u00e4 18 harjaa eri kovuuksilla ja halkaisijoilla.<\/p>\n<p data-start=\"133\" data-end=\"250\">Kaikissa harjoissa on 1\/4\u2033-kiinnitys, joten ne sopivat k\u00e4ytett\u00e4v\u00e4ksi sek\u00e4 ruuvimeisselien ett\u00e4 porakoneiden kanssa.<\/p>\n<p data-start=\"252\" data-end=\"280\"><strong data-start=\"252\" data-end=\"278\">Tuotteen ominaisuudet:<\/strong><\/p>\n<ul>\n<li data-start=\"283\" data-end=\"354\">Suunniteltu injektorin hylsyn sek\u00e4 hehkutulppien ja sytytystulppien reikien puhdistukseen<\/li>\n<li data-start=\"357\" data-end=\"402\">18 harjaa eri kovuuksilla ja halkaisijoilla<\/li>\n<li data-start=\"405\" data-end=\"462\">Harjat valmistettu nylonista, messingist\u00e4 ja ter\u00e4ksest\u00e4<\/li>\n<li data-start=\"465\" data-end=\"503\">Jatkopala kahvalla helpottaa k\u00e4ytt\u00f6\u00e4<\/li>\n<li data-start=\"506\" data-end=\"579\">\u00bc\u201d kiinnitys mahdollistaa k\u00e4yt\u00f6n porakoneiden ja ruuvimeisselien kanssa<\/li>\n<\/ul>\n<p data-start=\"581\" data-end=\"603\"><strong data-start=\"581\" data-end=\"601\">Tekniset tiedot:<\/strong><\/p>\n<ul>\n<li data-start=\"606\" data-end=\"645\">Nylonharjat: 9, 11, 13, 15, 17, 19 mm<\/li>\n<li data-start=\"648\" data-end=\"690\">Messinkiharjat: 9, 11, 13, 15, 17, 19 mm<\/li>\n<li data-start=\"693\" data-end=\"732\">Ter\u00e4sharjat: 9, 11, 13, 15, 17, 19 mm<\/li>\n<li data-start=\"735\" data-end=\"752\">Kiinnitys: 1\/4\u2033<\/li>\n<li data-start=\"735\" data-end=\"752\">Valmistaja<strong style=\"color: #484f56; font-size: 1.125rem;\" data-start=\"754\" data-end=\"769\">:<\/strong><span style=\"color: #484f56; font-size: 1.125rem;\"> Geko<\/span><\/li>\n<\/ul>\n","protected":false},"featured_media":32160,"template":"","meta":{"_acf_changed":false,"_seopress_robots_primary_cat":"","_seopress_titles_title":"","_seopress_titles_desc":"","_seopress_robots_index":""},"product_cat":[339,480,40],"product_tag":[],"class_list":{"0":"post-32155","1":"product","2":"type-product","3":"status-publish","4":"has-post-thumbnail","6":"product_cat-autotyokalut","7":"product_cat-moottorityokalut","8":"product_cat-korjaamolaitteet","10":"first","11":"instock","12":"taxable","13":"shipping-taxable","14":"purchasable","15":"product-type-simple","swatches":"rey-swatches","show_selected":""},"acf":[],"_links":{"self":[{"href":"https:\/\/toolhouse.fi\/fi\/wp-json\/wp\/v2\/product\/32155","targetHints":{"allow":["GET"]}}],"collection":[{"href":"https:\/\/toolhouse.fi\/fi\/wp-json\/wp\/v2\/product"}],"about":[{"href":"https:\/\/toolhouse.fi\/fi\/wp-json\/wp\/v2\/types\/product"}],"version-history":[{"count":0,"href":"https:\/\/toolhouse.fi\/fi\/wp-json\/wp\/v2\/product\/32155\/revisions"}],"wp:featuredmedia":[{"embeddable":true,"href":"https:\/\/toolhouse.fi\/fi\/wp-json\/wp\/v2\/media\/32160"}],"wp:attachment":[{"href":"https:\/\/toolhouse.fi\/fi\/wp-json\/wp\/v2\/media?parent=32155"}],"wp:term":[{"taxonomy":"product_cat","embeddable":true,"href":"https:\/\/toolhouse.fi\/fi\/wp-json\/wp\/v2\/product_cat?post=32155"},{"taxonomy":"product_tag","embeddable":true,"href":"https:\/\/toolhouse.fi\/fi\/wp-json\/wp\/v2\/product_tag?post=32155"}],"curies":[{"name":"wp","href":"https:\/\/api.w.org\/{rel}","templated":true}]}}