{"id":32332,"date":"2026-03-26T16:11:31","date_gmt":"2026-03-26T14:11:31","guid":{"rendered":"https:\/\/toolhouse.fi\/?post_type=product&#038;p=32332"},"modified":"2026-03-26T16:45:24","modified_gmt":"2026-03-26T14:45:24","slug":"tarkastuskamera-usb-c","status":"publish","type":"product","link":"https:\/\/toolhouse.fi\/fi\/tuote\/tarkastuskamera-usb-c\/","title":{"rendered":"Tarkastuskamera, USB-C"},"content":{"rendered":"<p>Vesitiivis, digitaalinen endoskooppikamera LED-valolla<\/p>\n<p>Endoskooppi liitet\u00e4\u00e4n helposti suoraan puhelimeen, yhteensopiva Android 6.0 tai uudemman version \u00e4lypuhelinten ja tablettien kanssa. Mukana tulee t\u00e4ydellinen lis\u00e4varustesarja: koukku, magneetti ja peili.<\/p>\n<p>&nbsp;<\/p>\n<ul>\n<li data-section-id=\"h9mrfi\" data-start=\"392\" data-end=\"429\">Resoluutio: 640 x 480 px (30 fps)<\/li>\n<li data-section-id=\"pca3ty\" data-start=\"430\" data-end=\"453\">Kuvauskulma: 70\u00b0<\/li>\n<li data-section-id=\"18y3nch\" data-start=\"454\" data-end=\"473\">Videomuoto: AVI<\/li>\n<li data-section-id=\"332ywf\" data-start=\"474\" data-end=\"493\">Kuvamuoto: JPEG<\/li>\n<li data-section-id=\"dfb7u\" data-start=\"494\" data-end=\"531\">Kameran halkaisija: 5,5 mm<\/li>\n<li data-section-id=\"1fd68jf\" data-start=\"532\" data-end=\"561\">Ter\u00e4vyysalue: alkaen 4 cm<\/li>\n<li data-section-id=\"12mhq31\" data-start=\"562\" data-end=\"583\">Vedenpit\u00e4v\u00e4: IP67<\/li>\n<li data-section-id=\"1xtxpza\" data-start=\"584\" data-end=\"607\">Kokonaispituus: 2 m<\/li>\n<li data-section-id=\"kfqfmr\" data-start=\"608\" data-end=\"646\">Valaistus: 6 s\u00e4\u00e4dett\u00e4v\u00e4\u00e4 LED-valoa<\/li>\n<li data-section-id=\"ebtwwx\" data-start=\"647\" data-end=\"668\">Virtal\u00e4hde: USB-C<\/li>\n<li data-section-id=\"bwkpef\" data-start=\"669\" data-end=\"701\">Mukana USB-C\u2013USB-A -adapteri<\/li>\n<li data-section-id=\"8lsszl\" data-start=\"702\" data-end=\"814\">K\u00e4yt\u00e4 sovellusta &#8221;USB CAMERA&#8221; Play-kaupasta. Vaatii OTG-yhteensopivan Android 6.0 tai uudemman laitteen.<\/li>\n<\/ul>\n<p>&nbsp;<\/p>\n","protected":false},"excerpt":{"rendered":"<p>Vesitiivis, digitaalinen endoskooppikamera LED-valolla Endoskooppi liitet\u00e4\u00e4n helposti suoraan puhelimeen, yhteensopiva Android 6.0 tai uudemman version \u00e4lypuhelinten ja tablettien kanssa. Mukana tulee t\u00e4ydellinen lis\u00e4varustesarja: koukku, magneetti ja peili. &nbsp; Resoluutio: 640 x 480 px (30 fps) Kuvauskulma: 70\u00b0 Videomuoto: AVI Kuvamuoto: JPEG Kameran halkaisija: 5,5 mm Ter\u00e4vyysalue: alkaen 4 cm Vedenpit\u00e4v\u00e4: IP67 Kokonaispituus: 2 m Valaistus: [&hellip;]<\/p>\n","protected":false},"featured_media":32337,"template":"","meta":{"_acf_changed":false,"_seopress_robots_primary_cat":"","_seopress_titles_title":"","_seopress_titles_desc":"","_seopress_robots_index":""},"product_cat":[350,337],"product_tag":[],"class_list":{"0":"post-32332","1":"product","2":"type-product","3":"status-publish","4":"has-post-thumbnail","6":"product_cat-muut","7":"product_cat-tyokalut","9":"first","10":"instock","11":"taxable","12":"shipping-taxable","13":"purchasable","14":"product-type-simple","swatches":"rey-swatches","show_selected":""},"acf":[],"_links":{"self":[{"href":"https:\/\/toolhouse.fi\/fi\/wp-json\/wp\/v2\/product\/32332","targetHints":{"allow":["GET"]}}],"collection":[{"href":"https:\/\/toolhouse.fi\/fi\/wp-json\/wp\/v2\/product"}],"about":[{"href":"https:\/\/toolhouse.fi\/fi\/wp-json\/wp\/v2\/types\/product"}],"version-history":[{"count":0,"href":"https:\/\/toolhouse.fi\/fi\/wp-json\/wp\/v2\/product\/32332\/revisions"}],"wp:featuredmedia":[{"embeddable":true,"href":"https:\/\/toolhouse.fi\/fi\/wp-json\/wp\/v2\/media\/32337"}],"wp:attachment":[{"href":"https:\/\/toolhouse.fi\/fi\/wp-json\/wp\/v2\/media?parent=32332"}],"wp:term":[{"taxonomy":"product_cat","embeddable":true,"href":"https:\/\/toolhouse.fi\/fi\/wp-json\/wp\/v2\/product_cat?post=32332"},{"taxonomy":"product_tag","embeddable":true,"href":"https:\/\/toolhouse.fi\/fi\/wp-json\/wp\/v2\/product_tag?post=32332"}],"curies":[{"name":"wp","href":"https:\/\/api.w.org\/{rel}","templated":true}]}}