{"id":32346,"date":"2026-03-26T18:31:26","date_gmt":"2026-03-26T16:31:26","guid":{"rendered":"https:\/\/toolhouse.fi\/?post_type=product&#038;p=32346"},"modified":"2026-03-26T18:46:39","modified_gmt":"2026-03-26T16:46:39","slug":"kaarimankeli-lokasuojlle","status":"publish","type":"product","link":"https:\/\/toolhouse.fi\/fi\/tuote\/kaarimankeli-lokasuojlle\/","title":{"rendered":"Kaarimankeli lokasuojlle"},"content":{"rendered":"","protected":false},"excerpt":{"rendered":"<p><strong>Vahva Geko suojakaaren levitysty\u00f6kalu \u2013 hallittuun kaarien muotoiluun<\/strong><\/p>\n<p data-start=\"67\" data-end=\"175\">Kaarimankelia k\u00e4ytet\u00e4\u00e4n lokasuojien kaarien hallittuun muotoiluun sek\u00e4 lommojen ja kolhujen oikaisuun.<\/p>\n<ul>\n<li data-section-id=\"18ef0nn\" data-start=\"214\" data-end=\"243\">Rullan kallistuksen s\u00e4\u00e4t\u00f6<\/li>\n<li data-section-id=\"1a3fug3\" data-start=\"244\" data-end=\"273\">2 kallistustasoa varressa<\/li>\n<li data-section-id=\"16u2cb2\" data-start=\"274\" data-end=\"302\">S\u00e4\u00e4dett\u00e4v\u00e4 varren pituus<\/li>\n<li data-section-id=\"16u2cb2\" data-start=\"274\" data-end=\"302\">Kuulalaakeroitu rulla<\/li>\n<li data-section-id=\"16u2cb2\" data-start=\"274\" data-end=\"302\">Rullan mitat: 75&#215;68 mm<\/li>\n<li data-start=\"304\" data-end=\"383\">Sopii navalle, jossa 4 tai 5 pulttia<\/li>\n<li data-start=\"304\" data-end=\"383\">Keskireik\u00e4: 72,2 mm<\/li>\n<li data-start=\"304\" data-end=\"383\">Pulttijako: 98 &#8211; 120 mm<\/li>\n<li data-start=\"304\" data-end=\"383\">Valmistaja: Geko<\/li>\n<\/ul>\n<p data-start=\"177\" data-end=\"255\" data-is-last-node=\"\" data-is-only-node=\"\">\n<p>&nbsp;<\/p>\n","protected":false},"featured_media":32363,"template":"","meta":{"_acf_changed":false,"_seopress_robots_primary_cat":"","_seopress_titles_title":"","_seopress_titles_desc":"","_seopress_robots_index":""},"product_cat":[339,483,40],"product_tag":[],"class_list":{"0":"post-32346","1":"product","2":"type-product","3":"status-publish","4":"has-post-thumbnail","6":"product_cat-autotyokalut","7":"product_cat-korityokalut","8":"product_cat-korjaamolaitteet","10":"first","11":"instock","12":"taxable","13":"shipping-taxable","14":"purchasable","15":"product-type-simple","swatches":"rey-swatches","show_selected":""},"acf":[],"_links":{"self":[{"href":"https:\/\/toolhouse.fi\/fi\/wp-json\/wp\/v2\/product\/32346","targetHints":{"allow":["GET"]}}],"collection":[{"href":"https:\/\/toolhouse.fi\/fi\/wp-json\/wp\/v2\/product"}],"about":[{"href":"https:\/\/toolhouse.fi\/fi\/wp-json\/wp\/v2\/types\/product"}],"version-history":[{"count":0,"href":"https:\/\/toolhouse.fi\/fi\/wp-json\/wp\/v2\/product\/32346\/revisions"}],"wp:featuredmedia":[{"embeddable":true,"href":"https:\/\/toolhouse.fi\/fi\/wp-json\/wp\/v2\/media\/32363"}],"wp:attachment":[{"href":"https:\/\/toolhouse.fi\/fi\/wp-json\/wp\/v2\/media?parent=32346"}],"wp:term":[{"taxonomy":"product_cat","embeddable":true,"href":"https:\/\/toolhouse.fi\/fi\/wp-json\/wp\/v2\/product_cat?post=32346"},{"taxonomy":"product_tag","embeddable":true,"href":"https:\/\/toolhouse.fi\/fi\/wp-json\/wp\/v2\/product_tag?post=32346"}],"curies":[{"name":"wp","href":"https:\/\/api.w.org\/{rel}","templated":true}]}}