{"id":32377,"date":"2026-03-27T11:49:25","date_gmt":"2026-03-27T09:49:25","guid":{"rendered":"https:\/\/toolhouse.fi\/?post_type=product&#038;p=32377"},"modified":"2026-03-27T14:56:55","modified_gmt":"2026-03-27T12:56:55","slug":"taivutuspihdit-3kpl","status":"publish","type":"product","link":"https:\/\/toolhouse.fi\/fi\/tuote\/taivutuspihdit-3kpl\/","title":{"rendered":"Taivutuspihdit 3kpl"},"content":{"rendered":"","protected":false},"excerpt":{"rendered":"<p><strong>Sarja kest\u00e4vi\u00e4 listapihtej\u00e4 tarkkaan manuaaliseen taivutukseen, sis\u00e4lt\u00e4\u00e4 suorat, 90\u00b0 ja 45\u00b0 pihdit.<\/strong><\/p>\n<p data-start=\"161\" data-end=\"338\">Pihdit on valmistettu korkealaatuisesta CrV-ter\u00e4ksest\u00e4. Kumip\u00e4\u00e4llysteiset kahvat parantavat pihdien otetta.<\/p>\n<p data-start=\"340\" data-end=\"358\"><strong data-start=\"340\" data-end=\"356\">Tuotetiedot:<\/strong><\/p>\n<ul data-start=\"359\" data-end=\"573\">\n<li data-section-id=\"y4pnk7\" data-start=\"359\" data-end=\"402\">Materiaali: Cr-V ter\u00e4s<\/li>\n<li data-section-id=\"1eynxnc\" data-start=\"403\" data-end=\"465\">Suunniteltu tarkkaan taivutukseen 180\u00b0, 90\u00b0 ja 45\u00b0 kulmiin<\/li>\n<li data-section-id=\"x0ykc\" data-start=\"466\" data-end=\"484\">Pituus: 275 mm<\/li>\n<li data-section-id=\"17v5gal\" data-start=\"485\" data-end=\"511\">Leukojen leveys: 60 mm<\/li>\n<li data-section-id=\"1j4vihj\" data-start=\"512\" data-end=\"552\">Kahvat liukumattomalla pinnoitteella<\/li>\n<li data-section-id=\"15a5irq\" data-start=\"553\" data-end=\"573\">Valmistaja: Geko<\/li>\n<\/ul>\n","protected":false},"featured_media":32384,"template":"","meta":{"_acf_changed":false,"_seopress_robots_primary_cat":"none","_seopress_titles_title":"","_seopress_titles_desc":"","_seopress_robots_index":""},"product_cat":[488,483,473],"product_tag":[],"class_list":{"0":"post-32377","1":"product","2":"type-product","3":"status-publish","4":"has-post-thumbnail","6":"product_cat-kasityokalut","7":"product_cat-korityokalut","8":"product_cat-metallityon-tarvikkeet","10":"first","11":"instock","12":"taxable","13":"shipping-taxable","14":"purchasable","15":"product-type-simple","swatches":"rey-swatches","show_selected":""},"acf":[],"_links":{"self":[{"href":"https:\/\/toolhouse.fi\/fi\/wp-json\/wp\/v2\/product\/32377","targetHints":{"allow":["GET"]}}],"collection":[{"href":"https:\/\/toolhouse.fi\/fi\/wp-json\/wp\/v2\/product"}],"about":[{"href":"https:\/\/toolhouse.fi\/fi\/wp-json\/wp\/v2\/types\/product"}],"version-history":[{"count":0,"href":"https:\/\/toolhouse.fi\/fi\/wp-json\/wp\/v2\/product\/32377\/revisions"}],"wp:featuredmedia":[{"embeddable":true,"href":"https:\/\/toolhouse.fi\/fi\/wp-json\/wp\/v2\/media\/32384"}],"wp:attachment":[{"href":"https:\/\/toolhouse.fi\/fi\/wp-json\/wp\/v2\/media?parent=32377"}],"wp:term":[{"taxonomy":"product_cat","embeddable":true,"href":"https:\/\/toolhouse.fi\/fi\/wp-json\/wp\/v2\/product_cat?post=32377"},{"taxonomy":"product_tag","embeddable":true,"href":"https:\/\/toolhouse.fi\/fi\/wp-json\/wp\/v2\/product_tag?post=32377"}],"curies":[{"name":"wp","href":"https:\/\/api.w.org\/{rel}","templated":true}]}}