{"id":32398,"date":"2026-03-27T15:51:36","date_gmt":"2026-03-27T13:51:36","guid":{"rendered":"https:\/\/toolhouse.fi\/?post_type=product&#038;p=32398"},"modified":"2026-03-27T16:08:56","modified_gmt":"2026-03-27T14:08:56","slug":"lukkorengaspihdit-pitkakarkiset-90","status":"publish","type":"product","link":"https:\/\/toolhouse.fi\/fi\/tuote\/lukkorengaspihdit-pitkakarkiset-90\/","title":{"rendered":"Lukkorengaspihdit pitk\u00e4k\u00e4rkiset 90\u00b0"},"content":{"rendered":"","protected":false},"excerpt":{"rendered":"<p><strong>Lukkorengaspihdit sis\u00e4puolisille lukkorenkaille 90\u00b0<\/strong><\/p>\n<p data-start=\"114\" data-end=\"306\">T\u00e4ydelliset sis\u00e4isten lukitusrengasten asennukseen ja irrotukseen vaikeasti saavutettavissa paikoissa. K\u00e4ytet\u00e4\u00e4n usein p\u00e4\u00e4sylintereiss\u00e4, vaihteistoissa ja py\u00f6r\u00e4nlaakereissa.<\/p>\n<p data-start=\"308\" data-end=\"327\"><strong data-start=\"308\" data-end=\"325\">Ominaisuudet:<\/strong><\/p>\n<ul data-start=\"328\" data-end=\"572\">\n<li data-section-id=\"e6n9zd\" data-start=\"328\" data-end=\"377\">Erityisesti suunniteltu p\u00e4\u00e4sylintereille<\/li>\n<li data-section-id=\"l1jh2p\" data-start=\"378\" data-end=\"396\">Pituus: 184 mm<\/li>\n<li data-section-id=\"4di76b\" data-start=\"397\" data-end=\"423\">Leukojen pituus: 53 mm<\/li>\n<li data-section-id=\"tikbae\" data-start=\"424\" data-end=\"452\">K\u00e4rjen halkaisija: 1,5 mm<\/li>\n<li data-section-id=\"1tfhvb4\" data-start=\"453\" data-end=\"473\">Aukeama: 0\u201325 mm<\/li>\n<li data-section-id=\"ihyno\" data-start=\"474\" data-end=\"551\">PVC-p\u00e4\u00e4llysteiset kahvat paremman otteen ja k\u00e4ytt\u00f6mukavuuden takaamiseksi<\/li>\n<li data-section-id=\"15a5irq\" data-start=\"552\" data-end=\"572\">Valmistaja: Geko<\/li>\n<\/ul>\n","protected":false},"featured_media":32424,"template":"","meta":{"_acf_changed":false,"_seopress_robots_primary_cat":"","_seopress_titles_title":"","_seopress_titles_desc":"","_seopress_robots_index":""},"product_cat":[482,488,337,40],"product_tag":[],"class_list":{"0":"post-32398","1":"product","2":"type-product","3":"status-publish","4":"has-post-thumbnail","6":"product_cat-jarrutyokalut","7":"product_cat-kasityokalut","8":"product_cat-tyokalut","9":"product_cat-korjaamolaitteet","11":"first","12":"instock","13":"taxable","14":"shipping-taxable","15":"purchasable","16":"product-type-simple","swatches":"rey-swatches","show_selected":""},"acf":[],"_links":{"self":[{"href":"https:\/\/toolhouse.fi\/fi\/wp-json\/wp\/v2\/product\/32398","targetHints":{"allow":["GET"]}}],"collection":[{"href":"https:\/\/toolhouse.fi\/fi\/wp-json\/wp\/v2\/product"}],"about":[{"href":"https:\/\/toolhouse.fi\/fi\/wp-json\/wp\/v2\/types\/product"}],"version-history":[{"count":0,"href":"https:\/\/toolhouse.fi\/fi\/wp-json\/wp\/v2\/product\/32398\/revisions"}],"wp:featuredmedia":[{"embeddable":true,"href":"https:\/\/toolhouse.fi\/fi\/wp-json\/wp\/v2\/media\/32424"}],"wp:attachment":[{"href":"https:\/\/toolhouse.fi\/fi\/wp-json\/wp\/v2\/media?parent=32398"}],"wp:term":[{"taxonomy":"product_cat","embeddable":true,"href":"https:\/\/toolhouse.fi\/fi\/wp-json\/wp\/v2\/product_cat?post=32398"},{"taxonomy":"product_tag","embeddable":true,"href":"https:\/\/toolhouse.fi\/fi\/wp-json\/wp\/v2\/product_tag?post=32398"}],"curies":[{"name":"wp","href":"https:\/\/api.w.org\/{rel}","templated":true}]}}