{"id":32434,"date":"2026-03-31T10:54:07","date_gmt":"2026-03-31T07:54:07","guid":{"rendered":"https:\/\/toolhouse.fi\/?post_type=product&#038;p=32434"},"modified":"2026-03-31T11:03:57","modified_gmt":"2026-03-31T08:03:57","slug":"maadoitusmagneetti-500a","status":"publish","type":"product","link":"https:\/\/toolhouse.fi\/fi\/tuote\/maadoitusmagneetti-500a\/","title":{"rendered":"Maadoitusmagneetti 500A"},"content":{"rendered":"","protected":false},"excerpt":{"rendered":"<p data-start=\"56\" data-end=\"272\">500 Ampeerin maadoitusmagneetti mahdollistaa maadoituskaapelin nopean ja helpon liitt\u00e4misen ty\u00f6kappaleeseen ilman puristamista tai ruuvaamista. Vahvan magneetin ansiosta kiinnitin pysyy tukevasti paikallaan.<\/p>\n<ul data-start=\"274\" data-end=\"548\">\n<li data-section-id=\"8vljed\" data-start=\"274\" data-end=\"355\">Nopea ja helppo maadoituskaapelin liit\u00e4nt\u00e4<\/li>\n<li data-section-id=\"ce6xw5\" data-start=\"356\" data-end=\"443\">Vahva magneetti takaa pit\u00e4v\u00e4n kiinnityksen my\u00f6s vaikeasti saavutettavilla pinnoilla<\/li>\n<li data-section-id=\"1rbq34a\" data-start=\"444\" data-end=\"465\">Halkaisija: 87 mm<\/li>\n<li data-section-id=\"12j5gkk\" data-start=\"466\" data-end=\"491\">Kahvan pituus: 120 mm<\/li>\n<li data-section-id=\"1p3kl4\" data-start=\"492\" data-end=\"548\">Sopii hitsauskoneille, joiden enimm\u00e4isvirta on 500 A<\/li>\n<\/ul>\n","protected":false},"featured_media":32438,"template":"","meta":{"_acf_changed":false,"_seopress_robots_primary_cat":"none","_seopress_titles_title":"","_seopress_titles_desc":"","_seopress_robots_index":"","_seopress_analysis_target_kw":""},"product_cat":[262,467,469],"product_tag":[],"class_list":{"0":"post-32434","1":"product","2":"type-product","3":"status-publish","4":"has-post-thumbnail","6":"product_cat-hitsaus-metallityo","7":"product_cat-hitsaustarvikkeet","8":"product_cat-mig-tarvikkeet","10":"first","11":"instock","12":"taxable","13":"shipping-taxable","14":"purchasable","15":"product-type-simple","swatches":"rey-swatches","show_selected":""},"acf":[],"_links":{"self":[{"href":"https:\/\/toolhouse.fi\/fi\/wp-json\/wp\/v2\/product\/32434","targetHints":{"allow":["GET"]}}],"collection":[{"href":"https:\/\/toolhouse.fi\/fi\/wp-json\/wp\/v2\/product"}],"about":[{"href":"https:\/\/toolhouse.fi\/fi\/wp-json\/wp\/v2\/types\/product"}],"version-history":[{"count":0,"href":"https:\/\/toolhouse.fi\/fi\/wp-json\/wp\/v2\/product\/32434\/revisions"}],"wp:featuredmedia":[{"embeddable":true,"href":"https:\/\/toolhouse.fi\/fi\/wp-json\/wp\/v2\/media\/32438"}],"wp:attachment":[{"href":"https:\/\/toolhouse.fi\/fi\/wp-json\/wp\/v2\/media?parent=32434"}],"wp:term":[{"taxonomy":"product_cat","embeddable":true,"href":"https:\/\/toolhouse.fi\/fi\/wp-json\/wp\/v2\/product_cat?post=32434"},{"taxonomy":"product_tag","embeddable":true,"href":"https:\/\/toolhouse.fi\/fi\/wp-json\/wp\/v2\/product_tag?post=32434"}],"curies":[{"name":"wp","href":"https:\/\/api.w.org\/{rel}","templated":true}]}}