{"id":32450,"date":"2026-03-31T11:25:30","date_gmt":"2026-03-31T08:25:30","guid":{"rendered":"https:\/\/toolhouse.fi\/?post_type=product&#038;p=32450"},"modified":"2026-03-31T11:36:33","modified_gmt":"2026-03-31T08:36:33","slug":"tuulilasin-korjaussarja","status":"publish","type":"product","link":"https:\/\/toolhouse.fi\/fi\/tuote\/tuulilasin-korjaussarja\/","title":{"rendered":"Tuulilasin korjaussarja"},"content":{"rendered":"","protected":false},"excerpt":{"rendered":"<p data-start=\"62\" data-end=\"91\"><strong data-start=\"62\" data-end=\"89\">Tuulilasin korjaussarja<\/strong><\/p>\n<p data-start=\"93\" data-end=\"360\">T\u00e4m\u00e4 korjaussarja mahdollistaa auton tuulilasin ja ajovalojen lasin nopean, helpon ja ennen kaikkea edullisen korjauksen. Sopii erinomaisesti halkeamien ja kiveniskemien korjaamiseen. Toimii my\u00f6s pieniin pitkitt\u00e4ishalkeamiin ja est\u00e4\u00e4 tehokkaasti vaurion levi\u00e4misen.<\/p>\n<p data-start=\"362\" data-end=\"470\">Liima muuttuu levityksen ja kuivumisen j\u00e4lkeen l\u00e4pin\u00e4kyv\u00e4ksi, jolloin korjattu kohta on l\u00e4hes huomaamaton.<\/p>\n<p data-start=\"472\" data-end=\"500\"><strong data-start=\"472\" data-end=\"498\">Tuotteen ominaisuudet:<\/strong><\/p>\n<ul data-start=\"501\" data-end=\"800\">\n<li data-section-id=\"f0uw3z\" data-start=\"501\" data-end=\"570\">Helppo, nopea ja edullinen tapa korjata halkeamia ja kiveniskemi\u00e4<\/li>\n<li data-section-id=\"fx7j24\" data-start=\"571\" data-end=\"603\">Sarja on uudelleenk\u00e4ytett\u00e4v\u00e4<\/li>\n<li data-section-id=\"1vay6nd\" data-start=\"604\" data-end=\"690\">Est\u00e4\u00e4 tehokkaasti halkeamien levi\u00e4misen v\u00e4hent\u00e4m\u00e4ll\u00e4 lasiin kohdistuvaa j\u00e4nnityst\u00e4<\/li>\n<li data-section-id=\"1e1hllz\" data-start=\"691\" data-end=\"776\">Liima muuttuu kuivuttuaan v\u00e4ritt\u00f6m\u00e4ksi ja tekee korjauksesta l\u00e4hes huomaamattoman<\/li>\n<li data-section-id=\"1j25uqe\" data-start=\"777\" data-end=\"800\">Turvallinen k\u00e4ytt\u00e4\u00e4<\/li>\n<\/ul>\n<p data-start=\"802\" data-end=\"819\"><strong data-start=\"802\" data-end=\"817\">K\u00e4ytt\u00f6ohje:<\/strong><\/p>\n<ol data-start=\"820\" data-end=\"2047\">\n<li data-section-id=\"kaah3v\" data-start=\"820\" data-end=\"899\">K\u00e4yt\u00e4 punaista neulaa lasinsirujen poistamiseen ja puhdista alue liinalla.<\/li>\n<li data-section-id=\"15e0ufc\" data-start=\"900\" data-end=\"999\">Poista suojakalvo ja kiinnit\u00e4 tarratiiviste tuulilasiin siten, ett\u00e4 reik\u00e4 on vaurion keskell\u00e4.<\/li>\n<li data-section-id=\"16vzjzr\" data-start=\"1000\" data-end=\"1066\">Poista etupuolen suojakalvo ja aseta O-rengas rei\u00e4n keskelle.<\/li>\n<li data-section-id=\"1fjg7nv\" data-start=\"1067\" data-end=\"1167\">Kiinnit\u00e4 alusta tiivisteeseen niin, ett\u00e4 aukko osoittaa yl\u00f6sp\u00e4in, ja paina se tiiviisti kiinni.<\/li>\n<li data-section-id=\"1mz37w2\" data-start=\"1168\" data-end=\"1299\">Ota korjaushartsi ja leikkaa pullon k\u00e4rki auki. Purista pulloa kevyesti 2\u20133 kertaa (noin 2\u20133 tippaa, vaurion koosta riippuen).<\/li>\n<li data-section-id=\"52m8ae\" data-start=\"1300\" data-end=\"1357\">Tarkista peilin avulla, ett\u00e4 hartsia on riitt\u00e4v\u00e4sti.<\/li>\n<li data-section-id=\"w2nl8g\" data-start=\"1358\" data-end=\"1486\">Kierr\u00e4 ruisku alustaan, ved\u00e4 m\u00e4nt\u00e4 yl\u00f6s ja lukitse toiseen asentoon. Anna olla 10\u201315 minuuttia, jotta ilmakuplat poistuvat.<\/li>\n<li data-section-id=\"186wnze\" data-start=\"1487\" data-end=\"1615\">Irrota ruisku ja kiinnit\u00e4 se uudelleen. Paina m\u00e4nt\u00e4 alas ja lukitse ensimm\u00e4iseen asentoon. Anna olla viel\u00e4 10\u201315 minuuttia.<\/li>\n<li data-section-id=\"1ycp5qk\" data-start=\"1616\" data-end=\"1679\">Irrota ruisku ja poista alusta sek\u00e4 tiiviste partater\u00e4ll\u00e4.<\/li>\n<li data-section-id=\"1mtyqxl\" data-start=\"1680\" data-end=\"1723\">Poista ylim\u00e4\u00e4r\u00e4inen hartsi varovasti.<\/li>\n<li data-section-id=\"1b61lv0\" data-start=\"1724\" data-end=\"1823\">Lis\u00e4\u00e4 1\u20132 tippaa hartsia vaurioalueelle ja peit\u00e4 kovetuskalvolla. Tasoita kalvo partater\u00e4ll\u00e4.<\/li>\n<li data-section-id=\"1lz8h89\" data-start=\"1824\" data-end=\"1892\">Kiinnit\u00e4 kalvo tarvittaessa teipill\u00e4 (ei sis\u00e4lly pakkaukseen).<\/li>\n<li data-section-id=\"1qq1v4q\" data-start=\"1893\" data-end=\"1954\">Anna kovettua suorassa auringonvalossa 15\u201320 minuuttia.<\/li>\n<li data-section-id=\"8d6s36\" data-start=\"1955\" data-end=\"2047\">Poista kalvo ja kaavi ylim\u00e4\u00e4r\u00e4inen hartsi pois pit\u00e4m\u00e4ll\u00e4 partater\u00e4\u00e4 noin 45\u00b0 kulmassa.<\/li>\n<\/ol>\n","protected":false},"featured_media":32455,"template":"","meta":{"_acf_changed":false,"_seopress_robots_primary_cat":"","_seopress_titles_title":"","_seopress_titles_desc":"","_seopress_robots_index":""},"product_cat":[339,350,40],"product_tag":[],"class_list":{"0":"post-32450","1":"product","2":"type-product","3":"status-publish","4":"has-post-thumbnail","6":"product_cat-autotyokalut","7":"product_cat-muut","8":"product_cat-korjaamolaitteet","10":"first","11":"instock","12":"taxable","13":"shipping-taxable","14":"purchasable","15":"product-type-simple","swatches":"rey-swatches","show_selected":""},"acf":[],"_links":{"self":[{"href":"https:\/\/toolhouse.fi\/fi\/wp-json\/wp\/v2\/product\/32450","targetHints":{"allow":["GET"]}}],"collection":[{"href":"https:\/\/toolhouse.fi\/fi\/wp-json\/wp\/v2\/product"}],"about":[{"href":"https:\/\/toolhouse.fi\/fi\/wp-json\/wp\/v2\/types\/product"}],"version-history":[{"count":0,"href":"https:\/\/toolhouse.fi\/fi\/wp-json\/wp\/v2\/product\/32450\/revisions"}],"wp:featuredmedia":[{"embeddable":true,"href":"https:\/\/toolhouse.fi\/fi\/wp-json\/wp\/v2\/media\/32455"}],"wp:attachment":[{"href":"https:\/\/toolhouse.fi\/fi\/wp-json\/wp\/v2\/media?parent=32450"}],"wp:term":[{"taxonomy":"product_cat","embeddable":true,"href":"https:\/\/toolhouse.fi\/fi\/wp-json\/wp\/v2\/product_cat?post=32450"},{"taxonomy":"product_tag","embeddable":true,"href":"https:\/\/toolhouse.fi\/fi\/wp-json\/wp\/v2\/product_tag?post=32450"}],"curies":[{"name":"wp","href":"https:\/\/api.w.org\/{rel}","templated":true}]}}