{"id":32461,"date":"2026-03-31T14:47:48","date_gmt":"2026-03-31T11:47:48","guid":{"rendered":"https:\/\/toolhouse.fi\/?post_type=product&#038;p=32461"},"modified":"2026-03-31T15:11:56","modified_gmt":"2026-03-31T12:11:56","slug":"suodatinavain-130-mm","status":"publish","type":"product","link":"https:\/\/toolhouse.fi\/fi\/tuote\/suodatinavain-130-mm\/","title":{"rendered":"Suodatinavain 130 mm"},"content":{"rendered":"","protected":false},"excerpt":{"rendered":"<p data-start=\"57\" data-end=\"117\"><strong data-start=\"57\" data-end=\"115\">\u00d6ljynsuodattimen irrotusty\u00f6kalu ketjulla \u2013 jopa 130 mm<\/strong><\/p>\n<p data-start=\"119\" data-end=\"335\">Kest\u00e4v\u00e4 \u00f6ljynsuodattimen irrotusty\u00f6kalu, jossa on erityisen leve\u00e4 ja tihe\u00e4lenkkinen ketju. Tarjoaa erinomaisen pidon ilman, ett\u00e4 suodatin vaurioituu tai painuu kasaan.<\/p>\n<ul data-start=\"357\" data-end=\"604\">\n<li data-section-id=\"6jcmpm\" data-start=\"357\" data-end=\"423\">Sopii \u00f6ljynsuodattimille, joiden halkaisija on enint\u00e4\u00e4n 130 mm<\/li>\n<li data-section-id=\"1e9cx0\" data-start=\"424\" data-end=\"479\">Leve\u00e4 ketju (21 mm) takaa maksimaalisen pidon<\/li>\n<li data-section-id=\"1peg4sj\" data-start=\"480\" data-end=\"519\">Ei vaurioita suodatinta<\/li>\n<li data-section-id=\"bmm2ix\" data-start=\"520\" data-end=\"564\">1\/2\u2033 v\u00e4\u00e4nti\u00f6 sek\u00e4 24 mm kuusiokanta<\/li>\n<li data-section-id=\"18mtmmz\" data-start=\"565\" data-end=\"583\">Paino: 0,55 kg<\/li>\n<li data-section-id=\"15a5irq\" data-start=\"584\" data-end=\"604\">Valmistaja: Geko<\/li>\n<\/ul>\n","protected":false},"featured_media":32467,"template":"","meta":{"_acf_changed":false,"_seopress_robots_primary_cat":"none","_seopress_titles_title":"","_seopress_titles_desc":"","_seopress_robots_index":""},"product_cat":[339,341,40],"product_tag":[],"class_list":{"0":"post-32461","1":"product","2":"type-product","3":"status-publish","4":"has-post-thumbnail","6":"product_cat-autotyokalut","7":"product_cat-oljynvaihto","8":"product_cat-korjaamolaitteet","9":"product_shipping_class-tillbehor-590e","11":"first","12":"instock","13":"taxable","14":"shipping-taxable","15":"purchasable","16":"product-type-simple","swatches":"rey-swatches","show_selected":""},"acf":[],"_links":{"self":[{"href":"https:\/\/toolhouse.fi\/fi\/wp-json\/wp\/v2\/product\/32461","targetHints":{"allow":["GET"]}}],"collection":[{"href":"https:\/\/toolhouse.fi\/fi\/wp-json\/wp\/v2\/product"}],"about":[{"href":"https:\/\/toolhouse.fi\/fi\/wp-json\/wp\/v2\/types\/product"}],"version-history":[{"count":0,"href":"https:\/\/toolhouse.fi\/fi\/wp-json\/wp\/v2\/product\/32461\/revisions"}],"wp:featuredmedia":[{"embeddable":true,"href":"https:\/\/toolhouse.fi\/fi\/wp-json\/wp\/v2\/media\/32467"}],"wp:attachment":[{"href":"https:\/\/toolhouse.fi\/fi\/wp-json\/wp\/v2\/media?parent=32461"}],"wp:term":[{"taxonomy":"product_cat","embeddable":true,"href":"https:\/\/toolhouse.fi\/fi\/wp-json\/wp\/v2\/product_cat?post=32461"},{"taxonomy":"product_tag","embeddable":true,"href":"https:\/\/toolhouse.fi\/fi\/wp-json\/wp\/v2\/product_tag?post=32461"}],"curies":[{"name":"wp","href":"https:\/\/api.w.org\/{rel}","templated":true}]}}