{"id":32475,"date":"2026-03-31T15:38:24","date_gmt":"2026-03-31T12:38:24","guid":{"rendered":"https:\/\/toolhouse.fi\/?post_type=product&#038;p=32475"},"modified":"2026-04-22T11:20:53","modified_gmt":"2026-04-22T08:20:53","slug":"venyvan-hihnan-asennustyokalu","status":"publish","type":"product","link":"https:\/\/toolhouse.fi\/fi\/tuote\/venyvan-hihnan-asennustyokalu\/","title":{"rendered":"Venyv\u00e4n hihnan asennusty\u00f6kalu"},"content":{"rendered":"","protected":false},"excerpt":{"rendered":"<p>Ty\u00f6kalu venyvien moniurahihnojen (stretch fit) asennukseen ja irrotukseen.<\/p>\n","protected":false},"featured_media":32480,"template":"","meta":{"_acf_changed":false,"_seopress_robots_primary_cat":"","_seopress_titles_title":"","_seopress_titles_desc":"","_seopress_robots_index":"","_seopress_analysis_target_kw":""},"product_cat":[339,480,40],"product_tag":[],"class_list":{"0":"post-32475","1":"product","2":"type-product","3":"status-publish","4":"has-post-thumbnail","6":"product_cat-autotyokalut","7":"product_cat-moottorityokalut","8":"product_cat-korjaamolaitteet","10":"first","11":"instock","12":"taxable","13":"shipping-taxable","14":"purchasable","15":"product-type-simple","swatches":"rey-swatches","show_selected":""},"acf":[],"_links":{"self":[{"href":"https:\/\/toolhouse.fi\/fi\/wp-json\/wp\/v2\/product\/32475","targetHints":{"allow":["GET"]}}],"collection":[{"href":"https:\/\/toolhouse.fi\/fi\/wp-json\/wp\/v2\/product"}],"about":[{"href":"https:\/\/toolhouse.fi\/fi\/wp-json\/wp\/v2\/types\/product"}],"version-history":[{"count":0,"href":"https:\/\/toolhouse.fi\/fi\/wp-json\/wp\/v2\/product\/32475\/revisions"}],"wp:featuredmedia":[{"embeddable":true,"href":"https:\/\/toolhouse.fi\/fi\/wp-json\/wp\/v2\/media\/32480"}],"wp:attachment":[{"href":"https:\/\/toolhouse.fi\/fi\/wp-json\/wp\/v2\/media?parent=32475"}],"wp:term":[{"taxonomy":"product_cat","embeddable":true,"href":"https:\/\/toolhouse.fi\/fi\/wp-json\/wp\/v2\/product_cat?post=32475"},{"taxonomy":"product_tag","embeddable":true,"href":"https:\/\/toolhouse.fi\/fi\/wp-json\/wp\/v2\/product_tag?post=32475"}],"curies":[{"name":"wp","href":"https:\/\/api.w.org\/{rel}","templated":true}]}}