{"id":32487,"date":"2026-03-31T16:49:08","date_gmt":"2026-03-31T13:49:08","guid":{"rendered":"https:\/\/toolhouse.fi\/?post_type=product&#038;p=32487"},"modified":"2026-04-01T09:18:55","modified_gmt":"2026-04-01T06:18:55","slug":"kierretappi-istukka-1-2-m13-m19","status":"publish","type":"product","link":"https:\/\/toolhouse.fi\/fi\/tuote\/kierretappi-istukka-1-2-m13-m19\/","title":{"rendered":"Kierretappi-istukka 1\/2&#8243; &#8211;  M13-M19"},"content":{"rendered":"","protected":false},"excerpt":{"rendered":"<p data-start=\"43\" data-end=\"83\"><strong data-start=\"43\" data-end=\"83\">Adapteri 1\/2&#8243; M13\u2013M19 kierretapeille<\/strong><\/p>\n<p data-start=\"85\" data-end=\"361\">Ammattimainen kierretappiadapteri, joka mahdollistaa nopean ja vaivattoman ty\u00f6skentelyn M13\u2013M19 -kierretappien kanssa 1\/2&#8243; kiinnityksell\u00e4 varustetuilla ty\u00f6kaluilla. Adapteri takaa kierretapin turvallisen ja vakaan kiinnityksen, mik\u00e4 parantaa ty\u00f6n tarkkuutta ja turvallisuutta.<\/p>\n<p data-start=\"85\" data-end=\"361\">\n<h3 data-section-id=\"1cd3x0e\" data-start=\"363\" data-end=\"386\"><span role=\"text\"><strong data-start=\"367\" data-end=\"386\">Tekniset tiedot<\/strong><\/span><\/h3>\n<ul>\n<li>Kiinnitys: 1\/2&#8243;<\/li>\n<li>Kierretappikoko: M13 \u2013 M19<\/li>\n<li>Materiaali: kromivanadiiniter\u00e4s (CrV)<\/li>\n<li data-start=\"482\" data-end=\"529\">K\u00e4ytt\u00f6: manuaalinen ja koneellinen kierteitys<\/li>\n<li data-start=\"531\" data-end=\"551\">Valmistaja: Tvardy<\/li>\n<\/ul>\n","protected":false},"featured_media":32498,"template":"","meta":{"_acf_changed":false,"_seopress_robots_primary_cat":"none","_seopress_titles_title":"","_seopress_titles_desc":"","_seopress_robots_index":"","_seopress_analysis_target_kw":""},"product_cat":[489,337,40],"product_tag":[],"class_list":{"0":"post-32487","1":"product","2":"type-product","3":"status-publish","4":"has-post-thumbnail","6":"product_cat-kierretyokalut","7":"product_cat-tyokalut","8":"product_cat-korjaamolaitteet","10":"first","11":"instock","12":"taxable","13":"shipping-taxable","14":"purchasable","15":"product-type-simple","swatches":"rey-swatches","show_selected":""},"acf":[],"_links":{"self":[{"href":"https:\/\/toolhouse.fi\/fi\/wp-json\/wp\/v2\/product\/32487","targetHints":{"allow":["GET"]}}],"collection":[{"href":"https:\/\/toolhouse.fi\/fi\/wp-json\/wp\/v2\/product"}],"about":[{"href":"https:\/\/toolhouse.fi\/fi\/wp-json\/wp\/v2\/types\/product"}],"version-history":[{"count":0,"href":"https:\/\/toolhouse.fi\/fi\/wp-json\/wp\/v2\/product\/32487\/revisions"}],"wp:featuredmedia":[{"embeddable":true,"href":"https:\/\/toolhouse.fi\/fi\/wp-json\/wp\/v2\/media\/32498"}],"wp:attachment":[{"href":"https:\/\/toolhouse.fi\/fi\/wp-json\/wp\/v2\/media?parent=32487"}],"wp:term":[{"taxonomy":"product_cat","embeddable":true,"href":"https:\/\/toolhouse.fi\/fi\/wp-json\/wp\/v2\/product_cat?post=32487"},{"taxonomy":"product_tag","embeddable":true,"href":"https:\/\/toolhouse.fi\/fi\/wp-json\/wp\/v2\/product_tag?post=32487"}],"curies":[{"name":"wp","href":"https:\/\/api.w.org\/{rel}","templated":true}]}}