{"id":32524,"date":"2026-04-01T16:40:41","date_gmt":"2026-04-01T13:40:41","guid":{"rendered":"https:\/\/toolhouse.fi\/?post_type=product&#038;p=32524"},"modified":"2026-04-01T16:51:46","modified_gmt":"2026-04-01T13:51:46","slug":"tyokalu-polttoainepumpuille-ja-antureille","status":"publish","type":"product","link":"https:\/\/toolhouse.fi\/fi\/tuote\/tyokalu-polttoainepumpuille-ja-antureille\/","title":{"rendered":"Ty\u00f6kalu polttoainepumpuille ja antureille"},"content":{"rendered":"","protected":false},"excerpt":{"rendered":"<p data-start=\"31\" data-end=\"127\"><strong>Ty\u00f6kalu polttoaines\u00e4ili\u00f6n kannen ja anturiyksik\u00f6n irrottamiseen ja asentamiseen<\/strong><\/p>\n<ul data-start=\"129\" data-end=\"285\">\n<li data-section-id=\"5v4jo2\" data-start=\"129\" data-end=\"156\">Ty\u00f6alue: 75 mm \u2013 160 mm<\/li>\n<li data-section-id=\"173abzb\" data-start=\"157\" data-end=\"169\">Kromattu<\/li>\n<li data-section-id=\"16gvsmz\" data-start=\"170\" data-end=\"229\">3-jalkainen rakenne; itselukittuvat jalat lukitusruuvilla<\/li>\n<li data-section-id=\"lmkor5\" data-start=\"230\" data-end=\"264\">24 mm kuusikulmainen kiinnitys<\/li>\n<li data-section-id=\"15a5irq\" data-start=\"265\" data-end=\"285\">Valmistaja: Geko<\/li>\n<\/ul>\n","protected":false},"featured_media":32531,"template":"","meta":{"_acf_changed":false,"_seopress_robots_primary_cat":"","_seopress_titles_title":"","_seopress_titles_desc":"","_seopress_robots_index":"","_seopress_analysis_target_kw":""},"product_cat":[339,480,40],"product_tag":[],"class_list":{"0":"post-32524","1":"product","2":"type-product","3":"status-publish","4":"has-post-thumbnail","6":"product_cat-autotyokalut","7":"product_cat-moottorityokalut","8":"product_cat-korjaamolaitteet","10":"first","11":"instock","12":"taxable","13":"shipping-taxable","14":"purchasable","15":"product-type-simple","swatches":"rey-swatches","show_selected":""},"acf":[],"_links":{"self":[{"href":"https:\/\/toolhouse.fi\/fi\/wp-json\/wp\/v2\/product\/32524","targetHints":{"allow":["GET"]}}],"collection":[{"href":"https:\/\/toolhouse.fi\/fi\/wp-json\/wp\/v2\/product"}],"about":[{"href":"https:\/\/toolhouse.fi\/fi\/wp-json\/wp\/v2\/types\/product"}],"version-history":[{"count":0,"href":"https:\/\/toolhouse.fi\/fi\/wp-json\/wp\/v2\/product\/32524\/revisions"}],"wp:featuredmedia":[{"embeddable":true,"href":"https:\/\/toolhouse.fi\/fi\/wp-json\/wp\/v2\/media\/32531"}],"wp:attachment":[{"href":"https:\/\/toolhouse.fi\/fi\/wp-json\/wp\/v2\/media?parent=32524"}],"wp:term":[{"taxonomy":"product_cat","embeddable":true,"href":"https:\/\/toolhouse.fi\/fi\/wp-json\/wp\/v2\/product_cat?post=32524"},{"taxonomy":"product_tag","embeddable":true,"href":"https:\/\/toolhouse.fi\/fi\/wp-json\/wp\/v2\/product_tag?post=32524"}],"curies":[{"name":"wp","href":"https:\/\/api.w.org\/{rel}","templated":true}]}}