{"id":32753,"date":"2026-05-05T16:11:38","date_gmt":"2026-05-05T13:11:38","guid":{"rendered":"https:\/\/toolhouse.fi\/?post_type=product&#038;p=32753"},"modified":"2026-05-06T11:28:21","modified_gmt":"2026-05-06T08:28:21","slug":"invento-sl-s35-35t","status":"publish","type":"product","link":"https:\/\/toolhouse.fi\/fi\/tuote\/invento-sl-s35-35t\/","title":{"rendered":"INVENTO SL S35 3,5T"},"content":{"rendered":"<table width=\"667\">\n<tbody>\n<tr>\n<td colspan=\"3\" width=\"667\"><\/td>\n<\/tr>\n<tr>\n<td width=\"346\">&nbsp;<\/p>\n<p>Malli<\/td>\n<td colspan=\"2\" width=\"321\">&nbsp;<\/p>\n<p>INVENTO SL S35<\/td>\n<\/tr>\n<tr>\n<td width=\"346\">Nostokapasiteetti<\/td>\n<td colspan=\"2\" width=\"321\">3500kg<\/td>\n<\/tr>\n<tr>\n<td width=\"346\">Nostokorkeus<\/td>\n<td colspan=\"2\" width=\"321\">1000mm<\/td>\n<\/tr>\n<tr>\n<td width=\"346\">Nosto \/ lasku aika<\/td>\n<td colspan=\"2\" width=\"321\">n 30sek<\/td>\n<\/tr>\n<tr>\n<td width=\"346\">Korkeus ala-asennossa<\/td>\n<td colspan=\"2\" width=\"321\">110mm<\/td>\n<\/tr>\n<tr>\n<td width=\"346\">Leveys<\/td>\n<td colspan=\"2\" width=\"321\">1860 mm<\/td>\n<\/tr>\n<tr>\n<td width=\"346\">Ajosillan pituus<\/p>\n<p>Ajosillan pituus rampit yl\u00e4asennossa<\/td>\n<td colspan=\"2\" width=\"321\">1410 mm<\/p>\n<p>2010 mm<\/td>\n<\/tr>\n<tr>\n<td width=\"346\">Ajosillan leveys<\/td>\n<td colspan=\"2\" width=\"321\">535 mm<\/td>\n<\/tr>\n<tr>\n<td width=\"346\">Virtal\u00e4hde<\/p>\n<p>Ohjausj\u00e4nnite:<\/td>\n<td colspan=\"2\" width=\"321\">400V<\/p>\n<p>24v<\/td>\n<\/tr>\n<tr>\n<td width=\"346\">Moottoriteho<\/td>\n<td colspan=\"2\" width=\"321\">2.2KW<\/td>\n<\/tr>\n<tr>\n<td width=\"346\">Ce-hyv\u00e4ksytty<\/p>\n<p>Takuu<\/td>\n<td colspan=\"2\" width=\"321\">Kyll\u00e4<\/p>\n<p>1 vuosi<\/td>\n<\/tr>\n<tr>\n<td width=\"346\">Melutaso<\/p>\n<p>L\u00e4mp\u00f6tila-alue<\/td>\n<td colspan=\"2\" width=\"321\">\u226470 dB(A)<\/p>\n<p>-10\u00b0C &#8211; 40\u00b0C.<\/td>\n<\/tr>\n<tr>\n<td width=\"346\">Nettopaino<\/td>\n<td colspan=\"2\" width=\"321\">550kg<\/td>\n<\/tr>\n<\/tbody>\n<\/table>\n","protected":false},"excerpt":{"rendered":"<p>Matalaprofiilinen siirrett\u00e4v\u00e4 matalasaksinostin, 3,5 tonnin nostokyvyll\u00e4. Mukana siirtopy\u00f6r\u00e4t, joiden avulla nostinta voidaan helposti siirt\u00e4\u00e4 tasaisella pinnalla.<\/p>\n<p>&nbsp;<\/p>\n<ul>\n<li>Automaattiset 24v turvalukot<\/li>\n<li tabindex=\"0\" role=\"label\">Hydraulinen<\/li>\n<li tabindex=\"0\" role=\"label\">Nostokyky 3500kg<\/li>\n<li tabindex=\"0\" role=\"label\">Nostokorkeus 1000mm<\/li>\n<li tabindex=\"0\" role=\"label\">Leveys 1860mm<\/li>\n<li tabindex=\"0\" role=\"label\">Pituus 1410 mm \u2013 2010 mm<\/li>\n<li>Korkeus ala-asennossa 110 mm<\/li>\n<li tabindex=\"0\" role=\"label\">Siirrett\u00e4v\u00e4<\/li>\n<li>Siirtopy\u00f6r\u00e4sarja sis\u00e4ltyy hintaan<\/li>\n<li>Lukittavat rampit<\/li>\n<li>Toimitus sis\u00e4lt\u00e4\u00e4 4 kpl nostotyynyt.<\/li>\n<li>400V<\/li>\n<\/ul>\n<p>&nbsp;<\/p>\n<p>SL S35:n nerokas geometria mahdollistaa matalan 110 mm korkeuden,\u00a0 \u00a0 \u00a0 \u00a0 \u00a0 \u00a0 \u00a0 \u00a0 \u00a0 \u00a0 \u00a0 \u00a0 \u00a0 \u00a0<img alt=\"\" fetchpriority=\"high\" decoding=\"async\" class=\" wp-image-5727 alignright\" src=\"https:\/\/toolhouse.fi\/wp-content\/uploads\/2021\/11\/saksinostin-3500kg-5-300x300.jpg\" alt=\"\" width=\"334\" height=\"334\" srcset=\"https:\/\/toolhouse.fi\/wp-content\/uploads\/2021\/11\/saksinostin-3500kg-5-300x300.jpg 300w, https:\/\/toolhouse.fi\/wp-content\/uploads\/2021\/11\/saksinostin-3500kg-5-100x100.jpg 100w, https:\/\/toolhouse.fi\/wp-content\/uploads\/2021\/11\/saksinostin-3500kg-5-510x510.jpg 510w, https:\/\/toolhouse.fi\/wp-content\/uploads\/2021\/11\/saksinostin-3500kg-5-150x150.jpg 150w, https:\/\/toolhouse.fi\/wp-content\/uploads\/2021\/11\/saksinostin-3500kg-5-768x768.jpg 768w, https:\/\/toolhouse.fi\/wp-content\/uploads\/2021\/11\/saksinostin-3500kg-5-400x400.jpg 400w, https:\/\/toolhouse.fi\/wp-content\/uploads\/2021\/11\/saksinostin-3500kg-5-700x700.jpg 700w, https:\/\/toolhouse.fi\/wp-content\/uploads\/2021\/11\/saksinostin-3500kg-5.jpg 800w\" sizes=\"(max-width: 334px) 100vw, 334px\" \/><\/p>\n<p>jolloin nosturille on helppo ajaa matalillakin autoilla.<\/p>\n<p>Noston alkuvaiheessa lis\u00e4vipu ponnistaa saksen alkunoston lattiaan tukeutuen,<\/p>\n<p>mik\u00e4 mahdollistaa poikkeuksellisen matalan rakenteen ja nostin pystyy nostamaan t\u00e4ydell\u00e4<\/p>\n<p>3,5 tonnin kapasiteetilla my\u00f6s noston alkuvaiheessa.<\/p>\n<p>&nbsp;<\/p>\n<div class=\"flex max-w-full flex-col flex-grow\">\n<div class=\"min-h-8 text-message flex w-full flex-col items-end gap-2 whitespace-normal break-words text-start [.text-message+&amp;]:mt-5\" dir=\"auto\" data-message-author-role=\"assistant\" data-message-id=\"92b0cb9a-18a8-4178-8a13-4c4a6150b223\" data-message-model-slug=\"gpt-4o\">\n<div class=\"flex w-full flex-col gap-1 empty:hidden first:pt-[3px]\">\n<div class=\"markdown prose w-full break-words dark:prose-invert light\">\n<p><strong>Helppo asentaa<\/strong><\/p>\n<p>SL S35 ja ohjausyksikk\u00f6 toimitetaan hyvin suojattuna tukevissa vanerilaatikoissa.<\/p>\n<p>Asennus on helppo ja kest\u00e4\u00e4 noin tunnin. Hydrauliletkut ja s\u00e4hk\u00f6liit\u00e4nn\u00e4t yhdistet\u00e4\u00e4n vaivattomasti nosturin ja ohjausyksik\u00f6n v\u00e4lille.<\/p>\n<p>Rampit asennetaan nopeasti tapeilla ja lukitusrenkailla. Laite tarvitsee noin 10 litraa hydraul\u00f6ljy\u00e4, joka ei sis\u00e4lly toimitukseen.<\/p>\n<p>S\u00e4hk\u00f6kaapeli ja pistoke ovat esiasennettuja, mik\u00e4 tekee asennuksesta entist\u00e4kin helpompaa.<\/p>\n<\/div>\n<p>&nbsp;<\/p>\n<\/div>\n<\/div>\n<\/div>\n<p>SL S35 on CE-hyv\u00e4ksytty ja toimitetaan 12 kuukauden takuulla. Kaikki varaosat ovat saatavilla.<\/p>\n","protected":false},"featured_media":32763,"template":"","meta":{"_acf_changed":false,"_seopress_robots_primary_cat":"none","_seopress_titles_title":"","_seopress_titles_desc":"","_seopress_robots_index":""},"product_cat":[455,37,289],"product_tag":[],"class_list":{"0":"post-32753","1":"product","2":"type-product","3":"status-publish","4":"has-post-thumbnail","6":"product_cat-ajoneuvonostimet","7":"product_cat-autonostimet","8":"product_cat-saksinostimet","10":"first","11":"instock","12":"taxable","13":"shipping-taxable","14":"purchasable","15":"product-type-simple","swatches":"rey-swatches","show_selected":""},"acf":[],"_links":{"self":[{"href":"https:\/\/toolhouse.fi\/fi\/wp-json\/wp\/v2\/product\/32753","targetHints":{"allow":["GET"]}}],"collection":[{"href":"https:\/\/toolhouse.fi\/fi\/wp-json\/wp\/v2\/product"}],"about":[{"href":"https:\/\/toolhouse.fi\/fi\/wp-json\/wp\/v2\/types\/product"}],"version-history":[{"count":1,"href":"https:\/\/toolhouse.fi\/fi\/wp-json\/wp\/v2\/product\/32753\/revisions"}],"predecessor-version":[{"id":32783,"href":"https:\/\/toolhouse.fi\/fi\/wp-json\/wp\/v2\/product\/32753\/revisions\/32783"}],"wp:featuredmedia":[{"embeddable":true,"href":"https:\/\/toolhouse.fi\/fi\/wp-json\/wp\/v2\/media\/32763"}],"wp:attachment":[{"href":"https:\/\/toolhouse.fi\/fi\/wp-json\/wp\/v2\/media?parent=32753"}],"wp:term":[{"taxonomy":"product_cat","embeddable":true,"href":"https:\/\/toolhouse.fi\/fi\/wp-json\/wp\/v2\/product_cat?post=32753"},{"taxonomy":"product_tag","embeddable":true,"href":"https:\/\/toolhouse.fi\/fi\/wp-json\/wp\/v2\/product_tag?post=32753"}],"curies":[{"name":"wp","href":"https:\/\/api.w.org\/{rel}","templated":true}]}}