{"id":32789,"date":"2026-05-06T13:18:16","date_gmt":"2026-05-06T10:18:16","guid":{"rendered":"https:\/\/toolhouse.fi\/?post_type=product&#038;p=32789"},"modified":"2026-05-07T19:00:52","modified_gmt":"2026-05-07T16:00:52","slug":"invento-vbs-220e","status":"publish","type":"product","link":"https:\/\/toolhouse.fi\/fi\/tuote\/invento-vbs-220e\/","title":{"rendered":"INVENTO VBS 220E"},"content":{"rendered":"<table class=\"n54117_dictionary\">\n<tbody>\n<tr>\n<td class=\"n54117_item_a1\">Malli:<\/td>\n<td class=\"n54117_item_b1\">Invento vbs 220e<\/td>\n<\/tr>\n<tr>\n<td class=\"n54117_item_a2\">Tyyppi<span class=\"n67256colon\">:<\/span><\/td>\n<td class=\"n54117_item_b2\">\n<div class=\"n54117_item_b_sub\">Automaattinen<\/div>\n<\/td>\n<\/tr>\n<tr>\n<td class=\"n54117_item_a1\">&nbsp;<\/td>\n<td class=\"n54117_item_b1\">\n<div class=\"n54117_item_b_sub\"><\/div>\n<div><\/div>\n<div class=\"n54117_item_b_sub\"><\/div>\n<\/td>\n<\/tr>\n<tr>\n<td class=\"n54117_item_a2\"><span class=\"n67256colon\">Mittausaika:<\/span><\/td>\n<td class=\"n54117_item_b2\">\n<div class=\"n54117_item_b_sub\">8 sekuntia<\/div>\n<\/td>\n<\/tr>\n<tr>\n<td class=\"n54117_item_a1\"><span class=\"n67256colon\">Melutaso:<\/span><\/td>\n<td class=\"n54117_item_b1\">\n<div class=\"n54117_item_b_sub\">&gt; 69 dB<\/div>\n<\/td>\n<\/tr>\n<tr>\n<td class=\"n54117_item_a2\">Akselin halk:<\/td>\n<td class=\"n54117_item_b2\">\n<div class=\"n54117_item_b_sub\">40mm\u00a0 x 3mm kierre<\/div>\n<\/td>\n<\/tr>\n<tr>\n<td class=\"n54117_item_a1\">Tasapainotusohjelmat:<\/td>\n<td class=\"n54117_item_b1\">\n<div class=\"n54117_item_b_sub\">5 x alu, dynaaminen, staattinen,<\/div>\n<\/td>\n<\/tr>\n<tr>\n<td class=\"n54117_item_a2\">Renkaan enimm\u00e4ispaino:<\/td>\n<td class=\"n54117_item_b2\">\n<div class=\"n54117_item_b_sub\">65 kg<\/div>\n<\/td>\n<\/tr>\n<tr>\n<td class=\"n54117_item_a1\"><span class=\"n67256colon\">Py\u00f6rimisnopeus:<\/span><\/td>\n<td class=\"n54117_item_b1\">\n<div class=\"n54117_item_b_sub\">200 rpm<\/div>\n<\/td>\n<\/tr>\n<tr>\n<td class=\"n54117_item_a2\"><span class=\"n67256colon\">Tarkkuus:<\/span><\/td>\n<td class=\"n54117_item_b2\">\n<div class=\"n54117_item_b_sub\">1g<\/div>\n<\/td>\n<\/tr>\n<tr>\n<td class=\"n54117_item_a1\">Vanteen halkaisija:<\/td>\n<td class=\"n54117_item_b1\">\n<div class=\"n54117_item_b_sub\">10 \u201c- 24\u201d<\/div>\n<\/td>\n<\/tr>\n<tr>\n<td class=\"n54117_item_a2\"><span class=\"n67256colon\">Painon asettaminen:<\/span><\/td>\n<td class=\"n54117_item_b2\">\n<div class=\"n54117_item_b_sub\">Led n\u00e4ytt\u00f6, \u00e4\u00e4nimerkki, laser<\/div>\n<\/td>\n<\/tr>\n<tr>\n<td class=\"n54117_item_a1\"><span class=\"n67256colon\">Toiminnot:<\/span><\/td>\n<td class=\"n54117_item_b1\">\n<div class=\"n54117_item_b_sub\">Autokalibrointi, auto-diagnoosi,<\/div>\n<div class=\"n54117_item_b_sub\">Split=piilopaino-ohjelma, auto-alu ohjelma<\/div>\n<\/td>\n<\/tr>\n<tr>\n<td class=\"n54117_item_a2\"><span class=\"n67256colon\">Automaattinen mittaus:<\/span><\/td>\n<td class=\"n54117_item_b2\">\n<div class=\"n54117_item_b_sub\">Halkaisija, \u00a0et\u00e4isyys<\/div>\n<\/td>\n<\/tr>\n<tr>\n<td class=\"n54117_item_a1\">J\u00e4nnite<span class=\"n67256colon\">:<\/span><\/td>\n<td class=\"n54117_item_b1\">\n<div class=\"n54117_item_b_sub\">230V 50Hz<\/div>\n<\/td>\n<\/tr>\n<tr>\n<td class=\"n54117_item_a2\">Takuu<span class=\"n67256colon\">:<\/span><\/td>\n<td class=\"n54117_item_b2\">\n<div class=\"n54117_item_b_sub\">12 kuukautta<\/div>\n<\/td>\n<\/tr>\n<tr>\n<td class=\"n54117_item_a1\"><span class=\"n67256colon\">Ce-hyv\u00e4ksytty:<\/span><\/td>\n<td class=\"n54117_item_b1\">\n<div class=\"n54117_item_b_sub\">Kyll\u00e4<\/div>\n<\/td>\n<\/tr>\n<\/tbody>\n<\/table>\n","protected":false},"excerpt":{"rendered":"<h3><strong>Automaattinen tasapainotuskone INVENTO VBS 220E<\/strong><\/h3>\n<ul data-start=\"59\" data-end=\"835\">\n<li data-section-id=\"1v4gdcn\" data-start=\"59\" data-end=\"155\"><strong data-start=\"61\" data-end=\"95\">Laser:<\/strong> Nopea ja tarkka painojen sijoittelu laserosoittimen avulla.<\/li>\n<li data-section-id=\"5cqg7h\" data-start=\"156\" data-end=\"333\"><strong data-start=\"158\" data-end=\"184\">Automaattinen mittaus:<\/strong> Vanteen halkaisija ja et\u00e4isyys mitataan automaattisesti mittausvarrella. Automaattitilassa <strong>kaikki<\/strong> mitat rekister\u00f6ityv\u00e4t ilman manuaalista sy\u00f6tt\u00f6\u00e4.<\/li>\n<li data-section-id=\"sm4c55\" data-start=\"334\" data-end=\"438\"><strong data-start=\"336\" data-end=\"366\">Monipuolinen mittausvarsi:<\/strong> Soveltuu sek\u00e4 tarkkaan mittaukseen ett\u00e4 liimapainojen sijoittamiseen.<\/li>\n<li data-section-id=\"1301b6s\" data-start=\"439\" data-end=\"567\"><strong data-start=\"441\" data-end=\"468\">8 tasapainotusohjelmaa:<\/strong> Viisi ohjelmaa alumiinivanteille, normaali tila, staattinen tasapainotus sek\u00e4 automaattiohjelma.<\/li>\n<li data-section-id=\"5qz1jq\" data-start=\"568\" data-end=\"711\"><strong data-start=\"570\" data-end=\"597\">Optimointi: <\/strong>Suuren ep\u00e4tasapainon sattuessa OPT-toiminto auttaa py\u00f6ritt\u00e4m\u00e4\u00e4n rengasta vanteella ep\u00e4tasapainon minimoimiseksi.<\/li>\n<li data-section-id=\"1kmo8ic\" data-start=\"712\" data-end=\"835\"><strong data-start=\"714\" data-end=\"737\">Piilopainotoiminto:<\/strong> Mahdollistaa painojen asentamisen vanteen puolien taakse siistin lopputuloksen saavuttamiseksi.<\/li>\n<\/ul>\n<p data-start=\"837\" data-end=\"1289\">INVENTO VBS 220E on korkealaatuinen py\u00f6r\u00e4ntasapainotuskone ammattik\u00e4ytt\u00f6\u00f6n k\u00e4ytt\u00e4jille, jotka vaativat huippusuorituskyky\u00e4 ja modernia teknologiaa. Laite on varustettu automaattisella mittausvarrella ja laserosoittimella, joiden avulla tasapainotus ja painojen sijoittaminen onnistuvat nopeasti ja tarkasti. Lasertekniikka v\u00e4hent\u00e4\u00e4 virheiden riski\u00e4. Mallissa on sek\u00e4 s\u00e4hk\u00f6mekaaninen jarru ett\u00e4 jalkajarru, jotka tekev\u00e4t p\u00e4ivitt\u00e4isest\u00e4 k\u00e4yt\u00f6st\u00e4 sujuvaa.<\/p>\n<p data-start=\"1291\" data-end=\"1322\"><strong>Monipuoliset tasapainotusohjelmat<\/strong><\/p>\n<p data-start=\"1324\" data-end=\"1438\">Laite sis\u00e4lt\u00e4\u00e4 viisi erillist\u00e4 ohjelmaa alumiinivanteille ja tukee sek\u00e4 dynaamista ett\u00e4 staattista tasapainotusta.<\/p>\n<p data-start=\"1440\" data-end=\"1744\">VBS 220E soveltuu henkil\u00f6autojen, pakettiautojen ja moottoripy\u00f6rien py\u00f6rien tasapainotukseen (mp-adapteri saatavana lis\u00e4varusteena). Mittausaika on vain 8 sekuntia, ja laite k\u00e4ynnistyy automaattisesti, kun suojakupu lasketaan alas. Mittauksen j\u00e4lkeen kone pys\u00e4htyy nopeasti s\u00e4hk\u00f6mekaanisen jarrun avulla.<\/p>\n<p data-start=\"1746\" data-end=\"1760\"><strong data-start=\"1746\" data-end=\"1760\">LED-n\u00e4ytt\u00f6<\/strong><\/p>\n<p data-start=\"1762\" data-end=\"1893\">Suuri LED-n\u00e4ytt\u00f6 n\u00e4ytt\u00e4\u00e4 selke\u00e4sti ep\u00e4tasapainon sijainnin. Laitteessa on my\u00f6s suuret ja selke\u00e4t painikkeet helppoa k\u00e4ytt\u00f6\u00e4 varten.<\/p>\n<p data-start=\"1895\" data-end=\"1924\"><strong data-start=\"1895\" data-end=\"1924\">Akselin halkaisija: 40 mm<\/strong><\/p>\n<p data-start=\"1926\" data-end=\"2017\">VBS 220E on varustettu 40 mm akselilla ja yhteensopiva laajan lis\u00e4varustevalikoiman kanssa.<\/p>\n<p data-start=\"2019\" data-end=\"2049\"><strong data-start=\"2019\" data-end=\"2049\">Itsetestaus ja kalibrointi<\/strong><\/p>\n<p data-start=\"2051\" data-end=\"2236\">Laite on helppo diagnosoida ja varustettu k\u00e4ytt\u00e4j\u00e4yst\u00e4v\u00e4llisell\u00e4 kalibrointij\u00e4rjestelm\u00e4ll\u00e4, jonka ansiosta k\u00e4ytt\u00e4j\u00e4 voi itse kalibroida laitteen optimaalisen tarkkuuden saavuttamiseksi.<\/p>\n<p data-start=\"2238\" data-end=\"2256\"><strong data-start=\"2238\" data-end=\"2256\">Vakiovarusteet<\/strong><\/p>\n<ul data-start=\"2258\" data-end=\"2391\" data-is-last-node=\"\" data-is-only-node=\"\">\n<li data-section-id=\"x9388b\" data-start=\"2258\" data-end=\"2281\">Kartiosarja (4 kpl)<\/li>\n<li data-section-id=\"16wyw2l\" data-start=\"2282\" data-end=\"2297\">Pikamutteri<\/li>\n<li data-section-id=\"10aamcg\" data-start=\"2298\" data-end=\"2308\">Painopihdit<\/li>\n<li data-section-id=\"gx32tg\" data-start=\"2309\" data-end=\"2364\">Vannemitta<\/li>\n<li data-section-id=\"5ipp7g\" data-start=\"2365\" data-end=\"2391\" data-is-last-node=\"\">Kalibrointipaino<\/li>\n<\/ul>\n","protected":false},"featured_media":32872,"template":"","meta":{"_acf_changed":false,"_seopress_robots_primary_cat":"none","_seopress_titles_title":"","_seopress_titles_desc":"","_seopress_robots_index":""},"product_cat":[39,187,622],"product_tag":[],"class_list":{"0":"post-32789","1":"product","2":"type-product","3":"status-publish","4":"has-post-thumbnail","6":"product_cat-rengastyo","7":"product_cat-tasapainotuskoneet","8":"product_cat-tasapainotuskoneet-kevyt-kalusto","10":"first","11":"instock","12":"taxable","13":"shipping-taxable","14":"purchasable","15":"product-type-simple","swatches":"rey-swatches","show_selected":""},"acf":[],"_links":{"self":[{"href":"https:\/\/toolhouse.fi\/fi\/wp-json\/wp\/v2\/product\/32789","targetHints":{"allow":["GET"]}}],"collection":[{"href":"https:\/\/toolhouse.fi\/fi\/wp-json\/wp\/v2\/product"}],"about":[{"href":"https:\/\/toolhouse.fi\/fi\/wp-json\/wp\/v2\/types\/product"}],"version-history":[{"count":3,"href":"https:\/\/toolhouse.fi\/fi\/wp-json\/wp\/v2\/product\/32789\/revisions"}],"predecessor-version":[{"id":32869,"href":"https:\/\/toolhouse.fi\/fi\/wp-json\/wp\/v2\/product\/32789\/revisions\/32869"}],"wp:featuredmedia":[{"embeddable":true,"href":"https:\/\/toolhouse.fi\/fi\/wp-json\/wp\/v2\/media\/32872"}],"wp:attachment":[{"href":"https:\/\/toolhouse.fi\/fi\/wp-json\/wp\/v2\/media?parent=32789"}],"wp:term":[{"taxonomy":"product_cat","embeddable":true,"href":"https:\/\/toolhouse.fi\/fi\/wp-json\/wp\/v2\/product_cat?post=32789"},{"taxonomy":"product_tag","embeddable":true,"href":"https:\/\/toolhouse.fi\/fi\/wp-json\/wp\/v2\/product_tag?post=32789"}],"curies":[{"name":"wp","href":"https:\/\/api.w.org\/{rel}","templated":true}]}}