{"id":32924,"date":"2026-05-12T11:38:36","date_gmt":"2026-05-12T08:38:36","guid":{"rendered":"https:\/\/toolhouse.fi\/?post_type=product&#038;p=32924"},"modified":"2026-05-12T12:16:41","modified_gmt":"2026-05-12T09:16:41","slug":"invento-vbs-250","status":"publish","type":"product","link":"https:\/\/toolhouse.fi\/fi\/tuote\/invento-vbs-250\/","title":{"rendered":"INVENTO VBS 250"},"content":{"rendered":"<table class=\"n54117_dictionary\">\n<tbody>\n<tr>\n<td class=\"n54117_item_a1\">Malli:<\/td>\n<td class=\"n54117_item_b1\">Invento vbs 250<\/td>\n<\/tr>\n<tr>\n<td class=\"n54117_item_a2\">Tyyppi<span class=\"n67256colon\">:<\/span><\/td>\n<td class=\"n54117_item_b2\">\n<div class=\"n54117_item_b_sub\">Automaattinen<\/div>\n<\/td>\n<\/tr>\n<tr>\n<td class=\"n54117_item_a1\"><\/td>\n<td class=\"n54117_item_b1\">\n<div class=\"n54117_item_b_sub\"><\/div>\n<div><\/div>\n<div class=\"n54117_item_b_sub\"><\/div>\n<\/td>\n<\/tr>\n<tr>\n<td class=\"n54117_item_a2\"><span class=\"n67256colon\">Mittausaika:<\/span><\/td>\n<td class=\"n54117_item_b2\">\n<div class=\"n54117_item_b_sub\">8 sekuntia<\/div>\n<\/td>\n<\/tr>\n<tr>\n<td class=\"n54117_item_a1\"><span class=\"n67256colon\">Melutaso:<\/span><\/td>\n<td class=\"n54117_item_b1\">\n<div class=\"n54117_item_b_sub\">&gt; 69 dB<\/div>\n<\/td>\n<\/tr>\n<tr>\n<td class=\"n54117_item_a2\">Akselin halk:<\/td>\n<td class=\"n54117_item_b2\">\n<div class=\"n54117_item_b_sub\">40mm\u00a0 x 3mm kierre<\/div>\n<\/td>\n<\/tr>\n<tr>\n<td class=\"n54117_item_a1\">Tasapainotusohjelmat:<\/td>\n<td class=\"n54117_item_b1\">\n<div class=\"n54117_item_b_sub\">8 kpl (DYN, ALU1, ALU2, ALU3, ALU4, ALU5, ALU-S, ST)<\/div>\n<\/td>\n<\/tr>\n<tr>\n<td class=\"n54117_item_a2\">Renkaan enimm\u00e4ispaino:<\/td>\n<td class=\"n54117_item_b2\">\n<div class=\"n54117_item_b_sub\">65 kg<\/div>\n<\/td>\n<\/tr>\n<tr>\n<td class=\"n54117_item_a1\"><span class=\"n67256colon\">Py\u00f6rimisnopeus:<\/span><\/td>\n<td class=\"n54117_item_b1\">\n<div class=\"n54117_item_b_sub\">200 rpm<\/div>\n<\/td>\n<\/tr>\n<tr>\n<td class=\"n54117_item_a2\"><span class=\"n67256colon\">Tarkkuus:<\/span><\/td>\n<td class=\"n54117_item_b2\">\n<div class=\"n54117_item_b_sub\">1g<\/div>\n<\/td>\n<\/tr>\n<tr>\n<td class=\"n54117_item_a1\">Vanteen halkaisija:<\/td>\n<td class=\"n54117_item_b1\">\n<div class=\"n54117_item_b_sub\">10 \u201c- 24\u201d<\/div>\n<\/td>\n<\/tr>\n<tr>\n<td class=\"n54117_item_a2\"><span class=\"n67256colon\">Painon asettaminen:<\/span><\/td>\n<td class=\"n54117_item_b2\">\n<div class=\"n54117_item_b_sub\">Led n\u00e4ytt\u00f6, \u00e4\u00e4nimerkki, laser<\/div>\n<\/td>\n<\/tr>\n<tr>\n<td class=\"n54117_item_a1\"><span class=\"n67256colon\">Toiminnot:<\/span><\/td>\n<td class=\"n54117_item_b1\">\n<div class=\"n54117_item_b_sub\">Autokalibrointi, auto-diagnoosi, LED-valaistus<\/div>\n<div class=\"n54117_item_b_sub\">Split=piilopaino-ohjelma, auto-alu ohjelma<\/div>\n<\/td>\n<\/tr>\n<tr>\n<td class=\"n54117_item_a2\"><span class=\"n67256colon\">Automaattinen mittaus:<\/span><\/td>\n<td class=\"n54117_item_b2\">\n<div class=\"n54117_item_b_sub\">Halkaisija, \u00a0et\u00e4isyys<\/div>\n<\/td>\n<\/tr>\n<tr>\n<td class=\"n54117_item_a1\">J\u00e4nnite<span class=\"n67256colon\">:<\/span><\/td>\n<td class=\"n54117_item_b1\">\n<div class=\"n54117_item_b_sub\">230V 50Hz<\/div>\n<\/td>\n<\/tr>\n<tr>\n<td class=\"n54117_item_a2\">Takuu<span class=\"n67256colon\">:<\/span><\/td>\n<td class=\"n54117_item_b2\">\n<div class=\"n54117_item_b_sub\">12 kuukautta<\/div>\n<\/td>\n<\/tr>\n<tr>\n<td class=\"n54117_item_a1\"><span class=\"n67256colon\">Ce-hyv\u00e4ksytty:<\/span><\/td>\n<td class=\"n54117_item_b1\">\n<div class=\"n54117_item_b_sub\">Kyll\u00e4<\/div>\n<\/td>\n<\/tr>\n<\/tbody>\n<\/table>\n","protected":false},"excerpt":{"rendered":"<h3><strong>Automaattinen tasapainotuskone INVENTO VBS 250<\/strong><\/h3>\n<ul data-start=\"59\" data-end=\"835\">\n<li data-section-id=\"1v4gdcn\" data-start=\"59\" data-end=\"155\"><strong data-start=\"61\" data-end=\"95\">Laser:<\/strong> Nopea ja tarkka painojen sijoittelu laserosoittimen avulla.<\/li>\n<li><strong>LED-valaistus<\/strong>: Helpottaa painojen sijoittamista ja syttyy automaattisesti yhdess\u00e4 laserosoittimen kanssa.<\/li>\n<li data-section-id=\"5cqg7h\" data-start=\"156\" data-end=\"333\"><strong data-start=\"158\" data-end=\"184\">Automaattinen mittaus:<\/strong> Vanteen halkaisija ja et\u00e4isyys mitataan automaattisesti mittausvarrella. Automaattitilassa <strong>kaikki<\/strong> mitat rekister\u00f6ityv\u00e4t ilman manuaalista sy\u00f6tt\u00f6\u00e4.<\/li>\n<li data-section-id=\"sm4c55\" data-start=\"334\" data-end=\"438\"><strong data-start=\"336\" data-end=\"366\">Monipuolinen mittausvarsi:<\/strong> Soveltuu sek\u00e4 tarkkaan mittaukseen ett\u00e4 liimapainojen sijoittamiseen.<\/li>\n<li data-section-id=\"1301b6s\" data-start=\"439\" data-end=\"567\"><strong data-start=\"441\" data-end=\"468\">8 tasapainotusohjelmaa:<\/strong> Kuusi ohjelmaa alumiinivanteille mukaan lukien automaattiohjelma. Dynaaminen ja staattinen tasapainotus.<\/li>\n<li data-section-id=\"5qz1jq\" data-start=\"568\" data-end=\"711\"><strong data-start=\"570\" data-end=\"597\">Optimointi: <\/strong>Suuren ep\u00e4tasapainon sattuessa OPT-toiminto auttaa py\u00f6ritt\u00e4m\u00e4\u00e4n rengasta vanteella ep\u00e4tasapainon minimoimiseksi.<\/li>\n<li data-section-id=\"1kmo8ic\" data-start=\"712\" data-end=\"835\"><strong data-start=\"714\" data-end=\"737\">Piilopainotoiminto:<\/strong> Mahdollistaa painojen asentamisen vanteen puolien taakse siistin lopputuloksen saavuttamiseksi.<\/li>\n<\/ul>\n<div class=\"\" data-turn-id-container=\"4455e83e-aa98-434a-8eb2-a575fda5d7b2\" data-is-intersecting=\"true\">\n<div class=\"relative w-full overflow-visible\">\n<section class=\"text-token-text-primary w-full focus:outline-none [--shadow-height:45px] has-data-writing-block:pointer-events-none has-data-writing-block:-mt-(--shadow-height) has-data-writing-block:pt-(--shadow-height) [&amp;:has([data-writing-block])&gt;*]:pointer-events-auto R6Vx5W_threadScrollVars scroll-mb-[calc(var(--scroll-root-safe-area-inset-bottom,0px)+var(--thread-response-height))] scroll-mt-(--header-height)\" dir=\"auto\" data-turn-id=\"4455e83e-aa98-434a-8eb2-a575fda5d7b2\" data-turn-id-container=\"4455e83e-aa98-434a-8eb2-a575fda5d7b2\" data-testid=\"conversation-turn-35\" data-scroll-anchor=\"false\" data-turn=\"user\"><\/section>\n<div class=\"contents\"><\/div>\n<\/div>\n<\/div>\n<div class=\"\" data-turn-id-container=\"request-69fcb2d2-d624-832d-9daf-d4e50958bf52-1\" data-is-intersecting=\"true\">\n<div class=\"relative w-full overflow-visible\">\n<section class=\"text-token-text-primary w-full focus:outline-none [--shadow-height:45px] has-data-writing-block:pointer-events-none has-data-writing-block:-mt-(--shadow-height) has-data-writing-block:pt-(--shadow-height) [&amp;:has([data-writing-block])&gt;*]:pointer-events-auto R6Vx5W_threadScrollVars scroll-mb-[calc(var(--scroll-root-safe-area-inset-bottom,0px)+var(--thread-response-height))] scroll-mt-[calc(var(--header-height)+min(200px,max(70px,20svh)))]\" dir=\"auto\" data-turn-id=\"request-69fcb2d2-d624-832d-9daf-d4e50958bf52-1\" data-turn-id-container=\"request-69fcb2d2-d624-832d-9daf-d4e50958bf52-1\" data-testid=\"conversation-turn-36\" data-scroll-anchor=\"false\" data-turn=\"assistant\">\n<div class=\"text-base my-auto mx-auto pb-10 [--thread-content-margin:var(--thread-content-margin-xs,calc(var(--spacing)*4))] @w-sm\/main:[--thread-content-margin:var(--thread-content-margin-sm,calc(var(--spacing)*6))] @w-lg\/main:[--thread-content-margin:var(--thread-content-margin-lg,calc(var(--spacing)*16))] px-(--thread-content-margin)\">\n<div class=\"[--thread-content-max-width:40rem] @w-lg\/main:[--thread-content-max-width:48rem] mx-auto max-w-(--thread-content-max-width) flex-1 group\/turn-messages focus-visible:outline-hidden relative flex w-full min-w-0 flex-col agent-turn\">\n<div class=\"flex max-w-full flex-col gap-4 grow\">\n<div class=\"min-h-8 text-message relative flex w-full flex-col items-end gap-2 text-start break-words whitespace-normal outline-none keyboard-focused:focus-ring [.text-message+&amp;]:mt-1\" dir=\"auto\" tabindex=\"0\" data-message-author-role=\"assistant\" data-message-id=\"e4562eaf-e12c-46b0-b676-4eb848d5366d\" data-message-model-slug=\"gpt-5-5\" data-turn-start-message=\"true\">\n<div class=\"flex w-full flex-col gap-1 empty:hidden\">\n<div class=\"markdown prose dark:prose-invert wrap-break-word w-full light markdown-new-styling\">\n<p data-start=\"0\" data-end=\"304\" data-is-last-node=\"\" data-is-only-node=\"\">INVENTO Silver VBS 250 on ammattik\u00e4ytt\u00f6\u00f6n suunniteltu tasapainotuskone rengasliikkeille ja autokorjaamoille. Laite on varustettu 2D-mittausvarrella (auto-alu), tarkkuuslaserilla ja LED-valaistuksella, mik\u00e4 takaa nopean, tarkan ja helppok\u00e4ytt\u00f6isen tasapainotuksen sek\u00e4 ter\u00e4s- ett\u00e4 alumiinivanteille.<\/p>\n<\/div>\n<\/div>\n<\/div>\n<\/div>\n<\/div>\n<\/div>\n<\/section>\n<\/div>\n<\/div>\n<p data-start=\"1291\" data-end=\"1322\"><strong>Monipuoliset tasapainotusohjelmat<\/strong><\/p>\n<p data-start=\"1324\" data-end=\"1438\">Laite sis\u00e4lt\u00e4\u00e4 kuusii erillist\u00e4 ohjelmaa alumiinivanteille ja tukee sek\u00e4 dynaamista ett\u00e4 staattista tasapainotusta.<\/p>\n<p data-start=\"1440\" data-end=\"1744\">VBS 250 soveltuu henkil\u00f6autojen, pakettiautojen ja moottoripy\u00f6rien py\u00f6rien tasapainotukseen (mp-adapteri saatavana lis\u00e4varusteena). Mittausaika on vain 8 sekuntia, ja laite k\u00e4ynnistyy automaattisesti, kun suojakupu lasketaan alas. Mittauksen j\u00e4lkeen kone pys\u00e4htyy nopeasti s\u00e4hk\u00f6mekaanisen jarrun avulla.<\/p>\n<p data-start=\"1746\" data-end=\"1760\"><strong data-start=\"1746\" data-end=\"1760\">LED-n\u00e4ytt\u00f6<\/strong><\/p>\n<p data-start=\"1762\" data-end=\"1893\">Suuri LED-n\u00e4ytt\u00f6 n\u00e4ytt\u00e4\u00e4 selke\u00e4sti ep\u00e4tasapainon sijainnin. Laitteessa on my\u00f6s suuret ja selke\u00e4t painikkeet helppoa k\u00e4ytt\u00f6\u00e4 varten.<\/p>\n<p data-start=\"1895\" data-end=\"1924\"><strong data-start=\"1895\" data-end=\"1924\">Akselin halkaisija: 40 mm<\/strong><\/p>\n<p data-start=\"1926\" data-end=\"2017\">VBS 250 on varustettu 40 mm akselilla ja yhteensopiva laajan lis\u00e4varustevalikoiman kanssa.<\/p>\n<p data-start=\"2019\" data-end=\"2049\"><strong data-start=\"2019\" data-end=\"2049\">Itsetestaus ja kalibrointi<\/strong><\/p>\n<p data-start=\"2051\" data-end=\"2236\">Laite on helppo diagnosoida ja varustettu k\u00e4ytt\u00e4j\u00e4yst\u00e4v\u00e4llisell\u00e4 kalibrointij\u00e4rjestelm\u00e4ll\u00e4, jonka ansiosta k\u00e4ytt\u00e4j\u00e4 voi itse kalibroida laitteen optimaalisen tarkkuuden saavuttamiseksi.<\/p>\n<p data-start=\"2238\" data-end=\"2256\"><strong data-start=\"2238\" data-end=\"2256\">Vakiovarusteet<\/strong><\/p>\n<ul data-start=\"2258\" data-end=\"2391\" data-is-last-node=\"\" data-is-only-node=\"\">\n<li data-section-id=\"x9388b\" data-start=\"2258\" data-end=\"2281\">Kartiosarja (4 kpl)<\/li>\n<li data-section-id=\"16wyw2l\" data-start=\"2282\" data-end=\"2297\">Pikamutteri<\/li>\n<li data-section-id=\"10aamcg\" data-start=\"2298\" data-end=\"2308\">Painopihdit<\/li>\n<li data-section-id=\"gx32tg\" data-start=\"2309\" data-end=\"2364\">Vannemitta<\/li>\n<li data-section-id=\"5ipp7g\" data-start=\"2365\" data-end=\"2391\" data-is-last-node=\"\">Kalibrointipaino<\/li>\n<\/ul>\n","protected":false},"featured_media":32955,"template":"","meta":{"_acf_changed":false,"_seopress_robots_primary_cat":"none","_seopress_titles_title":"","_seopress_titles_desc":"","_seopress_robots_index":""},"product_cat":[39,187,622],"product_tag":[],"class_list":{"0":"post-32924","1":"product","2":"type-product","3":"status-publish","4":"has-post-thumbnail","6":"product_cat-rengastyo","7":"product_cat-tasapainotuskoneet","8":"product_cat-tasapainotuskoneet-kevyt-kalusto","10":"first","11":"instock","12":"taxable","13":"shipping-taxable","14":"purchasable","15":"product-type-simple","swatches":"rey-swatches","show_selected":""},"acf":[],"_links":{"self":[{"href":"https:\/\/toolhouse.fi\/fi\/wp-json\/wp\/v2\/product\/32924","targetHints":{"allow":["GET"]}}],"collection":[{"href":"https:\/\/toolhouse.fi\/fi\/wp-json\/wp\/v2\/product"}],"about":[{"href":"https:\/\/toolhouse.fi\/fi\/wp-json\/wp\/v2\/types\/product"}],"version-history":[{"count":3,"href":"https:\/\/toolhouse.fi\/fi\/wp-json\/wp\/v2\/product\/32924\/revisions"}],"predecessor-version":[{"id":32932,"href":"https:\/\/toolhouse.fi\/fi\/wp-json\/wp\/v2\/product\/32924\/revisions\/32932"}],"wp:featuredmedia":[{"embeddable":true,"href":"https:\/\/toolhouse.fi\/fi\/wp-json\/wp\/v2\/media\/32955"}],"wp:attachment":[{"href":"https:\/\/toolhouse.fi\/fi\/wp-json\/wp\/v2\/media?parent=32924"}],"wp:term":[{"taxonomy":"product_cat","embeddable":true,"href":"https:\/\/toolhouse.fi\/fi\/wp-json\/wp\/v2\/product_cat?post=32924"},{"taxonomy":"product_tag","embeddable":true,"href":"https:\/\/toolhouse.fi\/fi\/wp-json\/wp\/v2\/product_tag?post=32924"}],"curies":[{"name":"wp","href":"https:\/\/api.w.org\/{rel}","templated":true}]}}