{"id":3553,"date":"2021-06-03T08:10:31","date_gmt":"2021-06-03T05:10:31","guid":{"rendered":"https:\/\/toolhouse.fi\/produkt\/hyrdaulisylinteri-8t\/"},"modified":"2026-04-11T11:59:36","modified_gmt":"2026-04-11T08:59:36","slug":"hyrdaulisylinteri-8t","status":"publish","type":"product","link":"https:\/\/toolhouse.fi\/fi\/tuote\/hyrdaulisylinteri-8t\/","title":{"rendered":"Hydraulisylinteri 8T kaksivaiheinen pumppu"},"content":{"rendered":"<p>&nbsp;<\/p>\n<table class=\"n54117_dictionary\">\n<tbody>\n<tr>\n<td class=\"n54117_item_a1\">Valmistaja<span class=\"n67256colon\">:<\/span><\/td>\n<td class=\"n54117_item_b1\">\n<div class=\"n54117_item_b_sub\">Geko<\/div>\n<\/td>\n<\/tr>\n<tr>\n<td class=\"n54117_item_a2\">Kapasiteetti:<\/td>\n<td class=\"n54117_item_b2\">\n<div class=\"n54117_item_b_sub\">8000 kg<\/div>\n<\/td>\n<\/tr>\n<tr>\n<td class=\"n54117_item_a1\"><span class=\"n67256colon\">Minimipituus:<\/span><\/td>\n<td class=\"n54117_item_b1\"><span class=\"n67256colon\">650 mm<\/span><\/td>\n<\/tr>\n<tr>\n<td class=\"n54117_item_a2\">Maksimipituus:<\/td>\n<td class=\"n54117_item_b2\">\n<div class=\"n54117_item_b_sub\">1120 mm<\/div>\n<\/td>\n<\/tr>\n<tr>\n<td class=\"n54117_item_a1\"><span class=\"n67256colon\">Iskunpituus :<\/span><\/td>\n<td class=\"n54117_item_b1\">\n<div class=\"n54117_item_b_sub\">490 mm<\/div>\n<\/td>\n<\/tr>\n<tr>\n<td class=\"n54117_item_a2\">M\u00e4nn\u00e4n halk<\/td>\n<td class=\"n54117_item_b2\">\n<div class=\"n54117_item_b_sub\">\n<div class=\"n54117_item_b_sub\">28 mm<\/div>\n<\/div>\n<\/td>\n<\/tr>\n<tr>\n<td class=\"n54117_item_a1\"><span class=\"n67256colon\">Halkaisija:<\/span><\/td>\n<td class=\"n54117_item_b1\">\n<div class=\"n54117_item_b_sub\">80 mm<\/div>\n<\/td>\n<\/tr>\n<tr>\n<td class=\"n54117_item_a2\">Kiinnitysreik\u00e4:<\/td>\n<td class=\"n54117_item_b2\">\n<div class=\"n54117_item_b_sub\"><span class=\"n54117_name_sub\">16mm<\/span><\/div>\n<\/td>\n<\/tr>\n<tr>\n<td class=\"n54117_item_a1\">Paino:<\/td>\n<td class=\"n54117_item_b1\">\n<div class=\"n54117_item_b_sub\">10 kg<\/div>\n<\/td>\n<\/tr>\n<tr>\n<td class=\"n54117_item_a2\">Ce hyv\u00e4ksytty<\/td>\n<td class=\"n54117_item_b2\">\n<div class=\"n54117_item_b_sub\">kyll\u00e4<\/div>\n<\/td>\n<\/tr>\n<tr>\n<td class=\"n54117_item_a1\"><span class=\"n67256colon\">Takuu:<\/span><\/td>\n<td class=\"n54117_item_b1\">1 vuosi<\/td>\n<\/tr>\n<\/tbody>\n<\/table>\n<p>&nbsp;<\/p>\n<div class=\"n54117_item_b_sub\"><\/div>\n","protected":false},"excerpt":{"rendered":"<p class=\"\" data-start=\"0\" data-end=\"34\">Geko-hydraulisylinteri 8 tonnia.<\/p>\n<p class=\"\" data-start=\"36\" data-end=\"79\">Eritt\u00e4in nopea kaksivaihepumpun ansiosta.<\/p>\n<p class=\"\" data-start=\"81\" data-end=\"140\">Sopii 2 tonnin moottorinostimiin ja moneen muuhun k\u00e4ytt\u00f6\u00f6n.<\/p>\n","protected":false},"featured_media":25557,"template":"","meta":{"_acf_changed":false,"_seopress_robots_primary_cat":"none","_seopress_titles_title":"","_seopress_titles_desc":"","_seopress_robots_index":""},"product_cat":[455,290],"product_tag":[],"class_list":{"0":"post-3553","1":"product","2":"type-product","3":"status-publish","4":"has-post-thumbnail","6":"product_cat-ajoneuvonostimet","7":"product_cat-varaosat-ja-tarvikkeet","8":"product_shipping_class-tillbehor-790e","10":"first","11":"instock","12":"taxable","13":"shipping-taxable","14":"purchasable","15":"product-type-simple","swatches":"rey-swatches","show_selected":""},"acf":[],"_links":{"self":[{"href":"https:\/\/toolhouse.fi\/fi\/wp-json\/wp\/v2\/product\/3553","targetHints":{"allow":["GET"]}}],"collection":[{"href":"https:\/\/toolhouse.fi\/fi\/wp-json\/wp\/v2\/product"}],"about":[{"href":"https:\/\/toolhouse.fi\/fi\/wp-json\/wp\/v2\/types\/product"}],"version-history":[{"count":4,"href":"https:\/\/toolhouse.fi\/fi\/wp-json\/wp\/v2\/product\/3553\/revisions"}],"predecessor-version":[{"id":26773,"href":"https:\/\/toolhouse.fi\/fi\/wp-json\/wp\/v2\/product\/3553\/revisions\/26773"}],"wp:featuredmedia":[{"embeddable":true,"href":"https:\/\/toolhouse.fi\/fi\/wp-json\/wp\/v2\/media\/25557"}],"wp:attachment":[{"href":"https:\/\/toolhouse.fi\/fi\/wp-json\/wp\/v2\/media?parent=3553"}],"wp:term":[{"taxonomy":"product_cat","embeddable":true,"href":"https:\/\/toolhouse.fi\/fi\/wp-json\/wp\/v2\/product_cat?post=3553"},{"taxonomy":"product_tag","embeddable":true,"href":"https:\/\/toolhouse.fi\/fi\/wp-json\/wp\/v2\/product_tag?post=3553"}],"curies":[{"name":"wp","href":"https:\/\/api.w.org\/{rel}","templated":true}]}}