{"id":3632,"date":"2021-06-13T11:25:36","date_gmt":"2021-06-13T08:25:36","guid":{"rendered":"https:\/\/toolhouse.fi\/produkt\/tyokalu-liimapainojen-liimojen-poistoon\/"},"modified":"2026-04-06T22:04:23","modified_gmt":"2026-04-06T19:04:23","slug":"tyokalu-liimapainojen-liimojen-poistoon","status":"publish","type":"product","link":"https:\/\/toolhouse.fi\/fi\/tuote\/tyokalu-liimapainojen-liimojen-poistoon\/","title":{"rendered":"Ty\u00f6kalu liimapainojen liimojen poistoon"},"content":{"rendered":"","protected":false},"excerpt":{"rendered":"<p>K\u00e4tev\u00e4 ty\u00f6kalu liimapainojen j\u00e4tt\u00e4m\u00e4n liiman irroitukseen vanteesta. Irroittaa liimaj\u00e4\u00e4m\u00e4t vahingoittamatta vannetta, todella nopea tapa saada vanne puhtaaksi.<\/p>\n<ul>\n<li>Porakoneadapteri mukana.<\/li>\n<li>Halkaisija: 90mm<\/li>\n<li>Paksuus: 20mm<\/li>\n<li>\n<article class=\"text-token-text-primary w-full focus:outline-none scroll-mt-[calc(var(--header-height)+min(200px,max(70px,20svh)))]\" dir=\"auto\" tabindex=\"-1\" data-turn-id=\"87af4ea2-8703-4c44-bf07-5a96555f8dce\" data-testid=\"conversation-turn-546\" data-scroll-anchor=\"true\" data-turn=\"assistant\">\n<div class=\"text-base my-auto mx-auto pb-10 [--thread-content-margin:--spacing(4)] thread-sm:[--thread-content-margin:--spacing(6)] thread-lg:[--thread-content-margin:--spacing(16)] px-(--thread-content-margin)\">\n<div class=\"[--thread-content-max-width:40rem] thread-lg:[--thread-content-max-width:48rem] mx-auto max-w-(--thread-content-max-width) flex-1 group\/turn-messages focus-visible:outline-hidden relative flex w-full min-w-0 flex-col agent-turn\" tabindex=\"-1\">\n<div class=\"flex max-w-full flex-col grow\">\n<div class=\"min-h-8 text-message relative flex w-full flex-col items-end gap-2 text-start break-words whitespace-normal [.text-message+&amp;]:mt-5\" dir=\"auto\" data-message-author-role=\"assistant\" data-message-id=\"538e7ce9-a3d2-43b2-b98b-6bf70f7e2224\" data-message-model-slug=\"gpt-5\">\n<div class=\"flex w-full flex-col gap-1 empty:hidden first:pt-[3px]\">\n<div class=\"markdown prose dark:prose-invert w-full break-words light markdown-new-styling\">\n<p data-start=\"0\" data-end=\"30\" data-is-last-node=\"\" data-is-only-node=\"\">Kierrosluku: 0 &#8211; 4000 rpm<\/p>\n<\/div>\n<\/div>\n<\/div>\n<\/div>\n<\/div>\n<\/div>\n<\/article>\n<\/li>\n<\/ul>\n","protected":false},"featured_media":27837,"template":"","meta":{"_acf_changed":false,"_seopress_robots_primary_cat":"none","_seopress_titles_title":"","_seopress_titles_desc":"","_seopress_robots_index":""},"product_cat":[295,163,479],"product_tag":[],"class_list":{"0":"post-3632","1":"product","2":"type-product","3":"status-publish","4":"has-post-thumbnail","6":"product_cat-liimapainot-aluvanteille","7":"product_cat-rengaskoneiden-tarvikkeet","8":"product_cat-tarvikkeet-ja-tyokalut","9":"product_shipping_class-tillbehor-590e","11":"first","12":"outofstock","13":"taxable","14":"shipping-taxable","15":"purchasable","16":"product-type-simple","swatches":"rey-swatches","show_selected":""},"acf":[],"_links":{"self":[{"href":"https:\/\/toolhouse.fi\/fi\/wp-json\/wp\/v2\/product\/3632","targetHints":{"allow":["GET"]}}],"collection":[{"href":"https:\/\/toolhouse.fi\/fi\/wp-json\/wp\/v2\/product"}],"about":[{"href":"https:\/\/toolhouse.fi\/fi\/wp-json\/wp\/v2\/types\/product"}],"version-history":[{"count":2,"href":"https:\/\/toolhouse.fi\/fi\/wp-json\/wp\/v2\/product\/3632\/revisions"}],"predecessor-version":[{"id":28981,"href":"https:\/\/toolhouse.fi\/fi\/wp-json\/wp\/v2\/product\/3632\/revisions\/28981"}],"wp:featuredmedia":[{"embeddable":true,"href":"https:\/\/toolhouse.fi\/fi\/wp-json\/wp\/v2\/media\/27837"}],"wp:attachment":[{"href":"https:\/\/toolhouse.fi\/fi\/wp-json\/wp\/v2\/media?parent=3632"}],"wp:term":[{"taxonomy":"product_cat","embeddable":true,"href":"https:\/\/toolhouse.fi\/fi\/wp-json\/wp\/v2\/product_cat?post=3632"},{"taxonomy":"product_tag","embeddable":true,"href":"https:\/\/toolhouse.fi\/fi\/wp-json\/wp\/v2\/product_tag?post=3632"}],"curies":[{"name":"wp","href":"https:\/\/api.w.org\/{rel}","templated":true}]}}