{"id":3734,"date":"2021-07-05T17:06:05","date_gmt":"2021-07-05T14:06:05","guid":{"rendered":"https:\/\/toolhouse.fi\/produkt\/muovisuojukset-asennuspaahan\/"},"modified":"2026-05-04T12:37:09","modified_gmt":"2026-05-04T09:37:09","slug":"muovisuojukset-asennuspaahan","status":"publish","type":"product","link":"https:\/\/toolhouse.fi\/fi\/tuote\/muovisuojukset-asennuspaahan\/","title":{"rendered":"Muovisuojukset asennusp\u00e4\u00e4h\u00e4n Redats"},"content":{"rendered":"","protected":false},"excerpt":{"rendered":"<p>Suojamuovisarja asennusp\u00e4\u00e4h\u00e4n<\/p>\n<p>Sarja sis\u00e4lt\u00e4\u00e4 ison ja pienen muovisuojan.<\/p>\n<p>Valitse malli listasta.<\/p>\n","protected":false},"featured_media":3733,"template":"","meta":{"_acf_changed":false,"_seopress_robots_primary_cat":"none","_seopress_titles_title":"","_seopress_titles_desc":"","_seopress_robots_index":"","_seopress_analysis_target_kw":""},"product_cat":[475,188,163],"product_tag":[],"class_list":{"0":"post-3734","1":"product","2":"type-product","3":"status-publish","4":"has-post-thumbnail","6":"product_cat-lisavarusteet-ja-varaosat","7":"product_cat-rengaskoneet","8":"product_cat-rengaskoneiden-tarvikkeet","9":"product_shipping_class-tillbehor-590e","11":"first","12":"instock","13":"taxable","14":"shipping-taxable","15":"purchasable","16":"product-type-variable","swatches":"rey-swatches","show_selected":""},"acf":[],"_links":{"self":[{"href":"https:\/\/toolhouse.fi\/fi\/wp-json\/wp\/v2\/product\/3734","targetHints":{"allow":["GET"]}}],"collection":[{"href":"https:\/\/toolhouse.fi\/fi\/wp-json\/wp\/v2\/product"}],"about":[{"href":"https:\/\/toolhouse.fi\/fi\/wp-json\/wp\/v2\/types\/product"}],"version-history":[{"count":0,"href":"https:\/\/toolhouse.fi\/fi\/wp-json\/wp\/v2\/product\/3734\/revisions"}],"wp:featuredmedia":[{"embeddable":true,"href":"https:\/\/toolhouse.fi\/fi\/wp-json\/wp\/v2\/media\/3733"}],"wp:attachment":[{"href":"https:\/\/toolhouse.fi\/fi\/wp-json\/wp\/v2\/media?parent=3734"}],"wp:term":[{"taxonomy":"product_cat","embeddable":true,"href":"https:\/\/toolhouse.fi\/fi\/wp-json\/wp\/v2\/product_cat?post=3734"},{"taxonomy":"product_tag","embeddable":true,"href":"https:\/\/toolhouse.fi\/fi\/wp-json\/wp\/v2\/product_tag?post=3734"}],"curies":[{"name":"wp","href":"https:\/\/api.w.org\/{rel}","templated":true}]}}