{"id":3753,"date":"2021-07-05T17:56:28","date_gmt":"2021-07-05T14:56:28","guid":{"rendered":"https:\/\/toolhouse.fi\/produkt\/muovisuojasarja-rengaskoneen-kapaliin\/"},"modified":"2026-04-07T13:36:42","modified_gmt":"2026-04-07T10:36:42","slug":"muovisuojasarja-rengaskoneen-kapaliin","status":"publish","type":"product","link":"https:\/\/toolhouse.fi\/fi\/tuote\/muovisuojasarja-rengaskoneen-kapaliin\/","title":{"rendered":"Muovisuojasarja rengaskoneen k\u00e4p\u00e4liin Redats"},"content":{"rendered":"","protected":false},"excerpt":{"rendered":"<p class=\"product-title\">Muovisuojat Redats rengaskoneen k\u00e4p\u00e4liin.<\/p>\n<p>Sarja sis\u00e4lt\u00e4\u00e4 nelj\u00e4 kpl.<\/p>\n<p>Valitse malli listasta.<\/p>\n","protected":false},"featured_media":3748,"template":"","meta":{"_acf_changed":false,"_seopress_robots_primary_cat":"none","_seopress_titles_title":"","_seopress_titles_desc":"","_seopress_robots_index":""},"product_cat":[475,188,163],"product_tag":[],"class_list":{"0":"post-3753","1":"product","2":"type-product","3":"status-publish","4":"has-post-thumbnail","6":"product_cat-lisavarusteet-ja-varaosat","7":"product_cat-rengaskoneet","8":"product_cat-rengaskoneiden-tarvikkeet","10":"first","11":"instock","12":"taxable","13":"shipping-taxable","14":"purchasable","15":"product-type-variable","swatches":"rey-swatches","show_selected":""},"acf":[],"_links":{"self":[{"href":"https:\/\/toolhouse.fi\/fi\/wp-json\/wp\/v2\/product\/3753","targetHints":{"allow":["GET"]}}],"collection":[{"href":"https:\/\/toolhouse.fi\/fi\/wp-json\/wp\/v2\/product"}],"about":[{"href":"https:\/\/toolhouse.fi\/fi\/wp-json\/wp\/v2\/types\/product"}],"version-history":[{"count":1,"href":"https:\/\/toolhouse.fi\/fi\/wp-json\/wp\/v2\/product\/3753\/revisions"}],"predecessor-version":[{"id":23468,"href":"https:\/\/toolhouse.fi\/fi\/wp-json\/wp\/v2\/product\/3753\/revisions\/23468"}],"wp:featuredmedia":[{"embeddable":true,"href":"https:\/\/toolhouse.fi\/fi\/wp-json\/wp\/v2\/media\/3748"}],"wp:attachment":[{"href":"https:\/\/toolhouse.fi\/fi\/wp-json\/wp\/v2\/media?parent=3753"}],"wp:term":[{"taxonomy":"product_cat","embeddable":true,"href":"https:\/\/toolhouse.fi\/fi\/wp-json\/wp\/v2\/product_cat?post=3753"},{"taxonomy":"product_tag","embeddable":true,"href":"https:\/\/toolhouse.fi\/fi\/wp-json\/wp\/v2\/product_tag?post=3753"}],"curies":[{"name":"wp","href":"https:\/\/api.w.org\/{rel}","templated":true}]}}