{"id":4112,"date":"2021-07-31T09:33:33","date_gmt":"2021-07-31T06:33:33","guid":{"rendered":"https:\/\/toolhouse.fi\/produkt\/tiptop-remaxx-exive\/"},"modified":"2025-12-21T14:34:39","modified_gmt":"2025-12-21T12:34:39","slug":"tiptop-remaxx-exive","status":"publish","type":"product","link":"https:\/\/toolhouse.fi\/fi\/tuote\/tiptop-remaxx-exive\/","title":{"rendered":"Tiptop Remaxx exive. Liimanpoistoaine"},"content":{"rendered":"","protected":false},"excerpt":{"rendered":"<div id=\"ts-body\">\n<div class=\"css-52 ts-pivot-container\">\n<div id=\"ContentContainer\">\n<div role=\"tabpanel\" aria-labelledby=\"Pivot2-Tab0\">\n<div class=\"ts-lookup-pivot\">\n<div id=\"Lookup\" class=\"ts-pivot-lookup-component\">\n<div class=\"ms-Grid ts-grid\">\n<div class=\"ms-Grid-row\">\n<div class=\"ts-textfield-container \" lang=\"fi\">\n<div class=\"ts-alignment-view-container\">\n<div id=\"ts-alignment-view-idtgt\" class=\"ts-alignment-view ms-font-m ts-alignment-view-tgt ts-ltr-left-zero\" tabindex=\"0\" aria-hidden=\"false\">\n<div tabindex=\"0\" role=\"label\"><strong>Saksalainen Tiptop Remaxx exive<\/strong> on suunniteltu erityisesti liimapainojen liimaj\u00e4\u00e4mien puhdistamiseen.<\/div>\n<div tabindex=\"0\" role=\"label\"><\/div>\n<div tabindex=\"0\" role=\"label\">Erityisominaisuuksiensa ansiosta se liuottaa nopeasti vanhan liiman, joten liimaj\u00e4\u00e4m\u00e4t on helppo kaapia pois.<\/div>\n<div tabindex=\"0\" role=\"label\"><\/div>\n<div tabindex=\"0\" role=\"label\">\n<div id=\"ts-body\">\n<div class=\"css-52 ts-pivot-container\">\n<div id=\"ContentContainer\">\n<div>\n<div>\n<div role=\"tabpanel\" aria-labelledby=\"Pivot2-Tab0\">\n<div class=\"ts-lookup-pivot\">\n<div id=\"Lookup\" class=\"ts-pivot-lookup-component\">\n<div class=\"ms-Grid ts-grid\">\n<div class=\"ms-Grid-row\">\n<div class=\"ts-textfield-container \" lang=\"fi\">\n<div class=\"ts-alignment-view-container\">\n<div id=\"ts-alignment-view-idtgt\" class=\"ts-alignment-view ms-font-m ts-alignment-view-tgt ts-ltr-left-zero\" tabindex=\"0\" aria-hidden=\"false\">\n<div tabindex=\"0\" role=\"label\">Remaxx exive puhdistaa my\u00f6s vanteen pinnan tehokkaasti lialta ja rasvalta, valmiina uusiin painoihin.<\/div>\n<\/div>\n<\/div>\n<\/div>\n<\/div>\n<\/div>\n<\/div>\n<\/div>\n<\/div>\n<\/div>\n<\/div>\n<\/div>\n<\/div>\n<\/div>\n<\/div>\n<div tabindex=\"0\" role=\"label\"><\/div>\n<div tabindex=\"0\" role=\"label\">Ainutlaatuisen koostumuksensa vuoksi tuote ei vahingoita vannetta eik\u00e4 vaikuta sen maalattuun pintaan.<\/div>\n<\/div>\n<\/div>\n<\/div>\n<div tabindex=\"0\" role=\"label\">\n<p>&nbsp;<\/p>\n<p>Aerosol: 500ml<\/p>\n<p>Valmistaja: \u00a0Rema Tiptop<\/p>\n<\/div>\n<div class=\"ts-textfield-container \" lang=\"fi\">\n<div class=\"ts-speechbar-dogfood ts-speech-bar\" aria-hidden=\"true\"><\/div>\n<\/div>\n<\/div>\n<div class=\"ms-Grid-row\">\n<div class=\"ts-insert-button-container\">\n<div class=\"ms-Button-flexContainer flexContainer-82\">\n<div class=\"ms-Button-textContainer textContainer-83\">\n<div id=\"id__235\" class=\"ms-Button-label label-95\"><\/div>\n<\/div>\n<\/div>\n<\/div>\n<\/div>\n<\/div>\n<\/div>\n<\/div>\n<\/div>\n<\/div>\n<\/div>\n<\/div>\n","protected":false},"featured_media":4111,"template":"","meta":{"_acf_changed":false,"_seopress_robots_primary_cat":"","_seopress_titles_title":"","_seopress_titles_desc":"","_seopress_robots_index":""},"product_cat":[295,163,479],"product_tag":[],"class_list":{"0":"post-4112","1":"product","2":"type-product","3":"status-publish","4":"has-post-thumbnail","6":"product_cat-liimapainot-aluvanteille","7":"product_cat-rengaskoneiden-tarvikkeet","8":"product_cat-tarvikkeet-ja-tyokalut","9":"product_shipping_class-tillbehor-590e","11":"first","12":"instock","13":"taxable","14":"shipping-taxable","15":"purchasable","16":"product-type-simple","swatches":"rey-swatches","show_selected":""},"acf":[],"_links":{"self":[{"href":"https:\/\/toolhouse.fi\/fi\/wp-json\/wp\/v2\/product\/4112","targetHints":{"allow":["GET"]}}],"collection":[{"href":"https:\/\/toolhouse.fi\/fi\/wp-json\/wp\/v2\/product"}],"about":[{"href":"https:\/\/toolhouse.fi\/fi\/wp-json\/wp\/v2\/types\/product"}],"version-history":[{"count":0,"href":"https:\/\/toolhouse.fi\/fi\/wp-json\/wp\/v2\/product\/4112\/revisions"}],"wp:featuredmedia":[{"embeddable":true,"href":"https:\/\/toolhouse.fi\/fi\/wp-json\/wp\/v2\/media\/4111"}],"wp:attachment":[{"href":"https:\/\/toolhouse.fi\/fi\/wp-json\/wp\/v2\/media?parent=4112"}],"wp:term":[{"taxonomy":"product_cat","embeddable":true,"href":"https:\/\/toolhouse.fi\/fi\/wp-json\/wp\/v2\/product_cat?post=4112"},{"taxonomy":"product_tag","embeddable":true,"href":"https:\/\/toolhouse.fi\/fi\/wp-json\/wp\/v2\/product_tag?post=4112"}],"curies":[{"name":"wp","href":"https:\/\/api.w.org\/{rel}","templated":true}]}}