{"id":4126,"date":"2021-07-31T12:48:59","date_gmt":"2021-07-31T09:48:59","guid":{"rendered":"https:\/\/toolhouse.fi\/produkt\/liimapainojen-asennustyokalu\/"},"modified":"2026-04-06T22:04:23","modified_gmt":"2026-04-06T19:04:23","slug":"liimapainojen-asennustyokalu","status":"publish","type":"product","link":"https:\/\/toolhouse.fi\/fi\/tuote\/liimapainojen-asennustyokalu\/","title":{"rendered":"Liimapainojen asennusty\u00f6kalu"},"content":{"rendered":"","protected":false},"excerpt":{"rendered":"<p>K\u00e4tev\u00e4 ty\u00f6kalu liimapainojen asennukseen.<\/p>\n<p><span style=\"color: #333333;\">Est\u00e4\u00e4 ilmakuplien muodostumisen painojen ja vanteiden v\u00e4lille.<\/span><\/p>\n<p><span style=\"color: #333333;\"> Puinen kahva.<\/span><\/p>\n<p><span style=\"color: #333333;\"> Rulla elastista kumia.<\/span><\/p>\n","protected":false},"featured_media":4125,"template":"","meta":{"_acf_changed":false,"_seopress_robots_primary_cat":"","_seopress_titles_title":"","_seopress_titles_desc":"","_seopress_robots_index":""},"product_cat":[295],"product_tag":[],"class_list":{"0":"post-4126","1":"product","2":"type-product","3":"status-publish","4":"has-post-thumbnail","6":"product_cat-liimapainot-aluvanteille","7":"product_shipping_class-tillbehor-490e","9":"first","10":"instock","11":"taxable","12":"shipping-taxable","13":"purchasable","14":"product-type-simple","swatches":"rey-swatches","show_selected":""},"acf":[],"_links":{"self":[{"href":"https:\/\/toolhouse.fi\/fi\/wp-json\/wp\/v2\/product\/4126","targetHints":{"allow":["GET"]}}],"collection":[{"href":"https:\/\/toolhouse.fi\/fi\/wp-json\/wp\/v2\/product"}],"about":[{"href":"https:\/\/toolhouse.fi\/fi\/wp-json\/wp\/v2\/types\/product"}],"version-history":[{"count":0,"href":"https:\/\/toolhouse.fi\/fi\/wp-json\/wp\/v2\/product\/4126\/revisions"}],"wp:featuredmedia":[{"embeddable":true,"href":"https:\/\/toolhouse.fi\/fi\/wp-json\/wp\/v2\/media\/4125"}],"wp:attachment":[{"href":"https:\/\/toolhouse.fi\/fi\/wp-json\/wp\/v2\/media?parent=4126"}],"wp:term":[{"taxonomy":"product_cat","embeddable":true,"href":"https:\/\/toolhouse.fi\/fi\/wp-json\/wp\/v2\/product_cat?post=4126"},{"taxonomy":"product_tag","embeddable":true,"href":"https:\/\/toolhouse.fi\/fi\/wp-json\/wp\/v2\/product_tag?post=4126"}],"curies":[{"name":"wp","href":"https:\/\/api.w.org\/{rel}","templated":true}]}}