{"id":4140,"date":"2021-07-31T16:16:35","date_gmt":"2021-07-31T13:16:35","guid":{"rendered":"https:\/\/toolhouse.fi\/produkt\/kaavin\/"},"modified":"2026-02-22T19:51:42","modified_gmt":"2026-02-22T17:51:42","slug":"kaavin","status":"publish","type":"product","link":"https:\/\/toolhouse.fi\/fi\/tuote\/kaavin\/","title":{"rendered":"Kaavinty\u00f6kalu renkaan paikkaaminen"},"content":{"rendered":"","protected":false},"excerpt":{"rendered":"<div id=\"ts-body\">\n<div class=\"css-52 ts-pivot-container\">\n<div id=\"ContentContainer\">\n<div role=\"tabpanel\" aria-labelledby=\"Pivot2-Tab0\">\n<div class=\"ts-lookup-pivot\">\n<div id=\"Lookup\" class=\"ts-pivot-lookup-component\">\n<div class=\"ms-Grid ts-grid\">\n<div class=\"ms-Grid-row\">\n<div class=\"ts-textfield-container \" lang=\"fi\">\n<div class=\"ts-alignment-view-container\">\n<div id=\"ts-alignment-view-idtgt\" class=\"ts-alignment-view  ms-font-m ts-alignment-view-tgt ts-ltr-left-zero\" tabindex=\"0\" aria-hidden=\"false\">\n<div tabindex=\"0\" role=\"label\">K\u00e4tev\u00e4 ty\u00f6kalu, jota k\u00e4ytet\u00e4\u00e4n pinnan karheentamiseen korjatessa renkaita<span style=\"color: #555555;\"> Redats sienipaikkojen ja<\/span><span style=\"color: #555555;\">Tip Top ulkorengaspaikkojen kanssa.<\/span><span style=\"color: #555555;\"><br \/>\n<\/span> Suositellaan k\u00e4ytett\u00e4v\u00e4ksi Tiptop Liquid Buffer Sprayn kanssa.<\/div>\n<\/div>\n<\/div>\n<div class=\"ts-speechbar-dogfood ts-speech-bar\" aria-hidden=\"true\"><\/div>\n<\/div>\n<\/div>\n<div class=\"ms-Grid-row\">\n<div class=\"ts-insert-button-container\">\n<div class=\"ms-Button-flexContainer flexContainer-82\">\n<div class=\"ms-Button-textContainer textContainer-83\">\n<div id=\"id__34\" class=\"ms-Button-label label-95\"><\/div>\n<\/div>\n<\/div>\n<\/div>\n<\/div>\n<\/div>\n<\/div>\n<\/div>\n<\/div>\n<\/div>\n<\/div>\n<\/div>\n","protected":false},"featured_media":4139,"template":"","meta":{"_acf_changed":false,"_seopress_robots_primary_cat":"","_seopress_titles_title":"","_seopress_titles_desc":"","_seopress_robots_index":""},"product_cat":[162],"product_tag":[],"class_list":{"0":"post-4140","1":"product","2":"type-product","3":"status-publish","4":"has-post-thumbnail","6":"product_cat-renkaan-paikkaus","7":"product_shipping_class-tillbehor-590e","9":"first","10":"instock","11":"taxable","12":"shipping-taxable","13":"purchasable","14":"product-type-simple","swatches":"rey-swatches","show_selected":""},"acf":[],"_links":{"self":[{"href":"https:\/\/toolhouse.fi\/fi\/wp-json\/wp\/v2\/product\/4140","targetHints":{"allow":["GET"]}}],"collection":[{"href":"https:\/\/toolhouse.fi\/fi\/wp-json\/wp\/v2\/product"}],"about":[{"href":"https:\/\/toolhouse.fi\/fi\/wp-json\/wp\/v2\/types\/product"}],"version-history":[{"count":0,"href":"https:\/\/toolhouse.fi\/fi\/wp-json\/wp\/v2\/product\/4140\/revisions"}],"wp:featuredmedia":[{"embeddable":true,"href":"https:\/\/toolhouse.fi\/fi\/wp-json\/wp\/v2\/media\/4139"}],"wp:attachment":[{"href":"https:\/\/toolhouse.fi\/fi\/wp-json\/wp\/v2\/media?parent=4140"}],"wp:term":[{"taxonomy":"product_cat","embeddable":true,"href":"https:\/\/toolhouse.fi\/fi\/wp-json\/wp\/v2\/product_cat?post=4140"},{"taxonomy":"product_tag","embeddable":true,"href":"https:\/\/toolhouse.fi\/fi\/wp-json\/wp\/v2\/product_tag?post=4140"}],"curies":[{"name":"wp","href":"https:\/\/api.w.org\/{rel}","templated":true}]}}