{"id":4859,"date":"2021-09-27T15:00:18","date_gmt":"2021-09-27T12:00:18","guid":{"rendered":"https:\/\/toolhouse.fi\/produkt\/mp-sovite-tasapainotuskoneeseen\/"},"modified":"2025-06-05T15:00:14","modified_gmt":"2025-06-05T12:00:14","slug":"mp-sovite-tasapainotuskoneeseen","status":"publish","type":"product","link":"https:\/\/toolhouse.fi\/fi\/tuote\/mp-sovite-tasapainotuskoneeseen\/","title":{"rendered":"MP sovite tasapainotuskoneeseen"},"content":{"rendered":"","protected":false},"excerpt":{"rendered":"<p class=\"\" data-start=\"52\" data-end=\"136\">Asennetaan tasapainotuskoneeseen moottoripy\u00f6r\u00e4n renkaiden tasapainotusta varten.<\/p>\n<p class=\"\" data-start=\"138\" data-end=\"164\">Sopii:<\/p>\n<ul>\n<li>WK-650 Laser<\/li>\n<li>ATB-100<\/li>\n<li>ATB-700 Laser<\/li>\n<\/ul>\n<p class=\"\" data-start=\"166\" data-end=\"179\">Sis\u00e4lt\u00e4\u00e4:<\/p>\n<ul data-start=\"181\" data-end=\"284\">\n<li class=\"\" data-start=\"181\" data-end=\"206\">\n<p class=\"\" data-start=\"183\" data-end=\"206\">Moottoripy\u00f6r\u00e4adapteri<\/p>\n<\/li>\n<li class=\"\" data-start=\"207\" data-end=\"232\">\n<p class=\"\" data-start=\"209\" data-end=\"232\">Akseli, jossa kartiot<\/p>\n<\/li>\n<li class=\"\" data-start=\"233\" data-end=\"264\">\n<p class=\"\" data-start=\"235\" data-end=\"264\">Adapteri mittavartta varten<\/p>\n<\/li>\n<\/ul>\n<p class=\"\" data-start=\"267\" data-end=\"284\">36 mm akselireik\u00e4<\/p>\n","protected":false},"featured_media":26025,"template":"","meta":{"_acf_changed":false,"_seopress_robots_primary_cat":"none","_seopress_titles_title":"","_seopress_titles_desc":"","_seopress_robots_index":""},"product_cat":[477,187],"product_tag":[],"class_list":{"0":"post-4859","1":"product","2":"type-product","3":"status-publish","4":"has-post-thumbnail","6":"product_cat-lisavarusteet-ja-varaosat-2","7":"product_cat-tasapainotuskoneet","8":"product_shipping_class-k-160-1090e","10":"first","11":"instock","12":"taxable","13":"shipping-taxable","14":"purchasable","15":"product-type-simple","swatches":"rey-swatches","show_selected":""},"acf":[],"_links":{"self":[{"href":"https:\/\/toolhouse.fi\/fi\/wp-json\/wp\/v2\/product\/4859","targetHints":{"allow":["GET"]}}],"collection":[{"href":"https:\/\/toolhouse.fi\/fi\/wp-json\/wp\/v2\/product"}],"about":[{"href":"https:\/\/toolhouse.fi\/fi\/wp-json\/wp\/v2\/types\/product"}],"version-history":[{"count":3,"href":"https:\/\/toolhouse.fi\/fi\/wp-json\/wp\/v2\/product\/4859\/revisions"}],"predecessor-version":[{"id":26403,"href":"https:\/\/toolhouse.fi\/fi\/wp-json\/wp\/v2\/product\/4859\/revisions\/26403"}],"wp:featuredmedia":[{"embeddable":true,"href":"https:\/\/toolhouse.fi\/fi\/wp-json\/wp\/v2\/media\/26025"}],"wp:attachment":[{"href":"https:\/\/toolhouse.fi\/fi\/wp-json\/wp\/v2\/media?parent=4859"}],"wp:term":[{"taxonomy":"product_cat","embeddable":true,"href":"https:\/\/toolhouse.fi\/fi\/wp-json\/wp\/v2\/product_cat?post=4859"},{"taxonomy":"product_tag","embeddable":true,"href":"https:\/\/toolhouse.fi\/fi\/wp-json\/wp\/v2\/product_tag?post=4859"}],"curies":[{"name":"wp","href":"https:\/\/api.w.org\/{rel}","templated":true}]}}