{"id":5360,"date":"2021-10-20T17:46:34","date_gmt":"2021-10-20T14:46:34","guid":{"rendered":"https:\/\/toolhouse.fi\/produkt\/rillfit-terat\/"},"modified":"2026-04-17T13:26:23","modified_gmt":"2026-04-17T10:26:23","slug":"rillfit-terat","status":"publish","type":"product","link":"https:\/\/toolhouse.fi\/fi\/tuote\/rillfit-terat\/","title":{"rendered":"Urituskoneen ter\u00e4t"},"content":{"rendered":"<p><strong><u>Py\u00f6re\u00e4t ter\u00e4t<\/u><\/strong><\/p>\n<table>\n<tbody>\n<tr>\n<td width=\"101\"><\/td>\n<td width=\"101\">R1<\/td>\n<td width=\"101\">R2<\/td>\n<td width=\"101\">R3<\/td>\n<td width=\"101\">R4<\/td>\n<td width=\"101\">R5<\/td>\n<\/tr>\n<tr>\n<td width=\"101\"><\/td>\n<td width=\"101\">mm<\/td>\n<td width=\"101\">mm<\/td>\n<td width=\"101\">mm<\/td>\n<td width=\"101\">mm<\/td>\n<td width=\"101\">mm<\/td>\n<\/tr>\n<tr>\n<td width=\"101\">A<\/td>\n<td width=\"101\">3<\/td>\n<td width=\"101\">5<\/td>\n<td width=\"101\">6<\/td>\n<td width=\"101\">8<\/td>\n<td width=\"101\">10<\/td>\n<\/tr>\n<tr>\n<td width=\"101\">B<\/td>\n<td width=\"101\">7<\/td>\n<td width=\"101\">7<\/td>\n<td width=\"101\">10<\/td>\n<td width=\"101\">12<\/td>\n<td width=\"101\">12<\/td>\n<\/tr>\n<tr>\n<td width=\"101\">C<\/td>\n<td width=\"101\">5<\/td>\n<td width=\"101\">8<\/td>\n<td width=\"101\">15<\/td>\n<td width=\"101\">16<\/td>\n<td width=\"101\">18<\/td>\n<\/tr>\n<tr>\n<td width=\"101\">D<\/td>\n<td width=\"101\">21<\/td>\n<td width=\"101\">21<\/td>\n<td width=\"101\">23<\/td>\n<td width=\"101\">25<\/td>\n<td width=\"101\">24<\/td>\n<\/tr>\n<tr>\n<td width=\"101\">Kpl\/laatikko<\/td>\n<td width=\"101\">20<\/td>\n<td width=\"101\">20<\/td>\n<td width=\"101\">20<\/td>\n<td width=\"101\">20<\/td>\n<td width=\"101\">20<\/td>\n<\/tr>\n<\/tbody>\n<\/table>\n<p><img alt=\"\" fetchpriority=\"high\" decoding=\"async\" class=\"alignnone size-medium wp-image-5243\" src=\"http:\/\/toolhouse.fi\/wp-content\/uploads\/2021\/10\/round-300x262.jpg\" alt=\"\" width=\"300\" height=\"262\" srcset=\"https:\/\/toolhouse.fi\/wp-content\/uploads\/2021\/10\/round-300x262.jpg 300w, https:\/\/toolhouse.fi\/wp-content\/uploads\/2021\/10\/round-400x350.jpg 400w, https:\/\/toolhouse.fi\/wp-content\/uploads\/2021\/10\/round.jpg 423w\" sizes=\"(max-width: 300px) 100vw, 300px\" \/><\/p>\n<p>A: Leikkuleveys\u00a0 B:\u00a0 Maks leikkusyvyys\u00a0 C: Leikkuleveys2\u00a0 D: Korkeus<\/p>\n<p><strong><u>Suorat ter\u00e4t<\/u><\/strong><\/p>\n<table>\n<tbody>\n<tr>\n<td width=\"86\"><\/td>\n<td width=\"86\">W1<\/td>\n<td width=\"86\">W2<\/td>\n<td width=\"86\">W3<\/td>\n<td width=\"86\">W4<\/td>\n<td width=\"86\">W5<\/td>\n<td width=\"86\">W6<\/td>\n<\/tr>\n<tr>\n<td width=\"86\"><\/td>\n<td width=\"86\">mm<\/td>\n<td width=\"86\">mm<\/td>\n<td width=\"86\">mm<\/td>\n<td width=\"86\">mm<\/td>\n<td width=\"86\">mm<\/td>\n<td width=\"86\">mm<\/td>\n<\/tr>\n<tr>\n<td width=\"86\">A<\/td>\n<td width=\"86\">3<\/td>\n<td width=\"86\">5<\/td>\n<td width=\"86\">7<\/td>\n<td width=\"86\">9<\/td>\n<td width=\"86\">11<\/td>\n<td width=\"86\">23<\/td>\n<\/tr>\n<tr>\n<td width=\"86\">B<\/td>\n<td width=\"86\">7<\/td>\n<td width=\"86\">7<\/td>\n<td width=\"86\">10<\/td>\n<td width=\"86\">12<\/td>\n<td width=\"86\">12<\/td>\n<td width=\"86\">12<\/td>\n<\/tr>\n<tr>\n<td width=\"86\">C<\/td>\n<td width=\"86\">5<\/td>\n<td width=\"86\">6<\/td>\n<td width=\"86\">10<\/td>\n<td width=\"86\">13<\/td>\n<td width=\"86\">15<\/td>\n<td width=\"86\">28<\/td>\n<\/tr>\n<tr>\n<td width=\"86\">D<\/td>\n<td width=\"86\">21<\/td>\n<td width=\"86\">21<\/td>\n<td width=\"86\">22<\/td>\n<td width=\"86\">24<\/td>\n<td width=\"86\">23<\/td>\n<td width=\"86\">24<\/td>\n<\/tr>\n<tr>\n<td width=\"86\">Kpl\/laatikko<\/td>\n<td width=\"86\">20<\/td>\n<td width=\"86\">20<\/td>\n<td width=\"86\">20<\/td>\n<td width=\"86\">20<\/td>\n<td width=\"86\">20<\/td>\n<td width=\"86\">10<\/td>\n<\/tr>\n<\/tbody>\n<\/table>\n<p><img alt=\"\" decoding=\"async\" class=\"alignnone size-medium wp-image-5241\" src=\"http:\/\/toolhouse.fi\/wp-content\/uploads\/2021\/10\/angle-300x274.jpg\" alt=\"\" width=\"300\" height=\"274\" srcset=\"https:\/\/toolhouse.fi\/wp-content\/uploads\/2021\/10\/angle-300x274.jpg 300w, https:\/\/toolhouse.fi\/wp-content\/uploads\/2021\/10\/angle-400x366.jpg 400w, https:\/\/toolhouse.fi\/wp-content\/uploads\/2021\/10\/angle.jpg 409w\" sizes=\"(max-width: 300px) 100vw, 300px\" \/><\/p>\n<p>A: Leikkuleveys\u00a0 B:\u00a0 Maks leikkusyvyys\u00a0 C: Leikkuleveys2\u00a0 D: Korkeus<\/p>\n<p>&nbsp;<\/p>\n<p><strong><u>Mix<\/u><\/strong><\/p>\n<p>Ter\u00e4sarja Mix sis\u00e4lt\u00e4\u00e4 20 ter\u00e4\u00e4 10 erilaista mallia.<\/p>\n","protected":false},"excerpt":{"rendered":"<p>Alkuper\u00e4ister\u00e4t Ruff Rillfit Six- ja Prema Cutter 300 -laitteisiin.<\/p>\n<div id=\"ts-body\">\n<div class=\"css-52 ts-pivot-container\">\n<div id=\"ContentContainer\">\n<div role=\"tabpanel\" aria-labelledby=\"Pivot2-Tab0\">\n<div class=\"ts-lookup-pivot\">\n<div id=\"Lookup\" class=\"ts-pivot-lookup-component\">\n<div class=\"ms-Grid ts-grid\">\n<div class=\"ms-Grid-row\">\n<div class=\"ts-textfield-container ts-larger-font\" lang=\"fi\">\n<div class=\"ts-alignment-view-container\">\n<div id=\"ts-alignment-view-idtgt\" class=\"ts-alignment-view ms-font-m ts-alignment-view-tgt ts-ltr-left-zero\" tabindex=\"0\" aria-hidden=\"false\">\n<div tabindex=\"0\" role=\"label\">Korkealaatuiset ter\u00e4t valmistettu Saksassa<\/div>\n<div tabindex=\"0\" role=\"label\">Terien mitat alla olevassa taulukossa.<\/div>\n<div tabindex=\"0\" role=\"label\"><\/div>\n<\/div>\n<div tabindex=\"0\" role=\"label\"><\/div>\n<\/div>\n<\/div>\n<\/div>\n<\/div>\n<\/div>\n<\/div>\n<\/div>\n<\/div>\n<\/div>\n<\/div>\n","protected":false},"featured_media":7150,"template":"","meta":{"_acf_changed":false,"_seopress_robots_primary_cat":"none","_seopress_titles_title":"","_seopress_titles_desc":"","_seopress_robots_index":""},"product_cat":[39,300],"product_tag":[],"class_list":{"0":"post-5360","1":"product","2":"type-product","3":"status-publish","4":"has-post-thumbnail","6":"product_cat-rengastyo","7":"product_cat-renkaan-uritus","9":"first","10":"instock","11":"taxable","12":"shipping-taxable","13":"purchasable","14":"product-type-variable","swatches":"rey-swatches","show_selected":""},"acf":[],"_links":{"self":[{"href":"https:\/\/toolhouse.fi\/fi\/wp-json\/wp\/v2\/product\/5360","targetHints":{"allow":["GET"]}}],"collection":[{"href":"https:\/\/toolhouse.fi\/fi\/wp-json\/wp\/v2\/product"}],"about":[{"href":"https:\/\/toolhouse.fi\/fi\/wp-json\/wp\/v2\/types\/product"}],"version-history":[{"count":2,"href":"https:\/\/toolhouse.fi\/fi\/wp-json\/wp\/v2\/product\/5360\/revisions"}],"predecessor-version":[{"id":23260,"href":"https:\/\/toolhouse.fi\/fi\/wp-json\/wp\/v2\/product\/5360\/revisions\/23260"}],"wp:featuredmedia":[{"embeddable":true,"href":"https:\/\/toolhouse.fi\/fi\/wp-json\/wp\/v2\/media\/7150"}],"wp:attachment":[{"href":"https:\/\/toolhouse.fi\/fi\/wp-json\/wp\/v2\/media?parent=5360"}],"wp:term":[{"taxonomy":"product_cat","embeddable":true,"href":"https:\/\/toolhouse.fi\/fi\/wp-json\/wp\/v2\/product_cat?post=5360"},{"taxonomy":"product_tag","embeddable":true,"href":"https:\/\/toolhouse.fi\/fi\/wp-json\/wp\/v2\/product_tag?post=5360"}],"curies":[{"name":"wp","href":"https:\/\/api.w.org\/{rel}","templated":true}]}}