{"id":5656,"date":"2021-11-20T18:55:22","date_gmt":"2021-11-20T16:55:22","guid":{"rendered":"https:\/\/toolhouse.fi\/produkt\/tr414-venttiili-100kpl-epdm\/"},"modified":"2026-04-30T23:34:41","modified_gmt":"2026-04-30T20:34:41","slug":"tr414-venttiili-100kpl-epdm","status":"publish","type":"product","link":"https:\/\/toolhouse.fi\/fi\/tuote\/tr414-venttiili-100kpl-epdm\/","title":{"rendered":"TR414 venttiili 100kpl Epdm"},"content":{"rendered":"","protected":false},"excerpt":{"rendered":"<h3 class=\"product_name__name m-0\">TR 414 \u2013 100 kpl EPDM<\/h3>\n<ul>\n<li>Sopii useimpiin ter\u00e4s- ja kevytmetallivanteisiin<\/li>\n<li>Valmistettu EPDM-kumista ja messingist\u00e4 kest\u00e4vyyden takaamiseksi<\/li>\n<li>Kulutusta ja s\u00e4\u00e4olosuhteita kest\u00e4v\u00e4 materiaali<\/li>\n<li>Venttiili ja ydin messingist\u00e4<\/li>\n<li>Valmistettu Saksassa &amp; T\u00dcV-hyv\u00e4ksytty<\/li>\n<li>Vanteen rei\u00e4n halkaisija: 11,3 mm<\/li>\n<li>Pituus 50 mm<\/li>\n<li>100 kpl\/pussi<\/li>\n<\/ul>\n<div class=\"woocommerce-product-details__short-description\">\n<p>Valmistaja<strong>:<\/strong>\u00a0Tip-Topol<\/p>\n<\/div>\n","protected":false},"featured_media":25658,"template":"","meta":{"_acf_changed":false,"_seopress_robots_primary_cat":"none","_seopress_titles_title":"","_seopress_titles_desc":"","_seopress_robots_index":""},"product_cat":[298],"product_tag":[],"class_list":{"0":"post-5656","1":"product","2":"type-product","3":"status-publish","4":"has-post-thumbnail","6":"product_cat-rengasventtiilit","7":"product_shipping_class-tillbehor-590e","9":"first","10":"instock","11":"taxable","12":"shipping-taxable","13":"purchasable","14":"product-type-simple","swatches":"rey-swatches","show_selected":""},"acf":[],"_links":{"self":[{"href":"https:\/\/toolhouse.fi\/fi\/wp-json\/wp\/v2\/product\/5656","targetHints":{"allow":["GET"]}}],"collection":[{"href":"https:\/\/toolhouse.fi\/fi\/wp-json\/wp\/v2\/product"}],"about":[{"href":"https:\/\/toolhouse.fi\/fi\/wp-json\/wp\/v2\/types\/product"}],"version-history":[{"count":2,"href":"https:\/\/toolhouse.fi\/fi\/wp-json\/wp\/v2\/product\/5656\/revisions"}],"predecessor-version":[{"id":25663,"href":"https:\/\/toolhouse.fi\/fi\/wp-json\/wp\/v2\/product\/5656\/revisions\/25663"}],"wp:featuredmedia":[{"embeddable":true,"href":"https:\/\/toolhouse.fi\/fi\/wp-json\/wp\/v2\/media\/25658"}],"wp:attachment":[{"href":"https:\/\/toolhouse.fi\/fi\/wp-json\/wp\/v2\/media?parent=5656"}],"wp:term":[{"taxonomy":"product_cat","embeddable":true,"href":"https:\/\/toolhouse.fi\/fi\/wp-json\/wp\/v2\/product_cat?post=5656"},{"taxonomy":"product_tag","embeddable":true,"href":"https:\/\/toolhouse.fi\/fi\/wp-json\/wp\/v2\/product_tag?post=5656"}],"curies":[{"name":"wp","href":"https:\/\/api.w.org\/{rel}","templated":true}]}}