{"id":5679,"date":"2021-11-22T18:24:58","date_gmt":"2021-11-22T16:24:58","guid":{"rendered":"https:\/\/toolhouse.fi\/produkt\/normet-pk4-5000diag-pian-varastossa\/"},"modified":"2026-03-13T14:02:09","modified_gmt":"2026-03-13T12:02:09","slug":"pk4-5000diag","status":"publish","type":"product","link":"https:\/\/toolhouse.fi\/fi\/tuote\/pk4-5000diag\/","title":{"rendered":"Pk4-5000Diag."},"content":{"rendered":"<table width=\"667\">\n<tbody>\n<tr>\n<td colspan=\"3\" width=\"667\"><strong>Tekniset tiedot\u00a0<\/strong><\/td>\n<\/tr>\n<tr>\n<td width=\"346\">&nbsp;<\/p>\n<p>Malli<\/td>\n<td colspan=\"2\" width=\"321\">&nbsp;<\/p>\n<p>PK4-5500DIAG<\/td>\n<\/tr>\n<tr>\n<td width=\"346\">Nostokapasiteetti<\/td>\n<td colspan=\"2\" width=\"321\">5500 kg<\/td>\n<\/tr>\n<tr>\n<td width=\"346\">Nostokorkeus<\/td>\n<td colspan=\"2\" width=\"321\">1880 mm<\/td>\n<\/tr>\n<tr>\n<td width=\"346\">\u00a0Nosto \/ lasku aika<\/td>\n<td colspan=\"2\" width=\"321\">45 sek<\/td>\n<\/tr>\n<tr>\n<td width=\"346\">Korkeus<\/td>\n<td colspan=\"2\" width=\"321\">2333 mm<\/td>\n<\/tr>\n<tr>\n<td width=\"346\">Leveys<\/td>\n<td colspan=\"2\" width=\"321\">3440 mm<\/td>\n<\/tr>\n<tr>\n<td width=\"346\">Ajosillan pituus<\/p>\n<p>Kokonaispituus<\/td>\n<td colspan=\"2\" width=\"321\">5000 mm<\/p>\n<p>5900 mm<\/td>\n<\/tr>\n<tr>\n<td width=\"346\">Ajosillan leveys<\/td>\n<td colspan=\"2\" width=\"321\">520 mm<\/td>\n<\/tr>\n<tr>\n<td width=\"346\">Virtal\u00e4hde<\/td>\n<td colspan=\"2\" width=\"321\">400V, 50Hz, 16A<\/td>\n<\/tr>\n<tr>\n<td width=\"346\">Moottoriteho<\/td>\n<td colspan=\"2\" width=\"321\">2.2 KW<\/td>\n<\/tr>\n<tr>\n<td width=\"346\">Ce-hyv\u00e4ksytty<\/p>\n<p>Takuu<\/td>\n<td colspan=\"2\" width=\"321\">Kyll\u00e4<\/p>\n<p>1 vuosi<\/td>\n<\/tr>\n<tr>\n<td width=\"346\">Melutaso<\/td>\n<td colspan=\"2\" width=\"321\">\u226470 dB(A)<\/td>\n<\/tr>\n<tr>\n<td width=\"346\">Nettopaino<\/td>\n<td colspan=\"2\" width=\"321\">1380 kg<\/td>\n<\/tr>\n<tr>\n<td colspan=\"2\" width=\"648\"><strong>Keventimen tekniset tiedot\u00a0<\/strong><\/td>\n<td width=\"19\"><\/td>\n<\/tr>\n<tr>\n<td width=\"346\">Malli<\/td>\n<td width=\"302\">DO-2000<\/td>\n<td width=\"19\"><\/td>\n<\/tr>\n<tr>\n<td width=\"346\">Nostokapasiteetti<\/td>\n<td width=\"302\">2000 kg<\/td>\n<td width=\"19\"><\/td>\n<\/tr>\n<tr>\n<td width=\"346\">Nostokorkeus<\/td>\n<td width=\"302\">230 mm<\/td>\n<td width=\"19\"><\/td>\n<\/tr>\n<tr>\n<td width=\"346\"><\/td>\n<td width=\"302\"><\/td>\n<td width=\"19\"><\/td>\n<\/tr>\n<tr>\n<td width=\"346\">Pituus<\/td>\n<td width=\"302\">264 mm<\/td>\n<td width=\"19\"><\/td>\n<\/tr>\n<tr>\n<td width=\"346\">Leveys<\/td>\n<td width=\"302\">\n<table width=\"667\">\n<tbody>\n<tr>\n<td width=\"302\">670 &#8211; 1600 mm<\/td>\n<\/tr>\n<\/tbody>\n<\/table>\n<\/td>\n<td width=\"19\"><\/td>\n<\/tr>\n<tr>\n<td width=\"346\">Nettopaino<\/td>\n<td width=\"302\">120 kg<\/td>\n<td width=\"19\"><\/td>\n<\/tr>\n<\/tbody>\n<\/table>\n","protected":false},"excerpt":{"rendered":"<p>&nbsp;<\/p>\n<h2 class=\"product-title product_title entry-title\"><strong>Pk4-5500Diag<\/strong><\/h2>\n<p>Pk4 5500 diag, soveltuu henkil\u00f6autojen, maastoautojen sek\u00e4 pitkien pakettiautojen nostamiseen.<\/p>\n<p>Sopii erinomaisesti nelipy\u00f6r\u00e4suuntaukseen henkil\u00f6-, paketti- ja maastoautoille, liukulevyt takapy\u00f6rille ja edess\u00e4 paikat <span style=\"color: #ed1c24;\"><a style=\"color: #ed1c24;\" href=\"https:\/\/toolhouse.fi\/fi\/tuote\/kaantolevyt-nelipilarinostimeen\/\">k\u00e4\u00e4nt\u00f6levyille<\/a>.<\/span><\/p>\n<p>Akselikevennin on vakiovaruste, nostokapasiteetti 2000 kg.<\/p>\n<p>&nbsp;<\/p>\n<p>&nbsp;<\/p>\n<ul>\n<li>Nostokyky 5500kg<\/li>\n<li>Soveltuu nelipy\u00f6r\u00e4suuntaukseen<\/li>\n<li>Liukulevyt takapy\u00f6rille ja edess\u00e4 paikat k\u00e4\u00e4nt\u00f6levyille.<\/li>\n<li>Pneumo-hydraulinen akselikevennin 2000kg.<\/li>\n<li>Nostotasojen pituus 5500mm<\/li>\n<li>S\u00e4\u00e4dett\u00e4v\u00e4 leveys, tasojen v\u00e4linen et\u00e4isyys 950\u20131100 mm<\/li>\n<li>Nostokorkeus 1880mm<\/li>\n<li>Automaattilukitus<\/li>\n<\/ul>\n","protected":false},"featured_media":8905,"template":"","meta":{"_acf_changed":false,"_seopress_robots_primary_cat":"none","_seopress_titles_title":"","_seopress_titles_desc":"","_seopress_robots_index":""},"product_cat":[286,455,37],"product_tag":[],"class_list":{"0":"post-5679","1":"product","2":"type-product","3":"status-publish","4":"has-post-thumbnail","6":"product_cat-4-pilarinostimet","7":"product_cat-ajoneuvonostimet","8":"product_cat-autonostimet","9":"product_shipping_class-frakt-372-fi","11":"first","12":"outofstock","13":"taxable","14":"shipping-taxable","15":"purchasable","16":"product-type-simple","swatches":"rey-swatches","show_selected":""},"acf":[],"_links":{"self":[{"href":"https:\/\/toolhouse.fi\/fi\/wp-json\/wp\/v2\/product\/5679","targetHints":{"allow":["GET"]}}],"collection":[{"href":"https:\/\/toolhouse.fi\/fi\/wp-json\/wp\/v2\/product"}],"about":[{"href":"https:\/\/toolhouse.fi\/fi\/wp-json\/wp\/v2\/types\/product"}],"version-history":[{"count":5,"href":"https:\/\/toolhouse.fi\/fi\/wp-json\/wp\/v2\/product\/5679\/revisions"}],"predecessor-version":[{"id":31961,"href":"https:\/\/toolhouse.fi\/fi\/wp-json\/wp\/v2\/product\/5679\/revisions\/31961"}],"wp:featuredmedia":[{"embeddable":true,"href":"https:\/\/toolhouse.fi\/fi\/wp-json\/wp\/v2\/media\/8905"}],"wp:attachment":[{"href":"https:\/\/toolhouse.fi\/fi\/wp-json\/wp\/v2\/media?parent=5679"}],"wp:term":[{"taxonomy":"product_cat","embeddable":true,"href":"https:\/\/toolhouse.fi\/fi\/wp-json\/wp\/v2\/product_cat?post=5679"},{"taxonomy":"product_tag","embeddable":true,"href":"https:\/\/toolhouse.fi\/fi\/wp-json\/wp\/v2\/product_tag?post=5679"}],"curies":[{"name":"wp","href":"https:\/\/api.w.org\/{rel}","templated":true}]}}