{"id":5732,"date":"2021-11-23T17:20:44","date_gmt":"2021-11-23T15:20:44","guid":{"rendered":"https:\/\/toolhouse.fi\/produkt\/normet-35t-px-3500xe\/"},"modified":"2026-01-15T11:30:00","modified_gmt":"2026-01-15T09:30:00","slug":"px-3500xe","status":"publish","type":"product","link":"https:\/\/toolhouse.fi\/fi\/tuote\/px-3500xe\/","title":{"rendered":"Px-3500xe"},"content":{"rendered":"<div class=\"product-page-sections\">\n<div class=\"product-section\">\n<div class=\"row\">\n<div class=\"large-10 col pb-0 mb-0\">\n<div class=\"panel entry-content\">\n<table width=\"667\">\n<tbody>\n<tr>\n<td colspan=\"3\" width=\"667\"><strong>Tekniset tiedot\u00a0<\/strong><\/td>\n<\/tr>\n<tr>\n<td width=\"346\">&nbsp;<\/p>\n<p>Malli<\/td>\n<td colspan=\"2\" width=\"321\">&nbsp;<\/p>\n<p>Px-3500xe<\/td>\n<\/tr>\n<tr>\n<td width=\"346\">Nostokapasiteetti<\/td>\n<td colspan=\"2\" width=\"321\">3500kg<\/td>\n<\/tr>\n<tr>\n<td width=\"346\">Nostokorkeus<\/td>\n<td colspan=\"2\" width=\"321\">1000mm<\/td>\n<\/tr>\n<tr>\n<td width=\"346\">\u00a0Nosto \/ lasku aika<\/td>\n<td colspan=\"2\" width=\"321\">27sek<\/td>\n<\/tr>\n<tr>\n<td width=\"346\">Korkeus ala-asennossa<\/td>\n<td colspan=\"2\" width=\"321\">105mm<\/td>\n<\/tr>\n<tr>\n<td width=\"346\">Leveys<\/td>\n<td colspan=\"2\" width=\"321\">1815 mm<\/td>\n<\/tr>\n<tr>\n<td width=\"346\">Ajosillan pituus<\/p>\n<p>Ajosillan pituus rampit yl\u00e4asennossa<\/td>\n<td colspan=\"2\" width=\"321\">1400 mm<\/p>\n<p>2010 mm<\/td>\n<\/tr>\n<tr>\n<td width=\"346\">Ajosillan leveys<\/td>\n<td colspan=\"2\" width=\"321\">520 mm<\/td>\n<\/tr>\n<tr>\n<td width=\"346\">Virtal\u00e4hde<\/td>\n<td colspan=\"2\" width=\"321\">230V<\/td>\n<\/tr>\n<tr>\n<td width=\"346\">Moottoriteho<\/td>\n<td colspan=\"2\" width=\"321\">2.2KW<\/td>\n<\/tr>\n<tr>\n<td width=\"346\">Ce-hyv\u00e4ksytty<\/p>\n<p>Takuu<\/td>\n<td colspan=\"2\" width=\"321\">Kyll\u00e4<\/p>\n<p>1 vuosi<\/td>\n<\/tr>\n<tr>\n<td width=\"346\">Melutaso<\/td>\n<td colspan=\"2\" width=\"321\">\u226470 dB(A)<\/td>\n<\/tr>\n<tr>\n<td width=\"346\">Nettopaino<\/td>\n<td colspan=\"2\" width=\"321\">570g<\/td>\n<\/tr>\n<tr>\n<td colspan=\"2\" width=\"648\"><\/td>\n<td width=\"19\"><\/td>\n<\/tr>\n<tr>\n<td width=\"346\"><\/td>\n<td width=\"302\"><\/td>\n<td width=\"19\"><\/td>\n<\/tr>\n<tr>\n<td width=\"346\"><\/td>\n<td width=\"302\"><\/td>\n<td width=\"19\"><\/td>\n<\/tr>\n<tr>\n<td width=\"346\"><\/td>\n<td width=\"302\"><\/td>\n<td width=\"19\"><\/td>\n<\/tr>\n<tr>\n<td width=\"346\"><\/td>\n<td width=\"302\"><\/td>\n<td width=\"19\"><\/td>\n<\/tr>\n<tr>\n<td width=\"346\"><\/td>\n<td width=\"302\"><\/td>\n<td width=\"19\"><\/td>\n<\/tr>\n<tr>\n<td width=\"346\"><\/td>\n<td width=\"302\"><\/td>\n<td width=\"19\"><\/td>\n<\/tr>\n<tr>\n<td width=\"346\"><\/td>\n<td width=\"302\"><\/td>\n<td width=\"19\"><\/td>\n<\/tr>\n<\/tbody>\n<\/table>\n<\/div>\n<\/div>\n<\/div>\n<\/div>\n<\/div>\n<div class=\"related related-products-wrapper product-section\">\n<h3 class=\"product-section-title container-width product-section-title-related pt-half pb-half uppercase\"><\/h3>\n<\/div>\n","protected":false},"excerpt":{"rendered":"<h3><\/h3>\n<h1><strong>Px-3500xe<\/strong><\/h1>\n<p>Matalaprofiilinen siirrett\u00e4v\u00e4 matalasaksinostin, 3,5 tonnin nostokyvyll\u00e4. Mukana siirtopy\u00f6r\u00e4t, joiden avulla nostinta voidaan helposti siirt\u00e4\u00e4 tasaisella pinnalla.<\/p>\n<ul>\n<li>V\u00e4ri: musta\/punainen<\/li>\n<li>Automaattiset 24v turvalukot<\/li>\n<li tabindex=\"0\" role=\"label\">Hydraulinen<\/li>\n<li tabindex=\"0\" role=\"label\">Nostokyky 3500kg<\/li>\n<li tabindex=\"0\" role=\"label\">Nostokorkeus 1000mm<\/li>\n<li>Korkeus ala-asennossa 105 mm<\/li>\n<li tabindex=\"0\" role=\"label\">Siirrett\u00e4v\u00e4<\/li>\n<li>Siirtopy\u00f6r\u00e4sarja sis\u00e4ltyy hintaan<\/li>\n<li>Lukittavat rampit<\/li>\n<li>Toimitus sis\u00e4lt\u00e4\u00e4 4 kpl nostotyynyt.<\/li>\n<li>230V<\/li>\n<li tabindex=\"0\" role=\"label\"><span lang=\"fi-FI\">Takuu 1 vuosi<\/span><\/li>\n<li tabindex=\"0\" role=\"label\">Kaikki varaosat saatavilla<\/li>\n<li tabindex=\"0\" role=\"label\">CE-hyv\u00e4ksytty<\/li>\n<\/ul>\n<p>&nbsp;<\/p>\n<p>&nbsp;<\/p>\n<p><strong>Matala profiili<\/strong><\/p>\n<p style=\"text-align: left;\">Px-3500xe:n nerokas geometria mahdollistaa matalan 105 mm korkeuden,\u00a0 \u00a0 \u00a0 \u00a0 \u00a0 \u00a0 \u00a0 \u00a0 \u00a0 \u00a0 \u00a0 \u00a0 \u00a0 \u00a0 <img alt=\"\" fetchpriority=\"high\" decoding=\"async\" class=\" wp-image-5727 alignright\" src=\"http:\/\/toolhouse.fi\/wp-content\/uploads\/2021\/11\/saksinostin-3500kg-5-300x300.jpg\" alt=\"\" width=\"334\" height=\"334\" srcset=\"https:\/\/toolhouse.fi\/wp-content\/uploads\/2021\/11\/saksinostin-3500kg-5-300x300.jpg 300w, https:\/\/toolhouse.fi\/wp-content\/uploads\/2021\/11\/saksinostin-3500kg-5-100x100.jpg 100w, https:\/\/toolhouse.fi\/wp-content\/uploads\/2021\/11\/saksinostin-3500kg-5-510x510.jpg 510w, https:\/\/toolhouse.fi\/wp-content\/uploads\/2021\/11\/saksinostin-3500kg-5-150x150.jpg 150w, https:\/\/toolhouse.fi\/wp-content\/uploads\/2021\/11\/saksinostin-3500kg-5-768x768.jpg 768w, https:\/\/toolhouse.fi\/wp-content\/uploads\/2021\/11\/saksinostin-3500kg-5-400x400.jpg 400w, https:\/\/toolhouse.fi\/wp-content\/uploads\/2021\/11\/saksinostin-3500kg-5-700x700.jpg 700w, https:\/\/toolhouse.fi\/wp-content\/uploads\/2021\/11\/saksinostin-3500kg-5.jpg 800w\" sizes=\"(max-width: 334px) 100vw, 334px\" \/><\/p>\n<p style=\"text-align: left;\">jolloin nosturille on helppo ajaa matalillakin autoilla.<\/p>\n<p style=\"text-align: left;\">Noston alkuvaiheessa lis\u00e4vipu ponnistaa saksen alkunoston lattiaan tukeutuen,<\/p>\n<p style=\"text-align: left;\">mik\u00e4 mahdollistaa poikkeuksellisen matalan rakenteen ja nostin pystyy nostamaan t\u00e4ydell\u00e4<\/p>\n<p style=\"text-align: left;\">3,5 tonnin kapasiteetilla my\u00f6s noston alkuvaiheessa.<\/p>\n","protected":false},"featured_media":8883,"template":"","meta":{"_acf_changed":false,"_seopress_robots_primary_cat":"none","_seopress_titles_title":"","_seopress_titles_desc":"","_seopress_robots_index":""},"product_cat":[455,289],"product_tag":[],"class_list":{"0":"post-5732","1":"product","2":"type-product","3":"status-publish","4":"has-post-thumbnail","6":"product_cat-ajoneuvonostimet","7":"product_cat-saksinostimet","8":"product_shipping_class-frakt149e-fi","10":"first","11":"instock","12":"sale","13":"taxable","14":"shipping-taxable","15":"purchasable","16":"product-type-simple","swatches":"rey-swatches","show_selected":""},"acf":[],"_links":{"self":[{"href":"https:\/\/toolhouse.fi\/fi\/wp-json\/wp\/v2\/product\/5732","targetHints":{"allow":["GET"]}}],"collection":[{"href":"https:\/\/toolhouse.fi\/fi\/wp-json\/wp\/v2\/product"}],"about":[{"href":"https:\/\/toolhouse.fi\/fi\/wp-json\/wp\/v2\/types\/product"}],"version-history":[{"count":4,"href":"https:\/\/toolhouse.fi\/fi\/wp-json\/wp\/v2\/product\/5732\/revisions"}],"predecessor-version":[{"id":23192,"href":"https:\/\/toolhouse.fi\/fi\/wp-json\/wp\/v2\/product\/5732\/revisions\/23192"}],"wp:featuredmedia":[{"embeddable":true,"href":"https:\/\/toolhouse.fi\/fi\/wp-json\/wp\/v2\/media\/8883"}],"wp:attachment":[{"href":"https:\/\/toolhouse.fi\/fi\/wp-json\/wp\/v2\/media?parent=5732"}],"wp:term":[{"taxonomy":"product_cat","embeddable":true,"href":"https:\/\/toolhouse.fi\/fi\/wp-json\/wp\/v2\/product_cat?post=5732"},{"taxonomy":"product_tag","embeddable":true,"href":"https:\/\/toolhouse.fi\/fi\/wp-json\/wp\/v2\/product_tag?post=5732"}],"curies":[{"name":"wp","href":"https:\/\/api.w.org\/{rel}","templated":true}]}}