{"id":5760,"date":"2021-11-26T19:52:35","date_gmt":"2021-11-26T17:52:35","guid":{"rendered":"https:\/\/toolhouse.fi\/produkt\/walter-gk-1400-7-5-500-p\/"},"modified":"2022-02-17T16:31:46","modified_gmt":"2022-02-17T14:31:46","slug":"walter-gk-1400-7-5-500-p","status":"publish","type":"product","link":"https:\/\/toolhouse.fi\/fi\/tuote\/walter-gk-1400-7-5-500-p\/","title":{"rendered":"Walter GK 1400-7.5 \/ 500 P. Valurauta kompressori"},"content":{"rendered":"<table>\n<tbody>\n<tr>\n<td><span style=\"color: #282828;\"><strong><span class=\"\">Valmistaja<\/span><\/strong><\/span><\/td>\n<td><span style=\"color: #282828;\"><strong>Walter kompressortechnik<\/strong><\/span><\/td>\n<\/tr>\n<tr>\n<td><span style=\"color: #282828;\"><strong>Malli<\/strong><\/span><\/td>\n<td><span style=\"color: #282828;\"><strong><span class=\"goog-text-highlight\">GK 1400-7.5 \/ 500 P<\/span><\/strong><\/span><\/td>\n<\/tr>\n<tr>\n<td><span style=\"color: #282828;\"><strong>Imutuotto (L\/Min)<\/strong><\/span><\/td>\n<td><span style=\"color: #282828;\"><strong>1400<\/strong><\/span><\/td>\n<\/tr>\n<tr>\n<td><span style=\"color: #282828;\"><strong>Painetuotto (L\/Min)<\/strong><\/span><\/td>\n<td><span style=\"color: #282828;\"><strong>1100<\/strong><\/span><\/td>\n<\/tr>\n<tr>\n<td><span style=\"color: #282828;\"><strong>Paine (bar)<\/strong><\/span><\/td>\n<td><span style=\"color: #282828;\"><strong>10<\/strong><\/span><\/td>\n<\/tr>\n<tr>\n<td><span style=\"color: #282828;\"><strong>Teho (kW\/HP)<\/strong><\/span><\/td>\n<td><span style=\"color: #282828;\"><strong>7.5\/10<\/strong><\/span><\/td>\n<\/tr>\n<tr>\n<td><span style=\"color: #282828;\"><strong>S\u00e4ili\u00f6n Tilavuus (L)<\/strong><\/span><\/td>\n<td><span style=\"color: #282828;\"><strong>500<\/strong><\/span><\/td>\n<\/tr>\n<tr>\n<td><span style=\"color: #282828;\"><strong>Sylinteri m\u00e4\u00e4r\u00e4<\/strong><\/span><\/td>\n<td><span style=\"color: #282828;\"><strong>4 kpl<\/strong><\/span><\/td>\n<\/tr>\n<tr>\n<td><span style=\"color: #282828;\"><strong>Py\u00f6rimisnopeus (rpm)<\/strong><\/span><\/td>\n<td><span style=\"color: #282828;\"><strong>1040<\/strong><\/span><\/td>\n<\/tr>\n<tr>\n<td><span style=\"color: #282828;\"><strong>Leveys (mm)<\/strong><\/span><\/td>\n<td><span style=\"color: #282828;\"><strong>610<\/strong><\/span><\/td>\n<\/tr>\n<tr>\n<td><span style=\"color: #282828;\"><strong>Korkeus (mm)<\/strong><\/span><\/td>\n<td><span style=\"color: #282828;\"><strong>1250<\/strong><\/span><\/td>\n<\/tr>\n<tr>\n<td><span style=\"color: #282828;\"><strong>Pituus (mm)<\/strong><\/span><\/td>\n<td><span style=\"color: #282828;\"><strong><span class=\"goog-text-highlight\">2000<\/span><\/strong><\/span><\/td>\n<\/tr>\n<\/tbody>\n<\/table>\n<table>\n<tbody>\n<tr>\n<td><span style=\"color: #282828;\"><strong>Paino (kg)\u00a0 \u00a0 \u00a0 <\/strong><\/span><\/p>\n<p><span style=\"color: #282828;\"><strong>melutaso(db)\u00a0 \u00a0 \u00a0 \u00a0 \u00a0 \u00a0 \u00a0 \u00a0<\/strong><\/span><\/td>\n<td><span style=\"color: #282828;\"><strong>320\u00a0 <\/strong><\/span><\/p>\n<p><span style=\"color: #282828;\"><strong>80\u00a0 \u00a0 \u00a0 \u00a0 \u00a0 \u00a0 \u00a0 \u00a0 \u00a0 \u00a0 \u00a0 \u00a0 \u00a0 \u00a0 \u00a0 \u00a0 \u00a0 \u00a0 .<\/strong><\/span><\/td>\n<\/tr>\n<tr>\n<td><span style=\"color: #282828;\"><strong>J\u00e4nnite (V)<\/strong><\/span><\/td>\n<td><span style=\"color: #282828;\"><strong>400<\/strong><\/span><\/td>\n<\/tr>\n<tr>\n<td><span style=\"color: #282828;\"><strong>Valmistusmaa<\/strong><\/span><\/td>\n<td><span style=\"color: #282828;\"><strong>Puola<\/strong><\/span><\/td>\n<\/tr>\n<tr>\n<td><span style=\"color: #282828;\"><strong>Ce-hyv\u00e4ksytty<\/strong><\/span><\/td>\n<td><span style=\"color: #282828;\"><strong>Kyll\u00e4<\/strong><\/span><\/td>\n<\/tr>\n<tr>\n<td><span style=\"color: #282828;\"><strong>Takuu<\/strong><\/span><\/td>\n<td><span style=\"color: #282828;\"><strong>1 vuosi<\/strong><\/span><\/td>\n<\/tr>\n<\/tbody>\n<\/table>\n","protected":false},"excerpt":{"rendered":"<ul>\n<li><span style=\"color: #282828;\">7,5KW \/ 10HV<\/span><\/li>\n<li><span style=\"color: #282828;\">Ilmas\u00e4ili\u00f6 500L<\/span><\/li>\n<li><span style=\"color: #282828;\">2-vaiheinen m\u00e4nt\u00e4kompressori<\/span><\/li>\n<li><span style=\"color: #282828;\">Painetuotto 1100L<\/span><\/li>\n<li><span style=\"color: #282828;\">Imutuotto 1400L<\/span><\/li>\n<li><span style=\"color: #282828;\">10 Bar<\/span><\/li>\n<li><span style=\"color: #282828;\">4 sylinterinen<\/span><\/li>\n<\/ul>\n<p><span style=\"color: #282828;\">Toimintavarma ja laadukas Walter kompressori vaativiin k\u00e4ytt\u00f6kohteisiin, tehokas 7,5kw moottori ja painetuotto 1100 l\/min.<\/span><\/p>\n<p><span style=\"color: #282828;\">Walterissa on valurautaiset pumppulohkot, sylinterit ja sylinterinkannet, mik\u00e4 takaa alhaiset melutasot, paremman j\u00e4\u00e4hdytyksen ja pitk\u00e4n k\u00e4ytt\u00f6i\u00e4n.<\/span><\/p>\n<p>Kaksivaiheinen nelisylinterinen kompressori.<\/p>\n<p><a href=\"https:\/\/walterpolska.pl\/home-pl-pl.html\" target=\"_blank\" rel=\"noopener\">Walter Kompressortechnik <\/a>on yksi Euroopan johtavista kompressoreiden valmistajista,<\/p>\n<p><span style=\"color: #282828;\">GK 1400 on matalakierroksinen ja kest\u00e4v\u00e4 kompressori <\/span>ammattik\u00e4ytt\u00f6\u00f6n.<\/p>\n<p>&nbsp;<\/p>\n<p><span style=\"font-size: 120%; color: #ff0000;\"><em><strong><a style=\"color: #ff0000;\" href=\"https:\/\/www.youtube.com\/channel\/UCo_P0IaSCzrIVU7rcPaavKg\/search?query=1400\" target=\"_blank\" rel=\"noopener\">Linkki tuotevideoon<\/a><\/strong><\/em><\/span><\/p>\n<p>&nbsp;<\/p>\n","protected":false},"featured_media":6387,"template":"","meta":{"_acf_changed":false,"_seopress_robots_primary_cat":"","_seopress_titles_title":"","_seopress_titles_desc":"","_seopress_robots_index":""},"product_cat":[217,322],"product_tag":[],"class_list":{"0":"post-5760","1":"product","2":"type-product","3":"status-publish","4":"has-post-thumbnail","6":"product_cat-kompressori-ja-paineilma","7":"product_cat-kompressorit","8":"product_shipping_class-frakt149e-fi","10":"first","11":"outofstock","12":"taxable","13":"shipping-taxable","14":"purchasable","15":"product-type-simple","swatches":"rey-swatches","show_selected":""},"acf":[],"_links":{"self":[{"href":"https:\/\/toolhouse.fi\/fi\/wp-json\/wp\/v2\/product\/5760","targetHints":{"allow":["GET"]}}],"collection":[{"href":"https:\/\/toolhouse.fi\/fi\/wp-json\/wp\/v2\/product"}],"about":[{"href":"https:\/\/toolhouse.fi\/fi\/wp-json\/wp\/v2\/types\/product"}],"version-history":[{"count":0,"href":"https:\/\/toolhouse.fi\/fi\/wp-json\/wp\/v2\/product\/5760\/revisions"}],"wp:featuredmedia":[{"embeddable":true,"href":"https:\/\/toolhouse.fi\/fi\/wp-json\/wp\/v2\/media\/6387"}],"wp:attachment":[{"href":"https:\/\/toolhouse.fi\/fi\/wp-json\/wp\/v2\/media?parent=5760"}],"wp:term":[{"taxonomy":"product_cat","embeddable":true,"href":"https:\/\/toolhouse.fi\/fi\/wp-json\/wp\/v2\/product_cat?post=5760"},{"taxonomy":"product_tag","embeddable":true,"href":"https:\/\/toolhouse.fi\/fi\/wp-json\/wp\/v2\/product_tag?post=5760"}],"curies":[{"name":"wp","href":"https:\/\/api.w.org\/{rel}","templated":true}]}}