{"id":5835,"date":"2021-11-30T13:54:26","date_gmt":"2021-11-30T11:54:26","guid":{"rendered":"https:\/\/toolhouse.fi\/produkt\/vaihteistonostin-teleskooppi\/"},"modified":"2025-10-02T11:59:41","modified_gmt":"2025-10-02T08:59:41","slug":"vaihteistonostin-teleskooppi","status":"publish","type":"product","link":"https:\/\/toolhouse.fi\/fi\/tuote\/vaihteistonostin-teleskooppi\/","title":{"rendered":"Vaihteistonostin, teleskooppi"},"content":{"rendered":"","protected":false},"excerpt":{"rendered":"<p>Matala ja teleskooppinen nostin \u2013 ihanteellinen moottorin, vaihdelaatikon tai taka-akselin irrotukseen ja asennukseen.<\/p>\n<p>&nbsp;<\/p>\n<ul>\n<li data-start=\"372\" data-end=\"444\">K\u00e4yt\u00e4nn\u00f6llinen jalkapoljin \u2013 j\u00e4tt\u00e4\u00e4 k\u00e4det vapaaksi ty\u00f6skentely\u00e4 varten<\/li>\n<li data-start=\"447\" data-end=\"498\">Eritt\u00e4in matala minimikorkeus ja pitk\u00e4 nostoliike<\/li>\n<li data-start=\"501\" data-end=\"564\">Tarkka kuorman hallinta k\u00e4sik\u00e4ytt\u00f6isen laskuventtiilin avulla<\/li>\n<li data-start=\"567\" data-end=\"634\">Isot k\u00e4\u00e4ntyv\u00e4t py\u00f6r\u00e4t mahdollistavat vakaan ja helpon siirt\u00e4misen<\/li>\n<li data-start=\"637\" data-end=\"705\">Kovakromatut m\u00e4nn\u00e4nvarsi ja pumpun m\u00e4nt\u00e4 takaavat pitk\u00e4n k\u00e4ytt\u00f6i\u00e4n<\/li>\n<li data-start=\"708\" data-end=\"794\">Teleskooppisylinteri ja sis\u00e4\u00e4nrakennettu ylikuormitussuoja parantavat turvallisuutta<\/li>\n<\/ul>\n<p data-start=\"796\" data-end=\"816\"><strong data-start=\"796\" data-end=\"816\">Tekniset tiedot:<\/strong><\/p>\n<ul>\n<li data-start=\"820\" data-end=\"847\">Nostokapasiteetti: 500 kg<\/li>\n<li data-start=\"850\" data-end=\"873\">Minimikorkeus: 850 mm<\/li>\n<li data-start=\"876\" data-end=\"901\">Maksimikorkeus: 1750 mm<\/li>\n<li data-start=\"904\" data-end=\"927\">Rungon leveys: 800 mm<\/li>\n<li data-start=\"930\" data-end=\"944\">Paino: 42 kg<\/li>\n<li data-start=\"947\" data-end=\"962\">CE-hyv\u00e4ksytty<\/li>\n<li data-start=\"965\" data-end=\"979\">Takuu: 1 vuosi<\/li>\n<li data-start=\"965\" data-end=\"979\">Valmistaja: Geko<\/li>\n<\/ul>\n","protected":false},"featured_media":6191,"template":"","meta":{"_acf_changed":false,"_seopress_robots_primary_cat":"none","_seopress_titles_title":"","_seopress_titles_desc":"","_seopress_robots_index":""},"product_cat":[455,288,457],"product_tag":[],"class_list":{"0":"post-5835","1":"product","2":"type-product","3":"status-publish","4":"has-post-thumbnail","6":"product_cat-ajoneuvonostimet","7":"product_cat-moottori-ja-vaihdelaatikkonostimet","8":"product_cat-vaihdelaatikkonostimet","9":"product_shipping_class-frakt-1980-fi","11":"first","12":"instock","13":"taxable","14":"shipping-taxable","15":"purchasable","16":"product-type-simple","swatches":"rey-swatches","show_selected":""},"acf":[],"_links":{"self":[{"href":"https:\/\/toolhouse.fi\/fi\/wp-json\/wp\/v2\/product\/5835","targetHints":{"allow":["GET"]}}],"collection":[{"href":"https:\/\/toolhouse.fi\/fi\/wp-json\/wp\/v2\/product"}],"about":[{"href":"https:\/\/toolhouse.fi\/fi\/wp-json\/wp\/v2\/types\/product"}],"version-history":[{"count":0,"href":"https:\/\/toolhouse.fi\/fi\/wp-json\/wp\/v2\/product\/5835\/revisions"}],"wp:featuredmedia":[{"embeddable":true,"href":"https:\/\/toolhouse.fi\/fi\/wp-json\/wp\/v2\/media\/6191"}],"wp:attachment":[{"href":"https:\/\/toolhouse.fi\/fi\/wp-json\/wp\/v2\/media?parent=5835"}],"wp:term":[{"taxonomy":"product_cat","embeddable":true,"href":"https:\/\/toolhouse.fi\/fi\/wp-json\/wp\/v2\/product_cat?post=5835"},{"taxonomy":"product_tag","embeddable":true,"href":"https:\/\/toolhouse.fi\/fi\/wp-json\/wp\/v2\/product_tag?post=5835"}],"curies":[{"name":"wp","href":"https:\/\/api.w.org\/{rel}","templated":true}]}}