{"id":5842,"date":"2021-11-30T20:28:22","date_gmt":"2021-11-30T18:28:22","guid":{"rendered":"https:\/\/toolhouse.fi\/produkt\/kaantolevyt-nelipilarinostimeen\/"},"modified":"2026-03-13T13:53:24","modified_gmt":"2026-03-13T11:53:24","slug":"kaantolevyt-nelipilarinostimeen","status":"publish","type":"product","link":"https:\/\/toolhouse.fi\/fi\/tuote\/kaantolevyt-nelipilarinostimeen\/","title":{"rendered":"K\u00e4\u00e4nt\u00f6levyt nelipilarinostimeen"},"content":{"rendered":"","protected":false},"excerpt":{"rendered":"<p>K\u00e4\u00e4nt\u00f6levyt nelipilarinostimeen<\/p>\n<ul>\n<li>Sopii:\u00a0 Pk4-5000, Pk4-5500, mm.<\/li>\n<li>Lukittavat.<\/li>\n<li>Toimitetaan pareittain.<\/li>\n<\/ul>\n","protected":false},"featured_media":6375,"template":"","meta":{"_acf_changed":false,"_seopress_robots_primary_cat":"none","_seopress_titles_title":"","_seopress_titles_desc":"","_seopress_robots_index":""},"product_cat":[286,455,290],"product_tag":[],"class_list":{"0":"post-5842","1":"product","2":"type-product","3":"status-publish","4":"has-post-thumbnail","6":"product_cat-4-pilarinostimet","7":"product_cat-ajoneuvonostimet","8":"product_cat-varaosat-ja-tarvikkeet","9":"product_shipping_class-k-160-1090e","11":"first","12":"instock","13":"taxable","14":"shipping-taxable","15":"purchasable","16":"product-type-simple","swatches":"rey-swatches","show_selected":""},"acf":[],"_links":{"self":[{"href":"https:\/\/toolhouse.fi\/fi\/wp-json\/wp\/v2\/product\/5842","targetHints":{"allow":["GET"]}}],"collection":[{"href":"https:\/\/toolhouse.fi\/fi\/wp-json\/wp\/v2\/product"}],"about":[{"href":"https:\/\/toolhouse.fi\/fi\/wp-json\/wp\/v2\/types\/product"}],"version-history":[{"count":1,"href":"https:\/\/toolhouse.fi\/fi\/wp-json\/wp\/v2\/product\/5842\/revisions"}],"predecessor-version":[{"id":31960,"href":"https:\/\/toolhouse.fi\/fi\/wp-json\/wp\/v2\/product\/5842\/revisions\/31960"}],"wp:featuredmedia":[{"embeddable":true,"href":"https:\/\/toolhouse.fi\/fi\/wp-json\/wp\/v2\/media\/6375"}],"wp:attachment":[{"href":"https:\/\/toolhouse.fi\/fi\/wp-json\/wp\/v2\/media?parent=5842"}],"wp:term":[{"taxonomy":"product_cat","embeddable":true,"href":"https:\/\/toolhouse.fi\/fi\/wp-json\/wp\/v2\/product_cat?post=5842"},{"taxonomy":"product_tag","embeddable":true,"href":"https:\/\/toolhouse.fi\/fi\/wp-json\/wp\/v2\/product_tag?post=5842"}],"curies":[{"name":"wp","href":"https:\/\/api.w.org\/{rel}","templated":true}]}}