{"id":6104,"date":"2021-12-17T21:59:50","date_gmt":"2021-12-17T19:59:50","guid":{"rendered":"https:\/\/toolhouse.fi\/produkt\/asennuspaa-mp-atv\/"},"modified":"2024-01-30T22:19:44","modified_gmt":"2024-01-30T20:19:44","slug":"asennuspaa-mp-atv","status":"publish","type":"product","link":"https:\/\/toolhouse.fi\/fi\/tuote\/asennuspaa-mp-atv\/","title":{"rendered":"Asennusp\u00e4\u00e4 mp\/atv"},"content":{"rendered":"","protected":false},"excerpt":{"rendered":"<ul>\n<li>Asennusp\u00e4\u00e4 moottoripy\u00f6r\u00e4n, skoottereiden, mopojen ja atv renkaiden vaihtamiseen.<\/li>\n<li>Asennusp\u00e4\u00e4n rei\u00e4n halkaisija 29mm<\/li>\n<\/ul>\n<ul>\n<li>Asennusp\u00e4\u00e4 sopii mm Redats:<\/li>\n<\/ul>\n<p>M-111<\/p>\n<p>M-130<\/p>\n<p>M-201<\/p>\n<p>M-205<\/p>\n<p>M-211<\/p>\n<p>M-221<\/p>\n<p>M-250<\/p>\n<p>Ej sopii Redats M-230 ja M-120<\/p>\n","protected":false},"featured_media":6103,"template":"","meta":{"_acf_changed":false,"_seopress_robots_primary_cat":"","_seopress_titles_title":"","_seopress_titles_desc":"","_seopress_robots_index":"","_seopress_analysis_target_kw":""},"product_cat":[475,188,163],"product_tag":[],"class_list":{"0":"post-6104","1":"product","2":"type-product","3":"status-publish","4":"has-post-thumbnail","6":"product_cat-lisavarusteet-ja-varaosat","7":"product_cat-rengaskoneet","8":"product_cat-rengaskoneiden-tarvikkeet","9":"product_shipping_class-tillbehor-590e","11":"first","12":"instock","13":"taxable","14":"shipping-taxable","15":"purchasable","16":"product-type-simple","swatches":"rey-swatches","show_selected":""},"acf":[],"_links":{"self":[{"href":"https:\/\/toolhouse.fi\/fi\/wp-json\/wp\/v2\/product\/6104","targetHints":{"allow":["GET"]}}],"collection":[{"href":"https:\/\/toolhouse.fi\/fi\/wp-json\/wp\/v2\/product"}],"about":[{"href":"https:\/\/toolhouse.fi\/fi\/wp-json\/wp\/v2\/types\/product"}],"version-history":[{"count":0,"href":"https:\/\/toolhouse.fi\/fi\/wp-json\/wp\/v2\/product\/6104\/revisions"}],"wp:featuredmedia":[{"embeddable":true,"href":"https:\/\/toolhouse.fi\/fi\/wp-json\/wp\/v2\/media\/6103"}],"wp:attachment":[{"href":"https:\/\/toolhouse.fi\/fi\/wp-json\/wp\/v2\/media?parent=6104"}],"wp:term":[{"taxonomy":"product_cat","embeddable":true,"href":"https:\/\/toolhouse.fi\/fi\/wp-json\/wp\/v2\/product_cat?post=6104"},{"taxonomy":"product_tag","embeddable":true,"href":"https:\/\/toolhouse.fi\/fi\/wp-json\/wp\/v2\/product_tag?post=6104"}],"curies":[{"name":"wp","href":"https:\/\/api.w.org\/{rel}","templated":true}]}}