{"id":6305,"date":"2022-01-11T22:19:07","date_gmt":"2022-01-11T20:19:07","guid":{"rendered":"https:\/\/toolhouse.fi\/produkt\/liukupala-2-pilarninosturiin\/"},"modified":"2025-10-23T14:01:22","modified_gmt":"2025-10-23T11:01:22","slug":"liukupala-2-pilarninosturiin","status":"publish","type":"product","link":"https:\/\/toolhouse.fi\/fi\/tuote\/liukupala-2-pilarninosturiin\/","title":{"rendered":"Liukupala 2-pilarninosturiin"},"content":{"rendered":"","protected":false},"excerpt":{"rendered":"<p>Liukupala Redats 2-pilarninosturiin.<\/p>\n<p>Sis\u00e4lt\u00e4\u00e4 1 kpl liukumuovi.<\/p>\n","protected":false},"featured_media":6302,"template":"","meta":{"_acf_changed":false,"_seopress_robots_primary_cat":"none","_seopress_titles_title":"","_seopress_titles_desc":"","_seopress_robots_index":""},"product_cat":[455,290],"product_tag":[],"class_list":{"0":"post-6305","1":"product","2":"type-product","3":"status-publish","4":"has-post-thumbnail","6":"product_cat-ajoneuvonostimet","7":"product_cat-varaosat-ja-tarvikkeet","8":"product_shipping_class-tillbehor-590e","10":"first","11":"instock","12":"taxable","13":"shipping-taxable","14":"purchasable","15":"product-type-simple","swatches":"rey-swatches","show_selected":""},"acf":[],"_links":{"self":[{"href":"https:\/\/toolhouse.fi\/fi\/wp-json\/wp\/v2\/product\/6305","targetHints":{"allow":["GET"]}}],"collection":[{"href":"https:\/\/toolhouse.fi\/fi\/wp-json\/wp\/v2\/product"}],"about":[{"href":"https:\/\/toolhouse.fi\/fi\/wp-json\/wp\/v2\/types\/product"}],"version-history":[{"count":1,"href":"https:\/\/toolhouse.fi\/fi\/wp-json\/wp\/v2\/product\/6305\/revisions"}],"predecessor-version":[{"id":24909,"href":"https:\/\/toolhouse.fi\/fi\/wp-json\/wp\/v2\/product\/6305\/revisions\/24909"}],"wp:featuredmedia":[{"embeddable":true,"href":"https:\/\/toolhouse.fi\/fi\/wp-json\/wp\/v2\/media\/6302"}],"wp:attachment":[{"href":"https:\/\/toolhouse.fi\/fi\/wp-json\/wp\/v2\/media?parent=6305"}],"wp:term":[{"taxonomy":"product_cat","embeddable":true,"href":"https:\/\/toolhouse.fi\/fi\/wp-json\/wp\/v2\/product_cat?post=6305"},{"taxonomy":"product_tag","embeddable":true,"href":"https:\/\/toolhouse.fi\/fi\/wp-json\/wp\/v2\/product_tag?post=6305"}],"curies":[{"name":"wp","href":"https:\/\/api.w.org\/{rel}","templated":true}]}}