{"id":6530,"date":"2022-02-05T22:35:28","date_gmt":"2022-02-05T20:35:28","guid":{"rendered":"https:\/\/toolhouse.fi\/produkt\/kierreletku-5m-8x12mm\/"},"modified":"2025-05-04T22:15:49","modified_gmt":"2025-05-04T19:15:49","slug":"kierreletku-5m-8x12mm","status":"publish","type":"product","link":"https:\/\/toolhouse.fi\/fi\/tuote\/kierreletku-5m-8x12mm\/","title":{"rendered":"Kierreletku 5m  8x12mm"},"content":{"rendered":"","protected":false},"excerpt":{"rendered":"<p>Valmiiksi asennettu spiraaliletku pikaliittimell\u00e4 ja pistokkeella.<\/p>\n<p>Polyuretaaniletku (pur) on joustava ja taipuisa ja palautuu aina alkuper\u00e4iseen muotoonsa, murtumissuoja ja laadukkaat pikaliittimet takaavat pitk\u00e4n k\u00e4ytt\u00f6i\u00e4n.<\/p>\n<p>\u00d6ljyjen sek\u00e4 kulutuksenkest\u00e4v\u00e4.<\/p>\n<p>&nbsp;<\/p>\n<ul>\n<li>Valmistaja: Redats<\/li>\n<li>Sis\u00e4halkaisija 8 mm<\/li>\n<li>Ulkohalkaisija 12 mm<\/li>\n<li>Pituus 5 m<\/li>\n<li>K\u00e4ytt\u00f6paine 10 bar<\/li>\n<li>k\u00e4ytt\u00f6l\u00e4mp\u00f6tila: \u00a0-20C\u00b0 till +75C\u00b0<\/li>\n<\/ul>\n","protected":false},"featured_media":6513,"template":"","meta":{"_acf_changed":false,"_seopress_robots_primary_cat":"","_seopress_titles_title":"","_seopress_titles_desc":"","_seopress_robots_index":""},"product_cat":[217,325],"product_tag":[],"class_list":{"0":"post-6530","1":"product","2":"type-product","3":"status-publish","4":"has-post-thumbnail","6":"product_cat-kompressori-ja-paineilma","7":"product_cat-letkut-ja-kelat","8":"product_shipping_class-tillbehor-590e","10":"first","11":"instock","12":"taxable","13":"shipping-taxable","14":"purchasable","15":"product-type-simple","swatches":"rey-swatches","show_selected":""},"acf":[],"_links":{"self":[{"href":"https:\/\/toolhouse.fi\/fi\/wp-json\/wp\/v2\/product\/6530","targetHints":{"allow":["GET"]}}],"collection":[{"href":"https:\/\/toolhouse.fi\/fi\/wp-json\/wp\/v2\/product"}],"about":[{"href":"https:\/\/toolhouse.fi\/fi\/wp-json\/wp\/v2\/types\/product"}],"version-history":[{"count":0,"href":"https:\/\/toolhouse.fi\/fi\/wp-json\/wp\/v2\/product\/6530\/revisions"}],"wp:featuredmedia":[{"embeddable":true,"href":"https:\/\/toolhouse.fi\/fi\/wp-json\/wp\/v2\/media\/6513"}],"wp:attachment":[{"href":"https:\/\/toolhouse.fi\/fi\/wp-json\/wp\/v2\/media?parent=6530"}],"wp:term":[{"taxonomy":"product_cat","embeddable":true,"href":"https:\/\/toolhouse.fi\/fi\/wp-json\/wp\/v2\/product_cat?post=6530"},{"taxonomy":"product_tag","embeddable":true,"href":"https:\/\/toolhouse.fi\/fi\/wp-json\/wp\/v2\/product_tag?post=6530"}],"curies":[{"name":"wp","href":"https:\/\/api.w.org\/{rel}","templated":true}]}}