{"id":6545,"date":"2022-02-06T12:46:35","date_gmt":"2022-02-06T10:46:35","guid":{"rendered":"https:\/\/toolhouse.fi\/produkt\/magneettikulho\/"},"modified":"2026-01-28T13:02:23","modified_gmt":"2026-01-28T11:02:23","slug":"magneettikulho","status":"publish","type":"product","link":"https:\/\/toolhouse.fi\/fi\/tuote\/magneettikulho\/","title":{"rendered":"Magneettikulho"},"content":{"rendered":"","protected":false},"excerpt":{"rendered":"<p>K\u00e4tev\u00e4 magneettikulho ABS muovista , vinyylipinnoitettu magneettijalka.<\/p>\n<p>Voidaan kiinnitt\u00e4\u00e4 esim. autoon maalipintaa naarmuttamatta. Pit\u00e4\u00e4 py\u00f6r\u00e4npultit, ruuvit, mutterit yms. varmassa tallessa.<\/p>\n<p>Kulhon alapuoli ja sis\u00e4puoli magneettiset.<\/p>\n<p>&nbsp;<\/p>\n<p>1 kpl 8,50\u20ac<\/p>\n<p>4 kpl 29\u20ac<\/p>\n<p>&nbsp;<\/p>\n<ul>\n<li>Valmistaja: Redats<\/li>\n<li>Materiaali: ABS-muovi<\/li>\n<li>Koko: 150 x 125 x 160 mm<\/li>\n<\/ul>\n","protected":false},"featured_media":6641,"template":"","meta":{"_acf_changed":false,"_seopress_robots_primary_cat":"","_seopress_titles_title":"","_seopress_titles_desc":"","_seopress_robots_index":""},"product_cat":[350,337,40,484],"product_tag":[],"class_list":{"0":"post-6545","1":"product","2":"type-product","3":"status-publish","4":"has-post-thumbnail","6":"product_cat-muut","7":"product_cat-tyokalut","8":"product_cat-korjaamolaitteet","9":"product_cat-tyokaluvaunut-tyokalujen-sailytys","10":"product_shipping_class-tillbehor-590e","12":"first","13":"instock","14":"taxable","15":"shipping-taxable","16":"purchasable","17":"product-type-variable","swatches":"rey-swatches","show_selected":""},"acf":[],"_links":{"self":[{"href":"https:\/\/toolhouse.fi\/fi\/wp-json\/wp\/v2\/product\/6545","targetHints":{"allow":["GET"]}}],"collection":[{"href":"https:\/\/toolhouse.fi\/fi\/wp-json\/wp\/v2\/product"}],"about":[{"href":"https:\/\/toolhouse.fi\/fi\/wp-json\/wp\/v2\/types\/product"}],"version-history":[{"count":0,"href":"https:\/\/toolhouse.fi\/fi\/wp-json\/wp\/v2\/product\/6545\/revisions"}],"wp:featuredmedia":[{"embeddable":true,"href":"https:\/\/toolhouse.fi\/fi\/wp-json\/wp\/v2\/media\/6641"}],"wp:attachment":[{"href":"https:\/\/toolhouse.fi\/fi\/wp-json\/wp\/v2\/media?parent=6545"}],"wp:term":[{"taxonomy":"product_cat","embeddable":true,"href":"https:\/\/toolhouse.fi\/fi\/wp-json\/wp\/v2\/product_cat?post=6545"},{"taxonomy":"product_tag","embeddable":true,"href":"https:\/\/toolhouse.fi\/fi\/wp-json\/wp\/v2\/product_tag?post=6545"}],"curies":[{"name":"wp","href":"https:\/\/api.w.org\/{rel}","templated":true}]}}