{"id":6682,"date":"2022-02-12T13:24:33","date_gmt":"2022-02-12T11:24:33","guid":{"rendered":"https:\/\/toolhouse.fi\/produkt\/normet-pk-4000g-lattiavapaa-2-pilarinostin\/"},"modified":"2025-11-16T22:51:11","modified_gmt":"2025-11-16T20:51:11","slug":"pk-4000g-lattiavapaa-2-pilarinostin","status":"publish","type":"product","link":"https:\/\/toolhouse.fi\/fi\/tuote\/pk-4000g-lattiavapaa-2-pilarinostin\/","title":{"rendered":"PK-4000G lattiavapaa 2-pilarinostin."},"content":{"rendered":"<table style=\"height: 485px;\" border=\"0\" width=\"436\" cellspacing=\"0\" cellpadding=\"2\">\n<tbody>\n<tr>\n<td width=\"322\"><span style=\"color: #282828;\"><b>Nostokyky :<\/b><\/span><\/td>\n<td width=\"93\"><span style=\"color: #282828;\">4000 kg<\/span><\/td>\n<\/tr>\n<tr>\n<td bgcolor=\"#f1f1f1\" width=\"322\"><span style=\"color: #282828;\"><b>Nostokorkeus:<\/b><\/span><\/td>\n<td bgcolor=\"#f1f1f1\" width=\"93\"><span style=\"color: #282828;\">100 \u20131900mm<\/span><\/td>\n<\/tr>\n<tr>\n<td width=\"322\"><span style=\"color: #282828;\"><b>Automaattinen turvalukitus 24v:<\/b><\/span><\/td>\n<td width=\"93\"><span style=\"color: #282828;\">Kyll\u00e4<\/span><\/td>\n<\/tr>\n<tr>\n<td bgcolor=\"#f1f1f1\" width=\"322\"><span style=\"color: #282828;\"><b>K\u00e4ytt\u00f6 :<\/b><\/span><\/td>\n<td bgcolor=\"#f1f1f1\" width=\"93\"><span style=\"color: #282828;\">s\u00e4hk\u00f6hydraulinen<\/span><\/td>\n<\/tr>\n<tr>\n<td width=\"322\"><span style=\"color: #282828;\"><b>Nostoaika :<\/b><\/span><\/td>\n<td width=\"93\"><span style=\"color: #282828;\">35 sek<\/span><\/td>\n<\/tr>\n<tr>\n<td bgcolor=\"#f1f1f1\" width=\"322\"><span style=\"color: #282828;\"><b>230V pistorasia :<\/b><\/span><\/td>\n<td bgcolor=\"#f1f1f1\" width=\"93\"><span style=\"color: #282828;\">Kyll\u00e4<\/span><\/td>\n<\/tr>\n<tr>\n<td width=\"322\"><span style=\"color: #282828;\"><b><strong>Pilarien sis\u00e4leveys<\/strong>:<\/b><\/span><\/p>\n<p><span style=\"color: #282828;\"><strong>L\u00e4piajoleveys:<\/strong><\/span><\/td>\n<td width=\"93\"><span style=\"color: #282828;\">2900 mm<\/span><\/p>\n<p><span style=\"color: #282828;\">2640 mm<\/span><\/td>\n<\/tr>\n<tr>\n<td bgcolor=\"#f1f1f1\" width=\"322\"><span style=\"color: #282828;\"><b>Korkeus :<\/b><\/span><\/td>\n<td bgcolor=\"#f1f1f1\" width=\"93\"><span style=\"color: #282828;\">3880 mm<\/span><\/td>\n<\/tr>\n<tr>\n<td width=\"322\"><span style=\"color: #282828;\"><b>Ulko leveys :<\/b><\/span><\/p>\n<p><span style=\"color: #282828;\"><strong>Paino:<\/strong><\/span><\/td>\n<td width=\"93\"><span style=\"color: #282828;\">3445 mm<\/span><\/p>\n<p><span style=\"color: #282828;\">660kg<\/span><\/td>\n<\/tr>\n<tr>\n<td bgcolor=\"#f1f1f1\" width=\"322\"><span style=\"color: #282828;\"><b>J\u00e4nnite :<\/b><\/span><\/td>\n<td bgcolor=\"#f1f1f1\" width=\"93\"><span style=\"color: #282828;\">400V<\/span><\/td>\n<\/tr>\n<tr>\n<td width=\"322\"><span style=\"color: #282828;\"><b>Takuu :<\/b><\/span><\/td>\n<td width=\"93\"><span style=\"color: #282828;\">12 kuukautta<\/span><\/td>\n<\/tr>\n<tr>\n<td bgcolor=\"#f1f1f1\" width=\"322\"><span style=\"color: #282828;\"><b>Ce h<\/b><strong>yv\u00e4ksytty :<\/strong><\/span><\/td>\n<td bgcolor=\"#f1f1f1\" width=\"93\"><strong><span style=\"color: #282828;\">Kyll\u00e4<\/span><\/strong><\/td>\n<\/tr>\n<tr>\n<td width=\"322\"><strong><span style=\"color: #282828;\">Lattiavapaa:<\/span><\/strong><\/td>\n<td width=\"93\"><strong><span style=\"color: #282828;\">Kyll\u00e4<\/span><\/strong><\/td>\n<\/tr>\n<tr>\n<td bgcolor=\"#f1f1f1\" width=\"322\"><strong><span style=\"color: #282828;\">Moottorin teho:<\/span><\/strong><\/td>\n<td bgcolor=\"#f1f1f1\" width=\"93\"><strong><span style=\"color: #282828;\">2,2kw<\/span><\/strong><\/td>\n<\/tr>\n<tr>\n<td width=\"322\"><strong><span style=\"color: #282828;\">Ohjausj\u00e4nnite:<\/span><\/strong><\/p>\n<p>&nbsp;<\/p>\n<p><strong>Malli<\/strong><\/td>\n<td width=\"93\"><strong><span style=\"color: #282828;\">24 v<\/span><\/strong><\/p>\n<p>&nbsp;<\/p>\n<p><strong>Pk-4000g<\/strong><\/td>\n<\/tr>\n<\/tbody>\n<\/table>\n","protected":false},"excerpt":{"rendered":"<ul>\n<li tabindex=\"0\" role=\"label\">Hydraulinen 2-pilarinostin.<\/li>\n<li tabindex=\"0\" role=\"label\">400V<\/li>\n<li tabindex=\"0\" role=\"label\">Lattiavapaa.<\/li>\n<li tabindex=\"0\" role=\"label\">Nostokyky 4000kg.<\/li>\n<li tabindex=\"0\" role=\"label\">Nostokorkeus 100 \u2013 1900 mm.<\/li>\n<li tabindex=\"0\" role=\"label\">Automaattiset 24V turvalukot.<\/li>\n<li tabindex=\"0\" role=\"label\">Korkeus 3880mm<\/li>\n<li tabindex=\"0\" role=\"label\">230V pistorasia<\/li>\n<\/ul>\n<p>&nbsp;<\/p>\n<p><strong>PK-4000G<\/strong><\/p>\n<p>Laadukas lattiavapaa 2-pilarinostin, korkeampi ja leve\u00e4mpi\u00a0 kuin muut vastaavat nostimet.<\/p>\n<p>Pidemm\u00e4t nostovarret kuin vastaavat nostimet,\u00a0 soveltuu my\u00f6s pidempien autojen nostoon.<\/p>\n<p>S\u00e4\u00e4dett\u00e4v\u00e4t nostotallat ja pilarissa korotuspalojen s\u00e4ilytysteline, korotuspalat on saatavana lis\u00e4varusteena.<\/p>\n<p>&nbsp;<\/p>\n<p><strong>Korkea turvallisuus<\/strong><\/p>\n<div class=\"ts-lookup-pivot\">\n<div id=\"Lookup\" class=\"ts-pivot-lookup-component\">\n<div class=\"ms-Grid ts-grid\">\n<div class=\"ms-Grid-row\">\n<div class=\"ts-textfield-container \" lang=\"fi\">\n<div class=\"ts-alignment-view-container\">\n<p>PK-4000G:ss\u00e4 lukitusj\u00e4rjestelm\u00e4 aktivoituu automaattisesti, kun autoa nostetaan.<\/p>\n<p>Lis\u00e4ksi nostoprosessi pys\u00e4htyy, kun auto saavuttaa maksimikorkeuden, se takaa t\u00e4ydellisen turvallisuuden k\u00e4ytett\u00e4ess\u00e4.<\/p>\n<p>Vakiovarusteena ovien kolhusuojat.<\/p>\n<p>Nostimessa on h\u00e4t\u00e4pys\u00e4ytys.<\/p>\n<p>Yl\u00e4palkissa pehmustettu yl\u00e4rajapuomi, joka keskeytt\u00e4\u00e4 noston mik\u00e4li nostettava auto osuu siihen.<\/p>\n<\/div>\n<\/div>\n<\/div>\n<p>&nbsp;<\/p>\n<p><strong>Lattiavapaa<\/strong><\/p>\n<p>T\u00e4m\u00e4 helpottaa auton alla liikkumista ja esimerkiksi j\u00e4te\u00f6ljyvaunujen tai vaihteistonostinten k\u00e4ytt\u00f6\u00e4.<\/p>\n<div class=\"ms-Grid-row\">\n<div class=\"ts-textfield-container \" lang=\"fi\">\n<div class=\"ts-alignment-view-container\">\n<p>&nbsp;<\/p>\n<\/div>\n<\/div>\n<\/div>\n<p><img alt=\"\" fetchpriority=\"high\" decoding=\"async\" class=\"alignright wp-image-8853 size-medium\" src=\"http:\/\/toolhouse.fi\/wp-content\/uploads\/2022\/02\/4T-2-pilari-2-1-300x225.jpg\" alt=\"\" width=\"300\" height=\"225\" srcset=\"https:\/\/toolhouse.fi\/wp-content\/uploads\/2022\/02\/4T-2-pilari-2-1-300x225.jpg 300w, https:\/\/toolhouse.fi\/wp-content\/uploads\/2022\/02\/4T-2-pilari-2-1-510x383.jpg 510w, https:\/\/toolhouse.fi\/wp-content\/uploads\/2022\/02\/4T-2-pilari-2-1-768x576.jpg 768w, https:\/\/toolhouse.fi\/wp-content\/uploads\/2022\/02\/4T-2-pilari-2-1-400x300.jpg 400w, https:\/\/toolhouse.fi\/wp-content\/uploads\/2022\/02\/4T-2-pilari-2-1-700x525.jpg 700w, https:\/\/toolhouse.fi\/wp-content\/uploads\/2022\/02\/4T-2-pilari-2-1.jpg 1000w\" sizes=\"(max-width: 300px) 100vw, 300px\" \/><\/p>\n<\/div>\n<\/div>\n<p><strong>Automaattinen<\/strong><\/p>\n<p>Automaattisen nostimen etuna on vaivaton nosto- ja laskuprosessin hallinta.<\/p>\n<p>Ohjauspaneelin painikkeet ohjaavat kaikkea tarvitsematta vapauttaa lukkoa manuaalisesti jokaisessa pylv\u00e4\u00e4ss\u00e4.<\/p>\n<p>T\u00e4ss\u00e4 mallissa molemmissa pilareissa on 24v s\u00e4hk\u00f6magneetit, jotka poistavat lukitukset k\u00e4yt\u00f6st\u00e4 automaattisesti, kun ohjauspaneelin laskupainiketta painetaan.<\/p>\n<p><strong>Kest\u00e4vyys<\/strong><\/p>\n<p>Komponenteissa ja materiaaleissa korkein laatu. Ammattimaisesti valmistettu ja tarkat laatutestit takaavat luotettavan k\u00e4yt\u00f6n useiden vuosien ajan.<\/p>\n<p>Takuu 1 vuosi.<\/p>\n<p>Kaikki varaosat saatavilla!<\/p>\n<p>Suunniteltu perustuen kansainv\u00e4lisiin standardeihin, t\u00e4ytt\u00e4en korjaamojen vaatimukset<\/p>\n<p>CE-hyv\u00e4ksytty<\/p>\n<\/div>\n<p>Kaikki nostimet toimitetaan ilman hydrauli\u00f6ljyj\u00e4.<\/p>\n","protected":false},"featured_media":8860,"template":"","meta":{"_acf_changed":false,"_seopress_robots_primary_cat":"none","_seopress_titles_title":"","_seopress_titles_desc":"","_seopress_robots_index":""},"product_cat":[285,455,37],"product_tag":[],"class_list":{"0":"post-6682","1":"product","2":"type-product","3":"status-publish","4":"has-post-thumbnail","6":"product_cat-2-pilarinostimet","7":"product_cat-ajoneuvonostimet","8":"product_cat-autonostimet","9":"product_shipping_class-frakt149e-fi","11":"first","12":"instock","13":"sale","14":"taxable","15":"shipping-taxable","16":"purchasable","17":"product-type-simple","swatches":"rey-swatches","show_selected":""},"acf":[],"_links":{"self":[{"href":"https:\/\/toolhouse.fi\/fi\/wp-json\/wp\/v2\/product\/6682","targetHints":{"allow":["GET"]}}],"collection":[{"href":"https:\/\/toolhouse.fi\/fi\/wp-json\/wp\/v2\/product"}],"about":[{"href":"https:\/\/toolhouse.fi\/fi\/wp-json\/wp\/v2\/types\/product"}],"version-history":[{"count":2,"href":"https:\/\/toolhouse.fi\/fi\/wp-json\/wp\/v2\/product\/6682\/revisions"}],"predecessor-version":[{"id":28661,"href":"https:\/\/toolhouse.fi\/fi\/wp-json\/wp\/v2\/product\/6682\/revisions\/28661"}],"wp:featuredmedia":[{"embeddable":true,"href":"https:\/\/toolhouse.fi\/fi\/wp-json\/wp\/v2\/media\/8860"}],"wp:attachment":[{"href":"https:\/\/toolhouse.fi\/fi\/wp-json\/wp\/v2\/media?parent=6682"}],"wp:term":[{"taxonomy":"product_cat","embeddable":true,"href":"https:\/\/toolhouse.fi\/fi\/wp-json\/wp\/v2\/product_cat?post=6682"},{"taxonomy":"product_tag","embeddable":true,"href":"https:\/\/toolhouse.fi\/fi\/wp-json\/wp\/v2\/product_tag?post=6682"}],"curies":[{"name":"wp","href":"https:\/\/api.w.org\/{rel}","templated":true}]}}