{"id":6687,"date":"2022-02-13T12:44:09","date_gmt":"2022-02-13T10:44:09","guid":{"rendered":"https:\/\/toolhouse.fi\/produkt\/walter-gk-530-3-0-200-p\/"},"modified":"2022-08-16T04:21:59","modified_gmt":"2022-08-16T01:21:59","slug":"walter-gk-530-3-0-200-p","status":"publish","type":"product","link":"https:\/\/toolhouse.fi\/fi\/tuote\/walter-gk-530-3-0-200-p\/","title":{"rendered":"Walter GK 530-3.0 \/ 200 P Valurauta kompressori"},"content":{"rendered":"<table>\n<tbody>\n<tr>\n<td><span style=\"color: #282828;\"><strong><span class=\"\">Valmistaja<\/span><\/strong><\/span><\/td>\n<td><span style=\"color: #282828;\"><strong>Walter kompressortechnik<\/strong><\/span><\/td>\n<\/tr>\n<tr>\n<td><span style=\"color: #282828;\"><strong>Malli<\/strong><\/span><\/td>\n<td><span style=\"color: #282828;\"><strong>GK 530-3.0 \/ 200 P<\/strong><\/span><\/td>\n<\/tr>\n<tr>\n<td><span style=\"color: #282828;\"><strong>Imutuotto (L\/Min)<\/strong><\/span><\/td>\n<td><span style=\"color: #282828;\"><strong>530<\/strong><\/span><\/td>\n<\/tr>\n<tr>\n<td><span style=\"color: #282828;\"><strong>Painetuotto (L\/Min)<\/strong><\/span><\/td>\n<td><span style=\"color: #282828;\"><strong>440<\/strong><\/span><\/td>\n<\/tr>\n<tr>\n<td><span style=\"color: #282828;\"><strong>Paine (bar)<\/strong><\/span><\/td>\n<td><span style=\"color: #282828;\"><strong>10<\/strong><\/span><\/td>\n<\/tr>\n<tr>\n<td><span style=\"color: #282828;\"><strong>Teho (kW\/HP)<\/strong><\/span><\/td>\n<td><span style=\"color: #282828;\"><strong>3,0 \/ 4,0<\/strong><\/span><\/td>\n<\/tr>\n<tr>\n<td><span style=\"color: #282828;\"><strong>S\u00e4ili\u00f6n Tilavuus (L)<\/strong><\/span><\/td>\n<td><span style=\"color: #282828;\"><strong>200<\/strong><\/span><\/td>\n<\/tr>\n<tr>\n<td><span style=\"color: #282828;\"><strong>Sylinteri m\u00e4\u00e4r\u00e4<\/strong><\/span><\/td>\n<td><span style=\"color: #282828;\"><strong>3 kpl<\/strong><\/span><\/td>\n<\/tr>\n<tr>\n<td><span style=\"color: #282828;\"><strong>Py\u00f6rimisnopeus (rpm)<\/strong><\/span><\/td>\n<td><span style=\"color: #282828;\"><strong>1040<\/strong><\/span><\/td>\n<\/tr>\n<tr>\n<td><span style=\"color: #282828;\"><strong>Leveys (mm)<\/strong><\/span><\/td>\n<td><span style=\"color: #282828;\"><strong>490<\/strong><\/span><\/td>\n<\/tr>\n<tr>\n<td><span style=\"color: #282828;\"><strong>Korkeus (mm)<\/strong><\/span><\/td>\n<td><span style=\"color: #282828;\"><strong>1150<\/strong><\/span><\/td>\n<\/tr>\n<tr>\n<td><span style=\"color: #282828;\"><strong>Pituus (mm)<\/strong><\/span><\/td>\n<td><span style=\"color: #282828;\"><strong><span class=\"goog-text-highlight\">1460<\/span><\/strong><\/span><\/td>\n<\/tr>\n<\/tbody>\n<\/table>\n<table>\n<tbody>\n<tr>\n<td><span style=\"color: #282828;\"><strong>Paino (kg)<\/strong><\/span><\/p>\n<p><span style=\"color: #282828;\"><strong>Melutaso (dB)\u00a0 \u00a0 \u00a0 \u00a0 \u00a0 \u00a0 \u00a0 \u00a0 \u00a0 \u00a0 \u00a0<\/strong><\/span><\/td>\n<td><span style=\"color: #282828;\"><strong>150\u00a0 \u00a0 \u00a0<\/strong><\/span><\/p>\n<p><span style=\"color: #282828;\"><strong>80\u00a0 \u00a0 \u00a0 \u00a0 \u00a0 \u00a0 \u00a0 \u00a0 \u00a0 \u00a0 \u00a0 \u00a0 \u00a0 \u00a0 \u00a0 .<\/strong><\/span><\/td>\n<\/tr>\n<tr>\n<td><span style=\"color: #282828;\"><strong>J\u00e4nnite (V)<\/strong><\/span><\/td>\n<td><span style=\"color: #282828;\"><strong>400<\/strong><\/span><\/td>\n<\/tr>\n<tr>\n<td><span style=\"color: #282828;\"><strong>Valmistusmaa<\/strong><\/span><\/td>\n<td><span style=\"color: #282828;\"><strong>Puola<\/strong><\/span><\/td>\n<\/tr>\n<tr>\n<td><span style=\"color: #282828;\"><strong>Ce-hyv\u00e4ksytty<\/strong><\/span><\/td>\n<td><span style=\"color: #282828;\"><strong>Kyll\u00e4<\/strong><\/span><\/td>\n<\/tr>\n<tr>\n<td><span style=\"color: #282828;\"><strong>Takuu<\/strong><\/span><\/td>\n<td><span style=\"color: #282828;\"><strong>1 vuosi<\/strong><\/span><\/td>\n<\/tr>\n<\/tbody>\n<\/table>\n","protected":false},"excerpt":{"rendered":"<ul>\n<li>Valurauta kompressori<\/li>\n<li>3,0kw \/ 4,0hv<\/li>\n<li>Ilmas\u00e4ili\u00f6 200L<\/li>\n<li>Painetuotto 440L<\/li>\n<li>Imutuotto 530L<\/li>\n<li>10 Bar<\/li>\n<li>3 sylinterinen<\/li>\n<li>80dB<\/li>\n<\/ul>\n<p>Toimintavarma ja laadukas Walter kompressori vaativiin k\u00e4ytt\u00f6kohteisiin, tehokas 3kw moottori ja painetuotto 440 l\/min.<\/p>\n<p>Walterissa on valurautaiset pumppulohkot, sylinterit ja sylinterinkannet, mik\u00e4 takaa alhaiset melutasot, paremman j\u00e4\u00e4hdytyksen ja pitk\u00e4n k\u00e4ytt\u00f6i\u00e4n.<\/p>\n<p><em><span style=\"color: #ff0000;\"><a style=\"color: #ff0000;\" href=\"https:\/\/walterpolska.pl\/home-pl-pl.html\" target=\"_blank\" rel=\"noopener\">Walter Kompressortechnik <\/a><\/span><\/em>on yksi Euroopan johtavista kompressoreiden valmistajista,<\/p>\n<p>GK 530 on matalakierroksinen ja kest\u00e4v\u00e4 kompressori soveltuu ammattik\u00e4ytt\u00f6\u00f6n.<\/p>\n<p>&nbsp;<\/p>\n<p><a href=\"https:\/\/www.youtube.com\/channel\/UCo_P0IaSCzrIVU7rcPaavKg\/search?query=gk%20530\" target=\"_blank\" rel=\"noopener\"><span style=\"font-size: 120%; color: #ff0000;\"><em><strong>Linkki tuotevideoon<\/strong><\/em><\/span><\/a><\/p>\n","protected":false},"featured_media":9471,"template":"","meta":{"_acf_changed":false,"_seopress_robots_primary_cat":"","_seopress_titles_title":"","_seopress_titles_desc":"","_seopress_robots_index":""},"product_cat":[217,322],"product_tag":[],"class_list":{"0":"post-6687","1":"product","2":"type-product","3":"status-publish","4":"has-post-thumbnail","6":"product_cat-kompressori-ja-paineilma","7":"product_cat-kompressorit","8":"product_shipping_class-m-201-94e","10":"first","11":"outofstock","12":"taxable","13":"shipping-taxable","14":"purchasable","15":"product-type-simple","swatches":"rey-swatches","show_selected":""},"acf":[],"_links":{"self":[{"href":"https:\/\/toolhouse.fi\/fi\/wp-json\/wp\/v2\/product\/6687","targetHints":{"allow":["GET"]}}],"collection":[{"href":"https:\/\/toolhouse.fi\/fi\/wp-json\/wp\/v2\/product"}],"about":[{"href":"https:\/\/toolhouse.fi\/fi\/wp-json\/wp\/v2\/types\/product"}],"version-history":[{"count":0,"href":"https:\/\/toolhouse.fi\/fi\/wp-json\/wp\/v2\/product\/6687\/revisions"}],"wp:featuredmedia":[{"embeddable":true,"href":"https:\/\/toolhouse.fi\/fi\/wp-json\/wp\/v2\/media\/9471"}],"wp:attachment":[{"href":"https:\/\/toolhouse.fi\/fi\/wp-json\/wp\/v2\/media?parent=6687"}],"wp:term":[{"taxonomy":"product_cat","embeddable":true,"href":"https:\/\/toolhouse.fi\/fi\/wp-json\/wp\/v2\/product_cat?post=6687"},{"taxonomy":"product_tag","embeddable":true,"href":"https:\/\/toolhouse.fi\/fi\/wp-json\/wp\/v2\/product_tag?post=6687"}],"curies":[{"name":"wp","href":"https:\/\/api.w.org\/{rel}","templated":true}]}}