{"id":6806,"date":"2022-02-21T12:15:21","date_gmt":"2022-02-21T10:15:21","guid":{"rendered":"https:\/\/toolhouse.fi\/produkt\/sherman-cutter-90\/"},"modified":"2026-01-25T13:19:13","modified_gmt":"2026-01-25T11:19:13","slug":"sherman-cutter-90","status":"publish","type":"product","link":"https:\/\/toolhouse.fi\/fi\/tuote\/sherman-cutter-90\/","title":{"rendered":"Sherman Cutter 90"},"content":{"rendered":"<p>Valmistaja Sherman<\/p>\n<p>Malli Cutter 90, <strong>VERSIO 4<\/strong><\/p>\n<p>Sy\u00f6tt\u00f6j\u00e4nnite [V] AC 3\u00d7400 50Hz<\/p>\n<p>IGBT-valmistusteknologia<\/p>\n<p>Nimellisl\u00e4ht\u00f6virta [A] 85<\/p>\n<p>Ty\u00f6sykli [%] 60<\/p>\n<p>Maks. leikkauspaksuus [mm] 30<\/p>\n<p>Maks. virrankulutus [A] 18,7<\/p>\n<p>Maks. virrankulutus [kVA] 7,5<\/p>\n<p>Ilmavirta [m3 \/ min] 0,35<\/p>\n<p>Sis\u00e4nrakennettu painens\u00e4\u00e4din ja vedenerotin automaatti tyhjennyksell\u00e4<\/p>\n<p>HF-pilot arc sytytysmenetelm\u00e4<\/p>\n<p>Paino [kg] 29<\/p>\n<p>Mitat (P x L x K) [mm] 635x455x515<\/p>\n<p>HF, 2T \/ 4T, Pilot Arc, TEST-toiminto<\/p>\n<p>Portaaton virrans\u00e4\u00e4t\u00f6<\/p>\n<p>Poltinkaapeli [mm] 6000<\/p>\n<p>A-81 kahva<\/p>\n<p>Takuu 12 kuukautta<\/p>\n<p>Ce-hyv\u00e4ksytty<\/p>\n","protected":false},"excerpt":{"rendered":"<ul>\n<li>Versio 4<\/li>\n<li>Leikkauspaksuus 30mm<\/li>\n<li>400v<\/li>\n<li>85A<\/li>\n<li>HF, 2T \/ 4T, Pilot arc, TEST<\/li>\n<li>Poltinkaapeli 6 m<\/li>\n<\/ul>\n<h3><span style=\"color: #ffffff; background-color: #ff0000;\"><strong>\u00a0Tarjous\u00a0<\/strong><\/span><\/h3>\n<p><span style=\"font-size: 100%;\">Plasmaleikurin ostajalle suutinsetti\u00a0kaupan p\u00e4\u00e4lle,\u00a0sis\u00e4lt\u00e4\u00e4: suutin 3kpl ja elektrodi 3kpl. (arvo 27\u20ac).<\/span><\/p>\n<p>&nbsp;<\/p>\n<p><strong>CUTTER 90 V4<\/strong>\u00a0kuuluu IGBT 200kHz -tekniikalla valmistettuun uuteen laitesarjaan, jota leikkaa kaikkia s\u00e4hk\u00f6\u00e4 johtavia materiaaleja kuten ter\u00e4st\u00e4, rosteria, galvanoitua ter\u00e4st\u00e4, alumiinia, kuparia sek\u00e4 messinki\u00e4.<\/p>\n<p>&nbsp;<\/p>\n<p><strong>HF pilottikaarisytyts<\/strong><\/p>\n<p>Pilot Arc tehostaa leikkuuominaisuuksia ja nopeutta sek\u00e4 pident\u00e4\u00e4 suuttimen k\u00e4ytt\u00f6ik\u00e4\u00e4,<\/p>\n<p>se mahdollistaa my\u00f6s ruosteisen ja maalatun metallin leikkaamisen.<\/p>\n<p>&nbsp;<\/p>\n<p><strong>Test<\/strong>-toiminnolla ilmanvirtauksen tarkistamiseksi ja kondenssiveden poistaminen.<\/p>\n<p>&nbsp;<\/p>\n<p>Poltinkaapeli 6 m, A-81 kahvalla.<\/p>\n<p>2T \/ 4T-kytkimell\u00e4.<\/p>\n<p>Ilmanpaineen s\u00e4\u00e4t\u00e4minen ohjauspaneelista.<\/p>\n<p>Sis\u00e4nrakennettu painens\u00e4\u00e4din ja vedenerotin automaatti tyhjennyksell\u00e4<\/p>\n<p>Kaikki kulutusosat verkkokaupastamme heti varastosta.<\/p>\n<p><span style=\"color: #ff0000;\"><em><a style=\"color: #ff0000;\" href=\"https:\/\/www.youtube.com\/watch?v=4X6bAVm03mo\" target=\"_blank\" rel=\"noopener\">Linkki tuotevideoon<\/a><\/em><\/span><\/p>\n","protected":false},"featured_media":30784,"template":"","meta":{"_acf_changed":false,"_seopress_robots_primary_cat":"none","_seopress_titles_title":"","_seopress_titles_desc":"","_seopress_robots_index":""},"product_cat":[262,259],"product_tag":[],"class_list":{"0":"post-6806","1":"product","2":"type-product","3":"status-publish","4":"has-post-thumbnail","6":"product_cat-hitsaus-metallityo","7":"product_cat-plasmaleikkurit","8":"product_shipping_class-frakt-1590-fi","10":"first","11":"instock","12":"sale","13":"taxable","14":"shipping-taxable","15":"purchasable","16":"product-type-simple","swatches":"rey-swatches","show_selected":""},"acf":[],"_links":{"self":[{"href":"https:\/\/toolhouse.fi\/fi\/wp-json\/wp\/v2\/product\/6806","targetHints":{"allow":["GET"]}}],"collection":[{"href":"https:\/\/toolhouse.fi\/fi\/wp-json\/wp\/v2\/product"}],"about":[{"href":"https:\/\/toolhouse.fi\/fi\/wp-json\/wp\/v2\/types\/product"}],"version-history":[{"count":3,"href":"https:\/\/toolhouse.fi\/fi\/wp-json\/wp\/v2\/product\/6806\/revisions"}],"predecessor-version":[{"id":30798,"href":"https:\/\/toolhouse.fi\/fi\/wp-json\/wp\/v2\/product\/6806\/revisions\/30798"}],"wp:featuredmedia":[{"embeddable":true,"href":"https:\/\/toolhouse.fi\/fi\/wp-json\/wp\/v2\/media\/30784"}],"wp:attachment":[{"href":"https:\/\/toolhouse.fi\/fi\/wp-json\/wp\/v2\/media?parent=6806"}],"wp:term":[{"taxonomy":"product_cat","embeddable":true,"href":"https:\/\/toolhouse.fi\/fi\/wp-json\/wp\/v2\/product_cat?post=6806"},{"taxonomy":"product_tag","embeddable":true,"href":"https:\/\/toolhouse.fi\/fi\/wp-json\/wp\/v2\/product_tag?post=6806"}],"curies":[{"name":"wp","href":"https:\/\/api.w.org\/{rel}","templated":true}]}}