{"id":6842,"date":"2022-02-22T21:13:37","date_gmt":"2022-02-22T19:13:37","guid":{"rendered":"https:\/\/toolhouse.fi\/produkt\/kulutusosat-plasma-cutter-70-90\/"},"modified":"2026-04-20T19:53:43","modified_gmt":"2026-04-20T16:53:43","slug":"kulutusosat-plasma-cutter-70-90","status":"publish","type":"product","link":"https:\/\/toolhouse.fi\/fi\/tuote\/kulutusosat-plasma-cutter-70-90\/","title":{"rendered":"Plasmaleikkureiden 70 ja 90 kulutusosat"},"content":{"rendered":"","protected":false},"excerpt":{"rendered":"<p>Sherman 70 ja 90 alkuper\u00e4iset kulutusosat.<\/p>\n<p>&nbsp;<\/p>\n<ol>\n<li>Ilmaputki<\/li>\n<li>Elektrodi<\/li>\n<li>Suutin<\/li>\n<li>Py\u00f6rr\u00f6rengas<\/li>\n<li>Kaasukupu<\/li>\n<li>Leikkaustuki kapea<\/li>\n<li>Leikkaustuki jousi<\/li>\n<li>Leikkaustuki leve\u00e4<\/li>\n<\/ol>\n<p>&nbsp;<\/p>\n<p>Listalta saat valittua haluamasi kulutusosat ja lis\u00e4tty\u00e4 ne ostoskoriin. Eri kulutusosien hinnat n\u00e4kyv\u00e4t, kun valitsee kulutusosan.<\/p>\n","protected":false},"featured_media":6879,"template":"","meta":{"_acf_changed":false,"_seopress_robots_primary_cat":"","_seopress_titles_title":"","_seopress_titles_desc":"","_seopress_robots_index":"","_seopress_analysis_target_kw":""},"product_cat":[465,466],"product_tag":[],"class_list":{"0":"post-6842","1":"product","2":"type-product","3":"status-publish","4":"has-post-thumbnail","6":"product_cat-plasmaleikkaus","7":"product_cat-plasman-tarvikkeet","8":"product_shipping_class-tillbehor-590e","10":"first","11":"instock","12":"taxable","13":"shipping-taxable","14":"purchasable","15":"product-type-variable","swatches":"rey-swatches","show_selected":""},"acf":[],"_links":{"self":[{"href":"https:\/\/toolhouse.fi\/fi\/wp-json\/wp\/v2\/product\/6842","targetHints":{"allow":["GET"]}}],"collection":[{"href":"https:\/\/toolhouse.fi\/fi\/wp-json\/wp\/v2\/product"}],"about":[{"href":"https:\/\/toolhouse.fi\/fi\/wp-json\/wp\/v2\/types\/product"}],"version-history":[{"count":0,"href":"https:\/\/toolhouse.fi\/fi\/wp-json\/wp\/v2\/product\/6842\/revisions"}],"wp:featuredmedia":[{"embeddable":true,"href":"https:\/\/toolhouse.fi\/fi\/wp-json\/wp\/v2\/media\/6879"}],"wp:attachment":[{"href":"https:\/\/toolhouse.fi\/fi\/wp-json\/wp\/v2\/media?parent=6842"}],"wp:term":[{"taxonomy":"product_cat","embeddable":true,"href":"https:\/\/toolhouse.fi\/fi\/wp-json\/wp\/v2\/product_cat?post=6842"},{"taxonomy":"product_tag","embeddable":true,"href":"https:\/\/toolhouse.fi\/fi\/wp-json\/wp\/v2\/product_tag?post=6842"}],"curies":[{"name":"wp","href":"https:\/\/api.w.org\/{rel}","templated":true}]}}