{"id":7056,"date":"2022-03-01T13:35:15","date_gmt":"2022-03-01T11:35:15","guid":{"rendered":"https:\/\/toolhouse.fi\/produkt\/harppisarja-cutter-70-ja-90-plasmaleikkureille\/"},"modified":"2026-04-02T00:26:58","modified_gmt":"2026-04-01T21:26:58","slug":"harppisarja-cutter-70-ja-90-plasmaleikkureille","status":"publish","type":"product","link":"https:\/\/toolhouse.fi\/fi\/tuote\/harppisarja-cutter-70-ja-90-plasmaleikkureille\/","title":{"rendered":"Harppisarja cutter 70 ja 90 plasmaleikkureille"},"content":{"rendered":"","protected":false},"excerpt":{"rendered":"<p>Ympyr\u00f6iden ja kaarien leikkaukseen.<\/p>\n<p>Sarja sis\u00e4lt\u00e4\u00e4 kolme erilaista<br \/>\npolttimen kiinnityst\u00e4: k\u00e4rkituella, kaksipuolisella kiinnityksell\u00e4 ja magneettikiinnityksell\u00e4.<\/p>\n<p>Varret 250mm ja 400mm.<\/p>\n<p>&nbsp;<\/p>\n<p>Sopii Sherman Cutter 70 ja 90.<\/p>\n","protected":false},"featured_media":7055,"template":"","meta":{"_acf_changed":false,"_seopress_robots_primary_cat":"","_seopress_titles_title":"","_seopress_titles_desc":"","_seopress_robots_index":""},"product_cat":[465,259,466],"product_tag":[],"class_list":{"0":"post-7056","1":"product","2":"type-product","3":"status-publish","4":"has-post-thumbnail","6":"product_cat-plasmaleikkaus","7":"product_cat-plasmaleikkurit","8":"product_cat-plasman-tarvikkeet","9":"product_shipping_class-tillbehor-790e","11":"first","12":"outofstock","13":"taxable","14":"shipping-taxable","15":"purchasable","16":"product-type-simple","swatches":"rey-swatches","show_selected":""},"acf":[],"_links":{"self":[{"href":"https:\/\/toolhouse.fi\/fi\/wp-json\/wp\/v2\/product\/7056","targetHints":{"allow":["GET"]}}],"collection":[{"href":"https:\/\/toolhouse.fi\/fi\/wp-json\/wp\/v2\/product"}],"about":[{"href":"https:\/\/toolhouse.fi\/fi\/wp-json\/wp\/v2\/types\/product"}],"version-history":[{"count":0,"href":"https:\/\/toolhouse.fi\/fi\/wp-json\/wp\/v2\/product\/7056\/revisions"}],"wp:featuredmedia":[{"embeddable":true,"href":"https:\/\/toolhouse.fi\/fi\/wp-json\/wp\/v2\/media\/7055"}],"wp:attachment":[{"href":"https:\/\/toolhouse.fi\/fi\/wp-json\/wp\/v2\/media?parent=7056"}],"wp:term":[{"taxonomy":"product_cat","embeddable":true,"href":"https:\/\/toolhouse.fi\/fi\/wp-json\/wp\/v2\/product_cat?post=7056"},{"taxonomy":"product_tag","embeddable":true,"href":"https:\/\/toolhouse.fi\/fi\/wp-json\/wp\/v2\/product_tag?post=7056"}],"curies":[{"name":"wp","href":"https:\/\/api.w.org\/{rel}","templated":true}]}}